{"id":682,"date":"2022-07-31T20:07:10","date_gmt":"2022-07-31T20:07:10","guid":{"rendered":"http:\/\/jvgmac.local\/?page_id=682"},"modified":"2023-02-09T10:00:37","modified_gmt":"2023-02-09T08:00:37","slug":"nekluse","status":"publish","type":"page","link":"https:\/\/jvg.lv\/new\/?page_id=682","title":{"rendered":"&#8221;Neklus\u0113&#8221;"},"content":{"rendered":"\n<p>J\u016brmalas Valsts \u0123imn\u0101zija 2021.\/2022. m\u0101c\u012bbu gad\u0101 bija 1 no 54 izgl\u012bt\u012bbas iest\u0101d\u0113m Latvij\u0101, kas sadarbojas ar soci\u0101lo projektu \u201cNeklus\u0113\u201d. <\/p>\n\n\n\n<p>\u201cNeklus\u0113\u201d m\u0113r\u0137is ir mazin\u0101t mobingu Latvijas skol\u0101s, nodro\u0161inot skol\u0101m bezmaksas risin\u0101jumus mobinga mazin\u0101\u0161anai. Pieejamie risin\u0101jumi bija \u2013 mobil\u0101 lietotne skol\u0113niem, kur\u0101 skol\u0113ni anon\u012bmi var\u0113ja uzrakst\u012bt skolas atbalsta person\u0101lam vai psihologiem par savu probl\u0113mu un sa\u0146emt pal\u012bdz\u012bbu. <\/p>\n\n\n\n<p>K\u0101 ar\u012b apm\u0101c\u012bbas gan skol\u0113niem, gan pedagogien, gan vec\u0101kiem par mobingu un k\u0101 to mazin\u0101t.<\/p>\n\n\n\n<p>Links uz \u201cNeklus\u0113\u201d m\u0101jas lapu &#8211; <a href=\"https:\/\/nekluse.lv\/#par-projektu-lv\">https:\/\/nekluse.lv\/#par-projektu-lv<\/a><\/p>\n","protected":false},"excerpt":{"rendered":"<p>J\u016brmalas Valsts \u0123imn\u0101zija 2021.\/2022. m\u0101c\u012bbu gad\u0101 bija 1 no 54 izgl\u012bt\u012bbas iest\u0101d\u0113m Latvij\u0101, kas sadarbojas ar soci\u0101lo projektu \u201cNeklus\u0113\u201d. \u201cNeklus\u0113\u201d [&hellip;]<\/p>\n","protected":false},"author":1,"featured_media":0,"parent":191,"menu_order":0,"comment_status":"closed","ping_status":"closed","template":"","meta":{"ngg_post_thumbnail":0,"footnotes":""},"class_list":["post-682","page","type-page","status-publish","hentry"],"_links":{"self":[{"href":"https:\/\/jvg.lv\/new\/index.php?rest_route=\/wp\/v2\/pages\/682","targetHints":{"allow":["GET"]}}],"collection":[{"href":"https:\/\/jvg.lv\/new\/index.php?rest_route=\/wp\/v2\/pages"}],"about":[{"href":"https:\/\/jvg.lv\/new\/index.php?rest_route=\/wp\/v2\/types\/page"}],"author":[{"embeddable":true,"href":"https:\/\/jvg.lv\/new\/index.php?rest_route=\/wp\/v2\/users\/1"}],"replies":[{"embeddable":true,"href":"https:\/\/jvg.lv\/new\/index.php?rest_route=%2Fwp%2Fv2%2Fcomments&post=682"}],"version-history":[{"count":2,"href":"https:\/\/jvg.lv\/new\/index.php?rest_route=\/wp\/v2\/pages\/682\/revisions"}],"predecessor-version":[{"id":695,"href":"https:\/\/jvg.lv\/new\/index.php?rest_route=\/wp\/v2\/pages\/682\/revisions\/695"}],"up":[{"embeddable":true,"href":"https:\/\/jvg.lv\/new\/index.php?rest_route=\/wp\/v2\/pages\/191"}],"wp:attachment":[{"href":"https:\/\/jvg.lv\/new\/index.php?rest_route=%2Fwp%2Fv2%2Fmedia&parent=682"}],"curies":[{"name":"wp","href":"https:\/\/api.w.org\/{rel}","templated":true}]}}