{"id":681,"date":"2022-07-31T20:07:09","date_gmt":"2022-07-31T20:07:09","guid":{"rendered":"http:\/\/jvgmac.local\/?page_id=681"},"modified":"2022-07-31T20:10:47","modified_gmt":"2022-07-31T20:10:47","slug":"emu-skola","status":"publish","type":"page","link":"https:\/\/jvg.lv\/new\/?page_id=681","title":{"rendered":"EMU skola"},"content":{"rendered":"\n<p>\u201cEMU:Skola\u201d ir viens no risin\u0101jums, kas \u013cauj sekot l\u012bdzi b\u0113rnu emocion\u0101laj\u0101m vajadz\u012bb\u0101m skol\u0101 un saprast, vai b\u0113rns emocion\u0101li \u0161obr\u012bd sp\u0113j pilnv\u0113rt\u012bgi iesaist\u012bties m\u0101c\u012bbu proces\u0101.<\/p>\n\n\n\n<p>Ar\u012b J\u016brmalas Valsts \u0123imn\u0101zijas 2021.\/2022. m\u0101c\u012bbu gad\u0101 bija viena no projekta \u201cEMU:Skola\u201d dal\u012bbniekiem! Projekts ietver skol\u0113nu, vec\u0101ku un skolot\u0101ju elektronisku anket\u0113\u0161anu un rezult\u0101tu apkopo\u0161anu digit\u0101l\u0101 platform\u0101. \u201cEMU:Skola\u201d anketu nosl\u0113gumos pied\u0101v\u0101 ar\u012b konkr\u0113tu ieteikumus, metodikas no speci\u0101listiem, k\u0101 atbalst\u012bt b\u0113rnus. Anket\u0113\u0161ana notiek divos c\u0113lienos: pirm\u0101 anket\u0113\u0161ana \u2013 oktobris \u2013 novembris, otr\u0101 anket\u0113\u0161ana \u2013 marts \u2013 apr\u012blis. <\/p>\n\n\n\n<p>Ar\u012b 2022.\/2023. m\u0101c\u012bbu gad\u0101 \u0161is projekts J\u016brmalas Valsts \u0123imn\u0101zij\u0101 tiek pl\u0101nots turpin\u0101ts, jo tas sniedz lielisku iesp\u0113ju gan atbalsta person\u0101lam, gan p\u0101r\u0113jiem skolas darbiniekiem atkl\u0101t skol\u0113nu probl\u0113mas, kas trauc\u0113 m\u0101c\u012bbu procesam un p\u0113c iesp\u0113jas laic\u012bg\u0101k t\u0101s risin\u0101t.\u00a0<\/p>\n\n\n\n<p>Links uz EMU:Skola m\u0101jas lapu &#8211; <a href=\"https:\/\/skolas.emu.lv\/par-emu\/\">https:\/\/skolas.emu.lv\/par-emu\/<\/a><\/p>\n","protected":false},"excerpt":{"rendered":"<p>\u201cEMU:Skola\u201d ir viens no risin\u0101jums, kas \u013cauj sekot l\u012bdzi b\u0113rnu emocion\u0101laj\u0101m vajadz\u012bb\u0101m skol\u0101 un saprast, vai b\u0113rns emocion\u0101li \u0161obr\u012bd sp\u0113j [&hellip;]<\/p>\n","protected":false},"author":1,"featured_media":0,"parent":0,"menu_order":0,"comment_status":"closed","ping_status":"closed","template":"","meta":{"ngg_post_thumbnail":0,"footnotes":""},"class_list":["post-681","page","type-page","status-publish","hentry"],"_links":{"self":[{"href":"https:\/\/jvg.lv\/new\/index.php?rest_route=\/wp\/v2\/pages\/681","targetHints":{"allow":["GET"]}}],"collection":[{"href":"https:\/\/jvg.lv\/new\/index.php?rest_route=\/wp\/v2\/pages"}],"about":[{"href":"https:\/\/jvg.lv\/new\/index.php?rest_route=\/wp\/v2\/types\/page"}],"author":[{"embeddable":true,"href":"https:\/\/jvg.lv\/new\/index.php?rest_route=\/wp\/v2\/users\/1"}],"replies":[{"embeddable":true,"href":"https:\/\/jvg.lv\/new\/index.php?rest_route=%2Fwp%2Fv2%2Fcomments&post=681"}],"version-history":[{"count":3,"href":"https:\/\/jvg.lv\/new\/index.php?rest_route=\/wp\/v2\/pages\/681\/revisions"}],"predecessor-version":[{"id":694,"href":"https:\/\/jvg.lv\/new\/index.php?rest_route=\/wp\/v2\/pages\/681\/revisions\/694"}],"wp:attachment":[{"href":"https:\/\/jvg.lv\/new\/index.php?rest_route=%2Fwp%2Fv2%2Fmedia&parent=681"}],"curies":[{"name":"wp","href":"https:\/\/api.w.org\/{rel}","templated":true}]}}