{"id":61,"date":"2021-10-04T18:51:20","date_gmt":"2021-10-04T18:51:20","guid":{"rendered":"http:\/\/jvgmac.local\/?page_id=61"},"modified":"2022-12-06T18:00:13","modified_gmt":"2022-12-06T16:00:13","slug":"misija-vizija-vertibas","status":"publish","type":"page","link":"https:\/\/jvg.lv\/new\/?page_id=61","title":{"rendered":"Misija. V\u012bzija. V\u0113rt\u012bbas. Strat\u0113\u0123ija."},"content":{"rendered":"\n<p class=\"has-text-align-center\"><strong>J\u016brmalas Valsts \u0123imn\u0101zija \u0161odien<\/strong><\/p>\n\n\n\n<p><em>\u201cTe nu m\u0113s esam.<\/em><em><br><\/em><em>Debess no perlamutra,<\/em><em><br><\/em><em>t\u0101 ir t\u0101 glieme\u017en\u012bca,<\/em><em><br><\/em><em>kas p\u0101ri.<\/em><em><br><\/em><em>Un te mums ir j\u0101k\u013c\u016bst<\/em><em><br><\/em><em>par p\u0113rl\u0113m.\u201d<\/em><em><br><\/em><em>&nbsp;&nbsp;&nbsp;&nbsp;&nbsp;&nbsp;&nbsp;&nbsp;&nbsp;&nbsp;&nbsp;&nbsp;&nbsp;&nbsp; (O. V\u0101cietis)<\/em><\/p>\n\n\n\n<p class=\"has-text-align-left\">Pasaul\u0113, kur viss pl\u016bst, main\u0101s un atkal rodas no jauna, skola ir vieta, kur visskaidr\u0101k redzamas laika z\u012bmes \u2013 gan t\u0101s, kuras tiek saglab\u0101tas un tur\u0113tas god\u0101, gan t\u0101s, kuras liek strauj\u0101k pukst\u0113t sirdij, p\u0101rveidoties un arvien s\u0101kt kaut ko no jauna.<\/p>\n\n\n\n<p>J\u016brmalas Valsts \u0123imn\u0101zija \u0161odien ir p\u0101rmai\u0146\u0101m, laikam un cilv\u0113kiem atv\u0113rta skola ar t\u0101lejo\u0161iem m\u0113r\u0137iem un virz\u012bbu uz izcilu, laikmet\u012bgu, atpaz\u012bstamu un gudru izgl\u012bt\u012bbas iest\u0101di.<\/p>\n\n\n\n<p style=\"font-size:24px\">2019. gada 4. novembr\u012b par J\u016brmalas Valsts \u0123imn\u0101zijas direktori k\u013c\u016bst <strong>Ieva Taranda<\/strong>, atverot jaunu lapaspusi \u0161\u012bs skolas v\u0113stures gr\u0101mat\u0101.<\/p>\n\n\n\n<p>2020.\/2021. m\u0101c\u012bbu gads n\u0101ca ar nopietn\u0101m p\u0101rmai\u0146\u0101m \u2013 skolas \u0113kas Rai\u0146a iel\u0101 53 renov\u0101cijas uzs\u0101k\u0161ana, jaun\u0101 izgl\u012bt\u012bbas standarta ievie\u0161ana, izv\u0113\u013cu grozi un specifiski m\u0101c\u012bbu priek\u0161meti vidusskol\u0101, jaunu pedagogu piesaiste, att\u0101lin\u0101t\u0101 m\u0101c\u012bbu procesa organiz\u0113\u0161ana un kvalit\u0101tes nodro\u0161in\u0101\u0161ana.<\/p>\n\n\n\n<p>\u0160obr\u012bd notiek J\u016brmalas Valsts \u0123imn\u0101zijas \u0113kas p\u0101rb\u016bves b\u016bvprojekta realiz\u0101cija, kuru \u012bstenojot tiks izveidota moderna un m\u016bsdien\u012bga m\u0101c\u012bbu vide kompeten\u010du pieej\u0101 balst\u012bta m\u0101c\u012bbu satura sekm\u012bg\u0101kai realiz\u0113\u0161anai \u2013 tiks atjaunotas m\u0101c\u012bbu telpas, izveidota jauna multifunkcion\u0101la m\u0101c\u012bbu z\u0101le, pla\u0161a bibliot\u0113ka un las\u012btava, skolas \u0113k\u0101 tiks izveidotas telpas Re\u0123ion\u0101l\u0101 metodisk\u0101 centra darb\u012bbas nodro\u0161in\u0101\u0161anai. P\u0113c b\u016bvdarbu pabeig\u0161anas skola tiks apr\u012bkota ar ergonomisk\u0101m m\u0113bel\u0113m, inform\u0101cijas un komunik\u0101cijas tehniku, m\u0101c\u012bbu apr\u012bkojumu u.c. Projektu realiz\u0113 J\u016brmalas pils\u0113tas dome, \u012bstenojot Eiropas Re\u0123ion\u0101l\u0101s att\u012bst\u012bbas fonda projektu \u201cJ\u016brmalas pils\u0113tas visp\u0101r\u0113j\u0101s vid\u0113j\u0101s izgl\u012bt\u012bbas iest\u0101\u017eu infrastrukt\u016bras pilnveide\u201d (Nr.8.1.2.0\/18\/I\/006).<\/p>\n\n\n\n<p>Viens no izaicin\u0101jumiem bija programm\u0113\u0161anas m\u0101c\u012bbu priek\u0161meta nodro\u0161in\u0101\u0161ana 10. klases izv\u0113\u013cu groz\u0101 <em>Fizika un in\u017eenierzin\u0101tnes. <\/em>Direktores ideja par jomas profesion\u0101\u013cu piesaisti un programm\u0113\u0161anas apm\u0101c\u012bb\u0101m tie\u0161saist\u0113 k\u013cuva par realit\u0101ti \u2013 sadarb\u012bb\u0101 ar Eiropas Programm\u0113\u0161anas skolu Datorium tika uzs\u0101kts pirmais \u0161\u0101da veida pilotprojekts Latvij\u0101, kur\u0101 iesaist\u012bj\u0101s v\u0113l 4 skolas &#8211; Dobeles Valsts \u0123imn\u0101zija, Daugavpils Valsts \u0123imn\u0101zija, Ulbrokas vidusskola un J. G. Herdera R\u012bgas Gr\u012bzi\u0146kalna vidusskola -, t\u0101d\u0113j\u0101di 200 10. kla\u0161u skol\u0113ni no \u0161\u012bm skol\u0101m m\u0101c\u012bj\u0101s programm\u0113\u0161anu pamatkursa programmas visp\u0101r\u0113jai vid\u0113jai izgl\u012bt\u012bbai \u201cProgramm\u0113\u0161ana I\u201d ietvaros atbilsto\u0161i jaunajam izgl\u012bt\u012bbas standartam.&nbsp;<\/p>\n\n\n\n<p>2020. gada 14. oktobr\u012b Eiropas programm\u0113\u0161anas ned\u0113\u013cas ietvaros JV\u0122 sadarb\u012bb\u0101 ar \u201cDatorium\u201d organiz\u0113ja pirmo programm\u0113\u0161anas konferenci tie\u0161saist\u0113 <em>\u201cProgramm\u0113\u0161ana vidusskol\u0101 \u2013 n\u0101kotnes izaicin\u0101jums\u201d<\/em>, kur\u0101 piedal\u012bj\u0101s gan pa\u0161i skol\u0113ni un skolot\u0101ji no projekt\u0101 iesaist\u012btaj\u0101m skol\u0101m, gan Latvij\u0101 paz\u012bstami IT jomas speci\u0101listi, bet&nbsp; 2021.gada 7. apr\u012bl\u012b norisin\u0101j\u0101s jau otr\u0101 programm\u0113\u0161anas konference, kur\u0101 skolas dal\u012bj\u0101s ar savu pieredzi aizvad\u012bt\u0101 gada griezum\u0101. Konferenc\u0113 piedal\u012bj\u0101s 109 izgl\u012bt\u012bbas iest\u0101des, no kur\u0101m 25 jau 2021.\/2022. m\u0101c\u012bbu gad\u0101 uzs\u0101ks programm\u0113\u0161anu p\u0113c pilotprojekta parauga.<\/p>\n\n\n\n<p>J\u016brmalas Valsts \u0123imn\u0101zija 2021.\/2021. m\u0101c\u012bbu gad\u0101 ir uzs\u0101kusi akt\u012bvu sadarb\u012bbu ar Latvijas augst\u0101k\u0101s izgl\u012bt\u012bbas iest\u0101d\u0113m, lai kvalitat\u012bvi un m\u0113r\u0137tiec\u012bgi ieviestu kompeten\u010du pieeju m\u0101c\u012bbu proces\u0101 un sniegtu lab\u0101ko saviem skol\u0113niem.<\/p>\n\n\n\n<p>\u0160obr\u012bd \u0123imn\u0101zija ir nosl\u0113gusi sadarb\u012bbas l\u012bgumus ar piec\u0101m Latvijas augstskol\u0101m:<\/p>\n\n\n\n<ul class=\"wp-block-list\">\n<li>Ekonomikas un Kult\u016bras augstskola,<\/li>\n\n\n\n<li>Latvijas Universit\u0101te (\u012bpa\u0161a sadarb\u012bba ar LU Atomfizikas un spektroskopijas instit\u016btu),<\/li>\n\n\n\n<li>Latvijas M\u0101kslas akad\u0113mija,&nbsp;<\/li>\n\n\n\n<li>Banku augstskola,<\/li>\n\n\n\n<li>R\u012bgas Tehnisk\u0101 universit\u0101te.<\/li>\n<\/ul>\n\n\n\n<p>\u0160\u0101da sadarb\u012bba paver daudzveid\u012bgu pieredzes apmai\u0146u un rado\u0161as m\u0101c\u012bbu iesp\u0113jas gan skol\u0113niem un skolot\u0101jiem, gan studentiem, sniedz atbalstu zin\u0101tniski p\u0113tniecisko darbu izstr\u0101d\u0113, k\u0101 ar\u012b populariz\u0113 un pied\u0101v\u0101 iepaz\u012bties ar augstskolu studiju programm\u0101m ne tikai vidusskolas p\u0113d\u0113j\u0101s klas\u0113s, bet ar\u012b pamatizgl\u012bt\u012bbas otraj\u0101 posm\u0101.&nbsp;<\/p>\n\n\n\n<p>T\u0101pat 2020.\/2021. m. g. nosl\u0113gts l\u012bgums ar Junior Achievement Latvia, kas sniegs iesp\u0113ju ilgtermi\u0146\u0101 un metodiski nodro\u0161in\u0101t&nbsp; jaunie\u0161iem uz\u0146\u0113m\u0113jdarb\u012bbas izgl\u012bt\u012bbu.<\/p>\n\n\n\n<p>&nbsp;2020.\/2021.m. g. tika veiksm\u012bgi realiz\u0113ts soci\u0101l\u0101 dizaina projekts sadarb\u012bb\u0101 ar Latvijas M\u0101kslas akad\u0113miju, kura rezult\u0101t\u0101 tapa tie\u0161saistes rokasgr\u0101mata skolot\u0101jiem \u201cTie\u0161saiste IR\u201d. \u0160is projekts guva lielu atzin\u012bbu Latvijas izgl\u012bt\u012bbas iest\u0101d\u0113s.<\/p>\n\n\n\n<p>\u0160obr\u012bd fini\u0161a taisn\u0113 ieg\u0101jis v\u0113l viens soci\u0101l\u0101 dizaina projekts sadarb\u012bb\u0101 ar Latvijas M\u0101kslas akad\u0113miju&nbsp; &#8211; \u201cJ\u016brmala sarun\u0101jas\u201d, kur 10.1. klases jaunie\u0161i kop\u0101 ar studentiem izstr\u0101d\u0101ja idejas dz\u012bves kvalit\u0101tes uzlabo\u0161anai J\u016brmalas pils\u0113t\u0101 un sazi\u0146as veicin\u0101\u0161anai da\u017e\u0101du paaud\u017eu cilv\u0113ku vid\u016b.<\/p>\n\n\n\n<p>Akt\u012bvi notiek tie\u0161saistes vieslekcijas ar da\u017e\u0101du jomu speci\u0101listu dal\u012bbu, k\u0101 ar\u012b tiek likti pamati starptautiskiem projektiem, piem\u0113ram, 2021.\/2022.m. g. pl\u0101nots skol\u0113niem nodro\u0161in\u0101t iesp\u0113ju sadarboties ar LU Atomfizikas un spektroskopijas instit\u016bta studentiem Nordplus projekta ietvaros.<\/p>\n\n\n\n<p>Att\u0101lin\u0101t\u0101 m\u0101c\u012bbu procesa laik\u0101 J\u016brmalas Valsts \u0123imn\u0101zija uzs\u0101ka digit\u0101l\u0101s bibliot\u0113kas izveidi, realiz\u0113jot JV\u0122 TV, k\u0101 ietvaros skolot\u0101jiem bija iesp\u0113ja nofilm\u0113t konkr\u0113tas t\u0113mas izkl\u0101stu, t\u0101d\u0101 veid\u0101 \u0161o ierakstu v\u0113l\u0101k izmantojot k\u0101 m\u0101c\u012bbu materi\u0101lu skol\u0113niem un pieredzes apmai\u0146\u0101 ar kol\u0113\u0123iem. Darbs digit\u0101l\u0101s bibliot\u0113kas izveid\u0113 tiks turpin\u0101ts, ar\u012b uzs\u0101kot kl\u0101tienes m\u0101c\u012bbas, jo uzskat\u0101ms par m\u016bsdien\u012bgu un aktu\u0101lu m\u0101c\u012bbu procesa uzlabojumu un papildin\u0101jumu.<\/p>\n\n\n\n<p>J\u016brmalas Valsts \u0123imn\u0101zijas skolot\u0101ji dal\u012bju\u0161ies sav\u0101 pieredz\u0113 par att\u0101lin\u0101t\u0101 m\u0101c\u012bbu procesa izaicin\u0101jumiem, iesp\u0113j\u0101m un ieguvumiem digit\u0101lo r\u012bku mekl\u0113\u0161anas platformas O!Izgl\u012bt\u012bba Digit\u0101laj\u0101 Latvijas skolu Goda d\u0113l\u012b, kur apkopoti Latvijas skolu att\u0101lin\u0101t\u0101 m\u0101c\u012bbu procesa veiksmes st\u0101sti un atzi\u0146as n\u0101kotnei.<\/p>\n\n\n\n<p>Skola nekad vairs neb\u016bs t\u0101da, k\u0101da t\u0101 bija vakar, t\u0101d\u0113\u013c p\u0101rmai\u0146as vienm\u0113r prasa drosmi &#8211; drosmi grib\u0113t, uzdr\u012bkst\u0113ties un dar\u012bt lab\u0101ko, ko eso\u0161aj\u0101 situ\u0101cij\u0101 sp\u0113jam. Ejot ce\u013cu pirmo reizi, ir svar\u012bgi saredz\u0113t un sadzird\u0113t l\u012bdz\u012bgi dom\u0101jo\u0161os, kas tiecas uz risin\u0101jumiem un iesp\u0113j\u0101m.&nbsp;<\/p>\n\n\n\n<figure class=\"wp-block-pullquote\"><blockquote><p>M\u0113s pa\u0161i esam laiks, kuru dz\u012bvojam un kur\u0101 dz\u012bvojam katru dienu, katru stundu, katru mirkli, arvien tiecoties iem\u0101c\u012bties, apg\u016bt, saprast, pie\u0146emt, uzklaus\u012bt, iem\u012bl\u0113t kaut ko jaunu un nebiju\u0161u.<\/p><\/blockquote><\/figure>\n\n\n\n<div class=\"wp-block-columns is-layout-flex wp-container-core-columns-is-layout-9d6595d7 wp-block-columns-is-layout-flex\">\n<div class=\"wp-block-column is-layout-flow wp-block-column-is-layout-flow\" style=\"flex-basis:33.34%\">\n<figure class=\"wp-block-image aligncenter size-medium\"><a href=\"https:\/\/jvg.lv\/new\/wp-content\/uploads\/2022\/12\/JVG_misija_vizija_vertibas.jpg\"><img loading=\"lazy\" decoding=\"async\" width=\"212\" height=\"300\" src=\"https:\/\/jvg.lv\/new\/wp-content\/uploads\/2022\/12\/JVG_misija_vizija_vertibas-212x300.jpg\" alt=\"\" class=\"wp-image-1370\" srcset=\"https:\/\/jvg.lv\/new\/wp-content\/uploads\/2022\/12\/JVG_misija_vizija_vertibas-212x300.jpg 212w, https:\/\/jvg.lv\/new\/wp-content\/uploads\/2022\/12\/JVG_misija_vizija_vertibas-724x1024.jpg 724w, https:\/\/jvg.lv\/new\/wp-content\/uploads\/2022\/12\/JVG_misija_vizija_vertibas-768x1087.jpg 768w, https:\/\/jvg.lv\/new\/wp-content\/uploads\/2022\/12\/JVG_misija_vizija_vertibas-1086x1536.jpg 1086w, https:\/\/jvg.lv\/new\/wp-content\/uploads\/2022\/12\/JVG_misija_vizija_vertibas-1447x2048.jpg 1447w, https:\/\/jvg.lv\/new\/wp-content\/uploads\/2022\/12\/JVG_misija_vizija_vertibas.jpg 1721w\" sizes=\"auto, (max-width: 212px) 100vw, 212px\" \/><\/a><\/figure>\n<\/div>\n\n\n\n<div class=\"wp-block-column is-layout-flow wp-block-column-is-layout-flow\" style=\"flex-basis:33.34%\">\n<figure class=\"wp-block-image size-medium\"><a href=\"https:\/\/jvg.lv\/new\/wp-content\/uploads\/2022\/12\/JVG_strategija.jpg\"><img loading=\"lazy\" decoding=\"async\" width=\"212\" height=\"300\" src=\"https:\/\/jvg.lv\/new\/wp-content\/uploads\/2022\/12\/JVG_strategija-212x300.jpg\" alt=\"\" class=\"wp-image-1371\" srcset=\"https:\/\/jvg.lv\/new\/wp-content\/uploads\/2022\/12\/JVG_strategija-212x300.jpg 212w, https:\/\/jvg.lv\/new\/wp-content\/uploads\/2022\/12\/JVG_strategija-724x1024.jpg 724w, https:\/\/jvg.lv\/new\/wp-content\/uploads\/2022\/12\/JVG_strategija-768x1087.jpg 768w, https:\/\/jvg.lv\/new\/wp-content\/uploads\/2022\/12\/JVG_strategija-1086x1536.jpg 1086w, https:\/\/jvg.lv\/new\/wp-content\/uploads\/2022\/12\/JVG_strategija-1447x2048.jpg 1447w, https:\/\/jvg.lv\/new\/wp-content\/uploads\/2022\/12\/JVG_strategija.jpg 1721w\" sizes=\"auto, (max-width: 212px) 100vw, 212px\" \/><\/a><\/figure>\n<\/div>\n\n\n\n<div class=\"wp-block-column is-layout-flow wp-block-column-is-layout-flow\" style=\"flex-basis:33.33%\">\n<figure class=\"wp-block-image size-medium\"><a href=\"https:\/\/jvg.lv\/new\/wp-content\/uploads\/2022\/12\/JVG_prioritates.jpg\"><img loading=\"lazy\" decoding=\"async\" width=\"212\" height=\"300\" src=\"https:\/\/jvg.lv\/new\/wp-content\/uploads\/2022\/12\/JVG_prioritates-212x300.jpg\" alt=\"\" class=\"wp-image-1369\" srcset=\"https:\/\/jvg.lv\/new\/wp-content\/uploads\/2022\/12\/JVG_prioritates-212x300.jpg 212w, https:\/\/jvg.lv\/new\/wp-content\/uploads\/2022\/12\/JVG_prioritates-724x1024.jpg 724w, https:\/\/jvg.lv\/new\/wp-content\/uploads\/2022\/12\/JVG_prioritates-768x1087.jpg 768w, https:\/\/jvg.lv\/new\/wp-content\/uploads\/2022\/12\/JVG_prioritates-1086x1536.jpg 1086w, https:\/\/jvg.lv\/new\/wp-content\/uploads\/2022\/12\/JVG_prioritates-1447x2048.jpg 1447w, https:\/\/jvg.lv\/new\/wp-content\/uploads\/2022\/12\/JVG_prioritates.jpg 1721w\" sizes=\"auto, (max-width: 212px) 100vw, 212px\" \/><\/a><\/figure>\n<\/div>\n<\/div>\n","protected":false},"excerpt":{"rendered":"<p>J\u016brmalas Valsts \u0123imn\u0101zija \u0161odien \u201cTe nu m\u0113s esam.Debess no perlamutra,t\u0101 ir t\u0101 glieme\u017en\u012bca,kas p\u0101ri.Un te mums ir j\u0101k\u013c\u016bstpar p\u0113rl\u0113m.\u201d&nbsp;&nbsp;&nbsp;&nbsp;&nbsp;&nbsp;&nbsp;&nbsp;&nbsp;&nbsp;&nbsp;&nbsp;&nbsp;&nbsp; (O. [&hellip;]<\/p>\n","protected":false},"author":1,"featured_media":0,"parent":66,"menu_order":0,"comment_status":"closed","ping_status":"closed","template":"","meta":{"ngg_post_thumbnail":0,"footnotes":""},"class_list":["post-61","page","type-page","status-publish","hentry"],"_links":{"self":[{"href":"https:\/\/jvg.lv\/new\/index.php?rest_route=\/wp\/v2\/pages\/61","targetHints":{"allow":["GET"]}}],"collection":[{"href":"https:\/\/jvg.lv\/new\/index.php?rest_route=\/wp\/v2\/pages"}],"about":[{"href":"https:\/\/jvg.lv\/new\/index.php?rest_route=\/wp\/v2\/types\/page"}],"author":[{"embeddable":true,"href":"https:\/\/jvg.lv\/new\/index.php?rest_route=\/wp\/v2\/users\/1"}],"replies":[{"embeddable":true,"href":"https:\/\/jvg.lv\/new\/index.php?rest_route=%2Fwp%2Fv2%2Fcomments&post=61"}],"version-history":[{"count":10,"href":"https:\/\/jvg.lv\/new\/index.php?rest_route=\/wp\/v2\/pages\/61\/revisions"}],"predecessor-version":[{"id":1377,"href":"https:\/\/jvg.lv\/new\/index.php?rest_route=\/wp\/v2\/pages\/61\/revisions\/1377"}],"up":[{"embeddable":true,"href":"https:\/\/jvg.lv\/new\/index.php?rest_route=\/wp\/v2\/pages\/66"}],"wp:attachment":[{"href":"https:\/\/jvg.lv\/new\/index.php?rest_route=%2Fwp%2Fv2%2Fmedia&parent=61"}],"curies":[{"name":"wp","href":"https:\/\/api.w.org\/{rel}","templated":true}]}}