{"id":484,"date":"2022-01-26T18:30:57","date_gmt":"2022-01-26T18:30:57","guid":{"rendered":"http:\/\/jvgmac.local\/?page_id=484"},"modified":"2026-01-26T13:25:01","modified_gmt":"2026-01-26T11:25:01","slug":"skolas-padome","status":"publish","type":"page","link":"https:\/\/jvg.lv\/new\/?page_id=484","title":{"rendered":"Skolas padome"},"content":{"rendered":"\n<h4 class=\"wp-block-heading\">J\u016brmalas Valsts \u0123imn\u0101zijas padomes reglaments<\/h4>\n\n\n\n<div class=\"wp-block-buttons is-layout-flex wp-block-buttons-is-layout-flex\">\n<div class=\"wp-block-button is-style-outline is-style-outline--1\"><a class=\"wp-block-button__link wp-element-button\" href=\"https:\/\/jvg.lv\/new\/wp-content\/uploads\/2023\/06\/JVG_padomes_Reglaments_2023.pdf\">\u0160eit<\/a><\/div>\n<\/div>\n\n\n\n<h4 class=\"wp-block-heading\">J\u016brmalas Valsts \u0123imn\u0101zijas konferences protokols (08.11.2022.)<\/h4>\n\n\n\n<div class=\"wp-block-buttons is-layout-flex wp-block-buttons-is-layout-flex\">\n<div class=\"wp-block-button is-style-outline is-style-outline--2\"><a class=\"wp-block-button__link wp-element-button\" href=\"https:\/\/jvg.lv\/new\/wp-content\/uploads\/2022\/12\/JVG_konfer_protok_08_11_2022.docx\">\u0160eit<\/a><\/div>\n<\/div>\n\n\n\n<h4 class=\"wp-block-heading\">Skolas padomes sast\u0101vs<\/h4>\n\n\n\n<div class=\"wp-block-buttons is-layout-flex wp-block-buttons-is-layout-flex\">\n<div class=\"wp-block-button is-style-outline is-style-outline--3\"><a class=\"wp-block-button__link wp-element-button\" href=\"https:\/\/jvg.lv\/new\/wp-content\/uploads\/2026\/01\/skolas_padome_25_26.pdf\">\u0160eit<\/a><\/div>\n<\/div>\n\n\n\n<h3 class=\"wp-block-heading\">Protokoli<\/h3>\n\n\n\n<div class=\"wp-block-buttons is-layout-flex wp-block-buttons-is-layout-flex\">\n<div class=\"wp-block-button is-style-outline is-style-outline--4\"><a class=\"wp-block-button__link wp-element-button\" href=\"https:\/\/jvg.lv\/new\/wp-content\/uploads\/2023\/06\/JVG_padomes_protokols_2023_05_16.pdf\">16.05.2023. \u0160eit<\/a><\/div>\n<\/div>\n\n\n\n<div class=\"wp-block-buttons is-layout-flex wp-block-buttons-is-layout-flex\">\n<div class=\"wp-block-button is-style-outline is-style-outline--5\"><a class=\"wp-block-button__link wp-element-button\" href=\"https:\/\/jvg.lv\/new\/wp-content\/uploads\/2023\/01\/JVG_padomes_protokols_2022_12_13.pdf\">13.12.2022. \u0160eit<\/a><\/div>\n<\/div>\n\n\n\n<div class=\"wp-block-buttons is-layout-flex wp-block-buttons-is-layout-flex\">\n<div class=\"wp-block-button is-style-outline is-style-outline--6\"><a class=\"wp-block-button__link wp-element-button\" href=\"https:\/\/jvg.lv\/new\/wp-content\/uploads\/2022\/12\/JVG_padomes_protok_22_11_2022.pdf\">22.11.2022. \u0160eit<\/a><\/div>\n<\/div>\n","protected":false},"excerpt":{"rendered":"<p>J\u016brmalas Valsts \u0123imn\u0101zijas padomes reglaments J\u016brmalas Valsts \u0123imn\u0101zijas konferences protokols (08.11.2022.) Skolas padomes sast\u0101vs Protokoli<\/p>\n","protected":false},"author":1,"featured_media":0,"parent":0,"menu_order":0,"comment_status":"closed","ping_status":"closed","template":"","meta":{"ngg_post_thumbnail":0,"footnotes":""},"class_list":["post-484","page","type-page","status-publish","hentry"],"_links":{"self":[{"href":"https:\/\/jvg.lv\/new\/index.php?rest_route=\/wp\/v2\/pages\/484","targetHints":{"allow":["GET"]}}],"collection":[{"href":"https:\/\/jvg.lv\/new\/index.php?rest_route=\/wp\/v2\/pages"}],"about":[{"href":"https:\/\/jvg.lv\/new\/index.php?rest_route=\/wp\/v2\/types\/page"}],"author":[{"embeddable":true,"href":"https:\/\/jvg.lv\/new\/index.php?rest_route=\/wp\/v2\/users\/1"}],"replies":[{"embeddable":true,"href":"https:\/\/jvg.lv\/new\/index.php?rest_route=%2Fwp%2Fv2%2Fcomments&post=484"}],"version-history":[{"count":14,"href":"https:\/\/jvg.lv\/new\/index.php?rest_route=\/wp\/v2\/pages\/484\/revisions"}],"predecessor-version":[{"id":4774,"href":"https:\/\/jvg.lv\/new\/index.php?rest_route=\/wp\/v2\/pages\/484\/revisions\/4774"}],"wp:attachment":[{"href":"https:\/\/jvg.lv\/new\/index.php?rest_route=%2Fwp%2Fv2%2Fmedia&parent=484"}],"curies":[{"name":"wp","href":"https:\/\/api.w.org\/{rel}","templated":true}]}}