{"id":383,"date":"2021-10-11T17:47:21","date_gmt":"2021-10-11T17:47:21","guid":{"rendered":"http:\/\/jvgmac.local\/?page_id=383"},"modified":"2026-05-08T14:29:03","modified_gmt":"2026-05-08T11:29:03","slug":"edienkarte","status":"publish","type":"page","link":"https:\/\/jvg.lv\/new\/?page_id=383","title":{"rendered":"\u0112dienkarte"},"content":{"rendered":"\n<h4 class=\"wp-block-heading\">1. &#8211; 4. klas\u0113m<\/h4>\n\n\n\n<div class=\"wp-block-buttons is-layout-flex wp-block-buttons-is-layout-flex\">\n<div class=\"wp-block-button is-style-outline is-style-outline--1\"><a class=\"wp-block-button__link has-small-font-size has-custom-font-size wp-element-button\" href=\"https:\/\/jvg.lv\/new\/wp-content\/uploads\/2026\/05\/edienk_1_4_kl_11_15_maijs.pdf\">\u0160eit<\/a><\/div>\n<\/div>\n\n\n\n<h4 class=\"wp-block-heading\">5. &#8211; 9. klas\u0113m<\/h4>\n\n\n\n<div class=\"wp-block-buttons is-layout-flex wp-block-buttons-is-layout-flex\">\n<div class=\"wp-block-button is-style-outline is-style-outline--2\"><a class=\"wp-block-button__link has-small-font-size has-custom-font-size wp-element-button\" href=\"https:\/\/jvg.lv\/new\/wp-content\/uploads\/2026\/05\/edienk_5_9_kl_11_15_maijs.pdf\">\u0160eit<\/a><\/div>\n<\/div>\n\n\n\n<h4 class=\"wp-block-heading\">10. &#8211; 12. klas\u0113m<\/h4>\n\n\n\n<div class=\"wp-block-buttons has-custom-font-size has-medium-font-size is-layout-flex wp-block-buttons-is-layout-flex\">\n<div class=\"wp-block-button is-style-outline is-style-outline--3\"><a class=\"wp-block-button__link has-small-font-size has-custom-font-size wp-element-button\" href=\"https:\/\/jvg.lv\/new\/wp-content\/uploads\/2026\/05\/edienk_10_12_kl_11_15_maijs.pdf\">\u0160eit<\/a><\/div>\n<\/div>\n\n\n\n<h4 class=\"wp-block-heading\">Launags<\/h4>\n\n\n\n<div class=\"wp-block-buttons is-layout-flex wp-block-buttons-is-layout-flex\">\n<div class=\"wp-block-button is-style-outline is-style-outline--4\"><a class=\"wp-block-button__link has-small-font-size has-custom-font-size wp-element-button\" href=\"https:\/\/jvg.lv\/new\/wp-content\/uploads\/2026\/05\/launagi_11_15_maijs.pdf\">\u0160eit<\/a><\/div>\n<\/div>\n\n\n\n<p><\/p>\n","protected":false},"excerpt":{"rendered":"<p>1. &#8211; 4. klas\u0113m 5. &#8211; 9. klas\u0113m 10. &#8211; 12. klas\u0113m Launags<\/p>\n","protected":false},"author":1,"featured_media":0,"parent":66,"menu_order":0,"comment_status":"closed","ping_status":"closed","template":"","meta":{"ngg_post_thumbnail":0,"footnotes":""},"class_list":["post-383","page","type-page","status-publish","hentry"],"_links":{"self":[{"href":"https:\/\/jvg.lv\/new\/index.php?rest_route=\/wp\/v2\/pages\/383","targetHints":{"allow":["GET"]}}],"collection":[{"href":"https:\/\/jvg.lv\/new\/index.php?rest_route=\/wp\/v2\/pages"}],"about":[{"href":"https:\/\/jvg.lv\/new\/index.php?rest_route=\/wp\/v2\/types\/page"}],"author":[{"embeddable":true,"href":"https:\/\/jvg.lv\/new\/index.php?rest_route=\/wp\/v2\/users\/1"}],"replies":[{"embeddable":true,"href":"https:\/\/jvg.lv\/new\/index.php?rest_route=%2Fwp%2Fv2%2Fcomments&post=383"}],"version-history":[{"count":413,"href":"https:\/\/jvg.lv\/new\/index.php?rest_route=\/wp\/v2\/pages\/383\/revisions"}],"predecessor-version":[{"id":5030,"href":"https:\/\/jvg.lv\/new\/index.php?rest_route=\/wp\/v2\/pages\/383\/revisions\/5030"}],"up":[{"embeddable":true,"href":"https:\/\/jvg.lv\/new\/index.php?rest_route=\/wp\/v2\/pages\/66"}],"wp:attachment":[{"href":"https:\/\/jvg.lv\/new\/index.php?rest_route=%2Fwp%2Fv2%2Fmedia&parent=383"}],"curies":[{"name":"wp","href":"https:\/\/api.w.org\/{rel}","templated":true}]}}