{"id":381,"date":"2021-10-11T17:46:52","date_gmt":"2021-10-11T17:46:52","guid":{"rendered":"http:\/\/jvgmac.local\/?page_id=381"},"modified":"2025-09-09T18:25:09","modified_gmt":"2025-09-09T15:25:09","slug":"biblioteka","status":"publish","type":"page","link":"https:\/\/jvg.lv\/new\/?page_id=381","title":{"rendered":"Bibliot\u0113ka"},"content":{"rendered":"\n<figure class=\"wp-block-pullquote\"><blockquote><p>&#8220;No visiem pasaules br\u012bnumiem visbr\u012bnumain\u0101k\u0101 ir gr\u0101mata, un \u0161ais br\u012bnumos tu vari br\u012bvi ienirt. Tu vari sev\u012b uz\u0146emt visu, ko cilv\u0113ki gadu t\u016bksto\u0161os dom\u0101ju\u0161i un jutu\u0161i. T\u0101 ir tik liela laime, ka t\u0101d\u0113\u013c vien dz\u012bve j\u0101m\u012bl.&#8221;&nbsp;<\/p><cite>\/Zenta Mauri\u0146a\/<\/cite><\/blockquote><\/figure>\n\n\n\n<p><strong>Laipni aicin\u0101ti J\u016brmalas Valsts \u0123imn\u0101zijas bibliot\u0113k\u0101s:<\/strong><\/p>\n\n\n\n<ul class=\"wp-block-list\">\n<li><em>1. &#8211; 4. kla\u0161u bibliot\u0113ka &#8211; Skolas iela 3 (bibliot\u0113k\u0101re Laura Hme\u013c\u0146icka)<\/em><br>Darba laiks: 8<sup>00<\/sup> &#8211; 16<sup>00<\/sup><br>Sazi\u0146a: e-klase.lv<\/li>\n<\/ul>\n\n\n\n<ul class=\"wp-block-list\">\n<li><em>5. &#8211; 12. kla\u0161u bibliot\u0113ka\/las\u012btava -Rai\u0146a iela 55 (bibliot\u0113k\u0101re Krist\u012bne Melne)<\/em><br>Darba laiks: 8<sup>00<\/sup> &#8211; 16<sup>00<\/sup><br>Sazi\u0146a: e-klase.lv<\/li>\n<\/ul>\n\n\n\n<p class=\"has-small-font-size\"><em><strong>Par 5. un 6. kla\u0161u m\u0101c\u012bbu gr\u0101mat\u0101m sazin\u0101ties ar Lauru Hme\u013c\u0146icku<\/strong><\/em>.<\/p>\n\n\n\n<p><strong>Skolas bibliot\u0113kas darb\u012bbas priorit\u0101tes:<\/strong><\/p>\n\n\n\n<ul class=\"wp-block-list\">\n<li>pl\u0101not un organiz\u0113t bibliot\u0113kas darb\u012bbu, organiz\u0113t gr\u0101matu kr\u0101jumu fondu komplekt\u0113\u0161anu;<\/li>\n\n\n\n<li>nodro\u0161in\u0101t audz\u0113k\u0146us un skolot\u0101jus ar m\u0101c\u012bbu l\u012bdzek\u013ciem;<\/li>\n\n\n\n<li>nodro\u0161in\u0101t bibliot\u0113kas lietot\u0101jiem br\u012bvu pieeju da\u017e\u0101da veida inform\u0101cijai;<\/li>\n\n\n\n<li>atbalst\u012bt skolot\u0101jus m\u0101c\u012bbu priek\u0161metu programmu \u012bsteno\u0161an\u0101 un audzin\u0101\u0161anas darb\u0101;<\/li>\n\n\n\n<li>pal\u012bdz\u0113t audz\u0113k\u0146iem att\u012bst\u012bt patst\u0101v\u012bgas inform\u0101cijas atra\u0161anas, kritiskas izv\u0113rt\u0113\u0161anas un lieto\u0161anas prasmes;<\/li>\n\n\n\n<li>veicin\u0101t un uzlabot las\u012btprasmi;<\/li>\n\n\n\n<li>iesaist\u012bt audz\u0113k\u0146us las\u012b\u0161anas veicin\u0101\u0161anas projektos;<\/li>\n\n\n\n<li>sadarboties ar priek\u0161metu skolot\u0101jiem, metodiskaj\u0101m apvien\u012bb\u0101m un skolas atbalsta person\u0101lu;<\/li>\n\n\n\n<li>sniegt inform\u0101ciju par, ar skolu saist\u012bt\u0101m t\u0113m\u0101m;<\/li>\n\n\n\n<li>akt\u012bvi iesaist\u012bties skolas dz\u012bv\u0113 un sniegt atbalstu skolot\u0101jiem un darbiniekiem, ja tas ir nepiecie\u0161ams.<\/li>\n<\/ul>\n\n\n\n<p><\/p>\n\n\n\n<h4 class=\"wp-block-heading\">Elektroniskie resursi m\u0101c\u012bbu darbam un pa\u0161izzi\u0146ai:<\/h4>\n\n\n\n<p>Piesl\u0113gties iesp\u0113jams caur e-klases kontu:<\/p>\n\n\n\n<ul class=\"wp-block-list\">\n<li><a href=\"https:\/\/soma.lv\/\">https:\/\/soma.lv\/<\/a>&nbsp; (Lielv\u0101rds m\u0101c\u012bbu literat\u016bra)<\/li>\n\n\n\n<li><a href=\"https:\/\/soma.lv\/\">https:\/\/soma.lv\/<\/a>&nbsp; (Zvaigzne ABC m\u0101c\u012bbu literat\u016bra)<\/li>\n\n\n\n<li><a href=\"https:\/\/www.uzdevumi.lv\/\">https:\/\/www.uzdevumi.lv\/<\/a><\/li>\n\n\n\n<li><a href=\"https:\/\/www.letonika.lv\/\">https:\/\/www.letonika.lv\/<\/a><\/li>\n<\/ul>\n\n\n\n<p>Skolas bibliot\u0113k\u0101 pieejam\u0101s gr\u0101matas atrodamas ar\u012b J\u016brmalas Centr\u0101l\u0101s bibliot\u0113kas elektroniskaj\u0101 katalog\u0101 (var p\u0101rbaud\u012bt gr\u0101matas esam\u012bbu, bet nevar pas\u016bt\u012bt\/rezerv\u0113t):<\/p>\n\n\n\n<ul class=\"wp-block-list\">\n<li><a href=\"https:\/\/jurmala.biblioteka.lv\/Alise\/lv\/home.aspx\">https:\/\/jurmala.biblioteka.lv\/Alise\/lv\/home.aspx<\/a><\/li>\n<\/ul>\n\n\n\n<p><\/p>\n\n\n\n<p>Noder\u012bgi elektroniskie resursi:<\/p>\n\n\n\n<ul class=\"wp-block-list\">\n<li><a href=\"https:\/\/www.lndb.lv\/\">https:\/\/www.lndb.lv\/<\/a> (Latvijas Nacion\u0101l\u0101 bibliot\u0113kas digit\u0101l\u0101s kolekcijas un datu b\u0101zes)<\/li>\n\n\n\n<li><a href=\"http:\/\/gramatas.lndb.lv\/\">http:\/\/gramatas.lndb.lv\/<\/a> (no klasikas l\u012bdz specifiskai nozaru literat\u016brai vair\u0101k nek\u0101 6000 gr\u0101mat\u0101s)<\/li>\n\n\n\n<li><a href=\"http:\/\/periodika.lndb.lv\/\">http:\/\/periodika.lndb.lv\/<\/a> (periodika)<\/li>\n\n\n\n<li><a href=\"https:\/\/zudusilatvija.lv\/\">https:\/\/zudusilatvija.lv\/<\/a> (Zudus\u012b Latvija senos z\u012bm\u0113jumos, atkl\u0101tn\u0113s un fotogr\u0101fij\u0101s no 19.gs. beig\u0101m l\u012bdz m\u016bsdien\u0101m)<\/li>\n\n\n\n<li><a href=\"https:\/\/enciklopedija.lv\/\">https:\/\/enciklopedija.lv\/<\/a> (visp\u0101r\u0113js, pla\u0161s un past\u0101v\u012bg\u0101 att\u012bst\u012bb\u0101 eso\u0161s augstticamu zin\u0101\u0161anu resurss latvie\u0161u valod\u0101)<\/li>\n\n\n\n<li><a href=\"http:\/\/www.redzidzirdilatviju.lv\/lv\/\">http:\/\/www.redzidzirdilatviju.lv\/lv\/<\/a> (Latvijas Nacion\u0101l\u0101 arh\u012bva Latvijas Valsts kinofotofonodokumentu arh\u012bva audiovizu\u0101lo, foto un ska\u0146as dokumentu digit\u0101l\u0101 kr\u0101tuve)<\/li>\n\n\n\n<li><a href=\"https:\/\/www.liepu.lv\/lv\/942\/brivpieejas-eresursi\">https:\/\/www.liepu.lv\/lv\/942\/brivpieejas-eresursi<\/a> (apjom\u012bgi (vair\u0101k nek\u0101 20 sf\u0113ru) Liep\u0101jas Universit\u0101tes apkopoti br\u012bvpieejas resursi)<\/li>\n\n\n\n<li><a href=\"https:\/\/tezaurs.lv\/\">https:\/\/tezaurs.lv\/<\/a> (latvie\u0161u liter\u0101r\u0101s valodas v\u0101rdn\u012bca)<\/li>\n\n\n\n<li><a href=\"https:\/\/hugo.lv\/lv\">https:\/\/hugo.lv\/lv<\/a> (Valsts p\u0101rvaldes valodas r\u012bki: teksta tulko\u0161ana, runas atpaz\u012b\u0161ana un runas sint\u0113ze)<\/li>\n\n\n\n<li><a href=\"https:\/\/drossinternets.lv\/\">https:\/\/drossinternets.lv\/<\/a> (par dro\u0161u darbo\u0161anos internet\u0101)<\/li>\n\n\n\n<li><a href=\"https:\/\/news.lv\/library\">https:\/\/news.lv\/library<\/a> (m\u016bsdienu nacion\u0101lo un re\u0123ion\u0101lo laikrakstu publik\u0101cijas)<\/li>\n\n\n\n<li><a href=\"https:\/\/asakas.net\/pasakas\/\">https:\/\/asakas.net\/pasakas\/<\/a> (pasakas -gan las\u0101mas, gan klaus\u0101mas)<\/li>\n\n\n\n<li><a href=\"http:\/\/dainuskapis.lv\/\">http:\/\/dainuskapis.lv\/<\/a> (Kri\u0161j\u0101\u0146a Barona dainu skapis)<\/li>\n\n\n\n<li><a href=\"http:\/\/valoda.ailab.lv\/folklora\/ticejumi\/\">http:\/\/valoda.ailab.lv\/folklora\/ticejumi\/<\/a> (P\u0113tera \u0160mita apkopoti latvie\u0161u tautas tic\u0113jumi elektronisk\u0101 veid\u0101. Sak\u0101rtoti pa t\u0113m\u0101m, bet t\u0113mas &#8211; alfab\u0113tisk\u0101 sec\u012bb\u0101)<\/li>\n\n\n\n<li><a href=\"https:\/\/www.literatura.lv\/lv\/post\/index\">https:\/\/www.literatura.lv\/lv\/post\/index<\/a> (inform\u0101cija par latvie\u0161u literat\u016bru, autoriem, dai\u013cradi vai atsevi\u0161\u0137iem darbiem, dz\u012bves datiem un dz\u012bves viet\u0101m, k\u0101 ar\u012b par jaun\u0101ko latvie\u0161u literat\u016bras dz\u012bv\u0113)<\/li>\n\n\n\n<li><a href=\"http:\/\/www.arlugano.lv\/lv\/home\">http:\/\/www.arlugano.lv\/lv\/home<\/a> (Rai\u0146a un Aspazijas virtu\u0101lais muzejs)<\/li>\n<\/ul>\n\n\n\n<p><\/p>\n\n\n\n<p><a href=\"https:\/\/www.prakse.lv\/article\/344\/5-ieguvumi-ko-tev-spej-sniegt-gramatu-lasisana\">5 ieguvumi, ko tev sp\u0113j sniegt gr\u0101matu las\u012b\u0161ana.<\/a> <a href=\"https:\/\/www.prakse.lv\/article\/344\/5-ieguvumi-ko-tev-spej-sniegt-gramatu-lasisana\">https:\/\/www.prakse.lv\/article\/344\/5-ieguvumi-ko-tev-spej-sniegt-gramatu-lasisana<\/a><\/p>\n\n\n\n<p><a href=\"https:\/\/jauns.lv\/raksts\/sievietem\/404807-lasi-gramatas-un-dzivo-ilgak-14-ieguvumi-lasot-drukatu-gramatu-vismaz-pusstundu-diena\">Lasi gr\u0101matas un dz\u012bvo ilg\u0101k! 14 ieguvumi, lasot druk\u0101tu gr\u0101matu vismaz pusstundu dien\u0101.<\/a><\/p>\n\n\n\n<p><a href=\"https:\/\/jauns.lv\/raksts\/sievietem\/404807-lasi-gramatas-un-dzivo-ilgak-14-ieguvumi-lasot-drukatu-gramatu-vismaz-pusstundu-diena\">https:\/\/jauns.lv\/raksts\/sievietem\/404807-lasi-gramatas-un-dzivo-ilgak-14-ieguvumi-lasot-drukatu-gramatu-vismaz-pusstundu-diena<\/a><\/p>\n\n\n\n<figure class=\"wp-block-pullquote has-text-align-center\"><blockquote><p>&#8220;Las\u012bt\u0101js nodz\u012bvo t\u016bksto\u0161 dz\u012bves pirms nomirst. Cilv\u0113ks, kur\u0161 nelasa, izdz\u012bvo tikai vienu.&#8221;&nbsp;<\/p><cite>\/D\u017e. R. M\u0101rtins &#8220;Deja ar p\u016b\u0137iem&#8221;\/&nbsp;<\/cite><\/blockquote><\/figure>\n\n\n\n<p class=\"has-text-align-center\"><\/p>\n\n\n\n<figure class=\"wp-block-image aligncenter size-large is-resized\"><a href=\"https:\/\/jvg.lv\/new\/wp-content\/uploads\/2025\/09\/ALISEpac.png\"><img loading=\"lazy\" decoding=\"async\" width=\"1024\" height=\"522\" src=\"https:\/\/jvg.lv\/new\/wp-content\/uploads\/2025\/09\/ALISEpac-1024x522.png\" alt=\"\" class=\"wp-image-4456\" style=\"width:500px\" srcset=\"https:\/\/jvg.lv\/new\/wp-content\/uploads\/2025\/09\/ALISEpac-1024x522.png 1024w, https:\/\/jvg.lv\/new\/wp-content\/uploads\/2025\/09\/ALISEpac-300x153.png 300w, https:\/\/jvg.lv\/new\/wp-content\/uploads\/2025\/09\/ALISEpac-768x391.png 768w, https:\/\/jvg.lv\/new\/wp-content\/uploads\/2025\/09\/ALISEpac.png 1280w\" sizes=\"auto, (max-width: 1024px) 100vw, 1024px\" \/><\/a><\/figure>\n\n\n\n<p class=\"has-text-align-center\"><\/p>\n\n\n\n<p><\/p>\n","protected":false},"excerpt":{"rendered":"<p>&#8220;No visiem pasaules br\u012bnumiem visbr\u012bnumain\u0101k\u0101 ir gr\u0101mata, un \u0161ais br\u012bnumos tu vari br\u012bvi ienirt. Tu vari sev\u012b uz\u0146emt visu, ko [&hellip;]<\/p>\n","protected":false},"author":1,"featured_media":0,"parent":66,"menu_order":0,"comment_status":"closed","ping_status":"closed","template":"","meta":{"ngg_post_thumbnail":0,"footnotes":""},"class_list":["post-381","page","type-page","status-publish","hentry"],"_links":{"self":[{"href":"https:\/\/jvg.lv\/new\/index.php?rest_route=\/wp\/v2\/pages\/381","targetHints":{"allow":["GET"]}}],"collection":[{"href":"https:\/\/jvg.lv\/new\/index.php?rest_route=\/wp\/v2\/pages"}],"about":[{"href":"https:\/\/jvg.lv\/new\/index.php?rest_route=\/wp\/v2\/types\/page"}],"author":[{"embeddable":true,"href":"https:\/\/jvg.lv\/new\/index.php?rest_route=\/wp\/v2\/users\/1"}],"replies":[{"embeddable":true,"href":"https:\/\/jvg.lv\/new\/index.php?rest_route=%2Fwp%2Fv2%2Fcomments&post=381"}],"version-history":[{"count":25,"href":"https:\/\/jvg.lv\/new\/index.php?rest_route=\/wp\/v2\/pages\/381\/revisions"}],"predecessor-version":[{"id":4458,"href":"https:\/\/jvg.lv\/new\/index.php?rest_route=\/wp\/v2\/pages\/381\/revisions\/4458"}],"up":[{"embeddable":true,"href":"https:\/\/jvg.lv\/new\/index.php?rest_route=\/wp\/v2\/pages\/66"}],"wp:attachment":[{"href":"https:\/\/jvg.lv\/new\/index.php?rest_route=%2Fwp%2Fv2%2Fmedia&parent=381"}],"curies":[{"name":"wp","href":"https:\/\/api.w.org\/{rel}","templated":true}]}}