{"id":375,"date":"2021-10-11T17:42:09","date_gmt":"2021-10-11T17:42:09","guid":{"rendered":"http:\/\/jvgmac.local\/?page_id=375"},"modified":"2025-12-05T14:15:00","modified_gmt":"2025-12-05T12:15:00","slug":"skolas-vesture","status":"publish","type":"page","link":"https:\/\/jvg.lv\/new\/?page_id=375","title":{"rendered":"Skolas v\u0113sture"},"content":{"rendered":"\n<div class=\"wp-block-cover is-light\"><img loading=\"lazy\" decoding=\"async\" width=\"1024\" height=\"683\" class=\"wp-block-cover__image-background wp-image-4653 size-large\" alt=\"\" src=\"https:\/\/jvg.lv\/new\/wp-content\/uploads\/2025\/12\/vecaas_trepes-1024x683.jpg\" style=\"object-position:36% 26%\" data-object-fit=\"cover\" data-object-position=\"36% 26%\" srcset=\"https:\/\/jvg.lv\/new\/wp-content\/uploads\/2025\/12\/vecaas_trepes-1024x683.jpg 1024w, https:\/\/jvg.lv\/new\/wp-content\/uploads\/2025\/12\/vecaas_trepes-300x200.jpg 300w, https:\/\/jvg.lv\/new\/wp-content\/uploads\/2025\/12\/vecaas_trepes-768x512.jpg 768w, https:\/\/jvg.lv\/new\/wp-content\/uploads\/2025\/12\/vecaas_trepes-1536x1024.jpg 1536w, https:\/\/jvg.lv\/new\/wp-content\/uploads\/2025\/12\/vecaas_trepes-2048x1365.jpg 2048w, https:\/\/jvg.lv\/new\/wp-content\/uploads\/2025\/12\/vecaas_trepes-600x400.jpg 600w\" sizes=\"auto, (max-width: 1024px) 100vw, 1024px\" \/><span aria-hidden=\"true\" class=\"wp-block-cover__background has-background-dim\" style=\"background-color:#b5b7af\"><\/span><div class=\"wp-block-cover__inner-container is-layout-flow wp-block-cover-is-layout-flow\">\n<p class=\"has-text-align-center has-white-color has-text-color has-large-font-size\" style=\"font-style:normal;font-weight:700\"><strong><em>\u201cK\u0101 tr\u012bsk\u0101rtu kl\u0101jiens \u2013 saist\u012bba ar pag\u0101tni, atbild\u012bba par \u0161odienu, r\u016bpes par n\u0101kotni &#8211; \u2026veido m\u016bsu izpratni par dz\u012bvi.\u201d<\/em><\/strong><\/p>\n\n\n\n<p class=\"has-text-align-right has-white-color has-text-color has-huge-font-size\"><strong><em>(M\u0101ris \u010caklais)<\/em><\/strong><\/p>\n<\/div><\/div>\n\n\n\n<p><br>Zi\u0146as par izgl\u012bt\u012bbu Slok\u0101 dokumentos pirmo reizi min\u0113tas 1745. gad\u0101. \u0160im notikumam velt\u012bts 1995. gad\u0101 atkl\u0101tais piemi\u0146as akmens ar uzrakstu \u201cIzgl\u012bt\u012bbai Slok\u0101 \u2013 250\u201d pie tagad\u0113j\u0101s Slokas pamatskolas \u0113kas.<\/p>\n\n\n\n<p>J\u016brmalas Valsts \u0123imn\u0101zijas aizs\u0101kumi mekl\u0113jami 1911. gad\u0101, kad Skolas iel\u0101 3 s\u0101k darboties skola. 1945. gad\u0101 tur uzs\u0101k m\u0101c\u012bbas pirmie vidusskol\u0113ni, un \u0161is notikums aizs\u0101k jaunu lappusi skolas v\u0113stur\u0113 \u2013 tas ir Slokas 1. vidusskolas laiks.<\/p>\n\n\n\n<p>Izveidojoties J\u016brmalas pils\u0113tai (1959), 1960. gada 13. janv\u0101r\u012b Slokas 1. vidusskola ieg\u016bst <strong>J\u016brmalas 1. vidusskolas nosaukumu.<\/strong><\/p>\n\n\n\n<div class=\"wp-block-cover is-light\"><img loading=\"lazy\" decoding=\"async\" width=\"2189\" height=\"1459\" class=\"wp-block-cover__image-background wp-image-421\" alt=\"\" src=\"http:\/\/jvgmac.local\/wp-content\/uploads\/2021\/10\/IMG_4938.jpg\" data-object-fit=\"cover\" srcset=\"https:\/\/jvg.lv\/new\/wp-content\/uploads\/2021\/10\/IMG_4938.jpg 2189w, https:\/\/jvg.lv\/new\/wp-content\/uploads\/2021\/10\/IMG_4938-300x200.jpg 300w, https:\/\/jvg.lv\/new\/wp-content\/uploads\/2021\/10\/IMG_4938-1024x683.jpg 1024w, https:\/\/jvg.lv\/new\/wp-content\/uploads\/2021\/10\/IMG_4938-768x512.jpg 768w, https:\/\/jvg.lv\/new\/wp-content\/uploads\/2021\/10\/IMG_4938-1536x1024.jpg 1536w, https:\/\/jvg.lv\/new\/wp-content\/uploads\/2021\/10\/IMG_4938-2048x1365.jpg 2048w, https:\/\/jvg.lv\/new\/wp-content\/uploads\/2021\/10\/IMG_4938-600x400.jpg 600w\" sizes=\"auto, (max-width: 2189px) 100vw, 2189px\" \/><span aria-hidden=\"true\" class=\"wp-block-cover__background has-background-dim\"><\/span><div class=\"wp-block-cover__inner-container is-layout-flow wp-block-cover-is-layout-flow\">\n<p class=\"has-text-align-center has-white-color has-text-color has-link-color has-large-font-size wp-elements-387562ff37addadafc33222de77dbb6e\"><strong><em>\u201cVietas saj\u016bta un laika izj\u016bta tik piln\u012bg\u0101, intens\u012bv\u0101 pak\u0101p\u0113 \u2013 vai tas nav tas, ko m\u0113s saucam par m\u0101ju saj\u016btu?\u201d <\/em><\/strong><\/p>\n\n\n\n<p class=\"has-text-align-right has-white-color has-text-color has-large-font-size\"><strong><em>(M\u0101ris \u010caklais)<\/em><\/strong><\/p>\n<\/div><\/div>\n\n\n\n<p><\/p>\n\n\n\n<p>1973. gada novembr\u012b tiek iem\u016br\u0113ts pamatakmens jaunajai skolas \u0113kai Rai\u0146a iel\u0101 53, un jau 1974.\/1975. m\u0101c\u012bbu gad\u0101 skolas gaitas \u0161eit uzs\u0101k 1086 skol\u0113ni. Par jaun\u0101s skolas pirmo direktori k\u013c\u016bst V\u0113sma Reinkaite, savuk\u0101rt 1975. gada ruden\u012b J\u016brmalas 1. vidusskolas vad\u012bbu p\u0101r\u0146em J\u0101nis Kindzulis. Vi\u0146a laiks \u2013 p\u0101rmai\u0146\u0101m, trad\u012bcij\u0101m, notikumiem, pan\u0101kumiem, kr\u0101s\u0101m un sap\u0146iem piepild\u012bts \u2013 ilgst 28 gadu garum\u0101.<\/p>\n\n\n\n<p><strong>1998. gad\u0101 skola ieg\u016bst pils\u0113tas \u0123imn\u0101zijas statusu, k\u013c\u016bstot par J\u016brmalas 1. \u0123imn\u0101ziju.<\/strong> Tas ir neatlaid\u012bga darba rezult\u0101ts un apliecin\u0101jums augstiem m\u0101c\u012bbu sasniegumiem. 14. novembr\u012b skolas jaunais karogs tiek iesv\u0113t\u012bts Slokas eva\u0146\u0123\u0113liski luteriskaj\u0101 bazn\u012bc\u0101.<\/p>\n\n\n\n<p>2001. gad\u0101 J\u016brmalas 1. \u0123imn\u0101zij\u0101 notiek reorganiz\u0101cija \u2013 tiek atdal\u012btas 1. \u2013 6. klases, t\u0101 izveidojot patst\u0101v\u012bgu m\u0101c\u012bbu iest\u0101di \u2013 s\u0101kumskolu \u201dAtvase.\u201d<\/p>\n\n\n\n<p>2003. gad\u0101 par skolas direktori k\u013c\u016bst Sandra Rone, un s\u0101kas atkal jauns posms \u2013 ideju, iesp\u0113ju, starptautisku sadarb\u012bbas projektu, inov\u0101ciju un p\u0101rmai\u0146u laiks.<\/p>\n\n\n\n<p>\u0145emot v\u0113r\u0101 J\u016brmalas 1. \u0123imn\u0101zijas augstos m\u0101c\u012bbu un audzin\u0101\u0161anas darba pan\u0101kumus, <strong>2008. gad\u0101 skolai tiek pie\u0161\u0137irts valsts \u0123imn\u0101zijas statuss, t\u0101 ieg\u016bst nosaukumu \u2013 J\u016brmalas Valsts \u0123imn\u0101zija.<\/strong><\/p>\n\n\n\n<div class=\"wp-block-cover is-light\"><img loading=\"lazy\" decoding=\"async\" width=\"2189\" height=\"1459\" class=\"wp-block-cover__image-background wp-image-420\" alt=\"\" src=\"http:\/\/jvgmac.local\/wp-content\/uploads\/2021\/10\/IMG_4966.jpg\" data-object-fit=\"cover\" srcset=\"https:\/\/jvg.lv\/new\/wp-content\/uploads\/2021\/10\/IMG_4966.jpg 2189w, https:\/\/jvg.lv\/new\/wp-content\/uploads\/2021\/10\/IMG_4966-300x200.jpg 300w, https:\/\/jvg.lv\/new\/wp-content\/uploads\/2021\/10\/IMG_4966-1024x683.jpg 1024w, https:\/\/jvg.lv\/new\/wp-content\/uploads\/2021\/10\/IMG_4966-768x512.jpg 768w, https:\/\/jvg.lv\/new\/wp-content\/uploads\/2021\/10\/IMG_4966-1536x1024.jpg 1536w, https:\/\/jvg.lv\/new\/wp-content\/uploads\/2021\/10\/IMG_4966-2048x1365.jpg 2048w, https:\/\/jvg.lv\/new\/wp-content\/uploads\/2021\/10\/IMG_4966-600x400.jpg 600w\" sizes=\"auto, (max-width: 2189px) 100vw, 2189px\" \/><span aria-hidden=\"true\" class=\"wp-block-cover__background has-background-dim\"><\/span><div class=\"wp-block-cover__inner-container is-layout-flow wp-block-cover-is-layout-flow\">\n<p class=\"has-text-align-center has-white-color has-text-color has-large-font-size\"><strong><em>\u201cIr cilv\u0113ki, kuriem nekas nav j\u0101saka, kuriem nav j\u0101run\u0101 \u2013 pietiek ar to, ka vi\u0146i ir kl\u0101t, un notikums ieg\u016bst papildu noz\u012bm\u012bbu. Jaunu dimensiju. \u201c <\/em><\/strong><\/p>\n\n\n\n<p class=\"has-text-align-right has-white-color has-text-color has-large-font-size\"><strong><em>(M\u0101ris \u010caklais)<\/em><\/strong><\/p>\n<\/div><\/div>\n\n\n\n<p><\/p>\n\n\n\n<p>Skola nav tikai \u0113ka, kabineti, zvans uz stundu vai m\u0101c\u012bbu gr\u0101matu kaudz\u012bte plaukt\u0101. <strong>Skola vispirms ir cilv\u0113ki<\/strong> \u2013 skol\u0113ni, skolot\u0101ji, tehniskie darbinieki, skol\u0113nu vec\u0101ki -, kuru kl\u0101tb\u016btne, sarunas, smiekli, klus\u0113\u0161ana, prieks un ar\u012b skumjas piepilda telpu un veido izpratni par to, k\u0101da tad ir \u0161\u012b vieta \u2013 mana skola. <\/p>\n\n\n\n<p>Katrs no vi\u0146iem ir atst\u0101jis savu nospiedumu skolas v\u0113stur\u0113, un tas nemain\u012bsies, kam\u0113r vien 1. septembr\u012b atkal un atkal no jauna savas durvis v\u0113rs J<strong>\u016brmalas Valsts \u0123imn\u0101zija.<\/strong><\/p>\n\n\n\n<figure class=\"wp-block-image size-large\"><img loading=\"lazy\" decoding=\"async\" width=\"1024\" height=\"683\" src=\"http:\/\/jvg.lv\/new\/wp-content\/uploads\/2021\/10\/IMG_4946-1024x683.jpg\" alt=\"\" class=\"wp-image-417\"\/><figcaption class=\"wp-element-caption\">J\u016brmalas Valsts \u0123imn\u0101zija &#8211; rekonstrukcijas darbi<\/figcaption><\/figure>\n","protected":false},"excerpt":{"rendered":"<p>Zi\u0146as par izgl\u012bt\u012bbu Slok\u0101 dokumentos pirmo reizi min\u0113tas 1745. gad\u0101. \u0160im notikumam velt\u012bts 1995. gad\u0101 atkl\u0101tais piemi\u0146as akmens ar uzrakstu [&hellip;]<\/p>\n","protected":false},"author":1,"featured_media":0,"parent":66,"menu_order":0,"comment_status":"closed","ping_status":"closed","template":"","meta":{"ngg_post_thumbnail":0,"footnotes":""},"class_list":["post-375","page","type-page","status-publish","hentry"],"_links":{"self":[{"href":"https:\/\/jvg.lv\/new\/index.php?rest_route=\/wp\/v2\/pages\/375","targetHints":{"allow":["GET"]}}],"collection":[{"href":"https:\/\/jvg.lv\/new\/index.php?rest_route=\/wp\/v2\/pages"}],"about":[{"href":"https:\/\/jvg.lv\/new\/index.php?rest_route=\/wp\/v2\/types\/page"}],"author":[{"embeddable":true,"href":"https:\/\/jvg.lv\/new\/index.php?rest_route=\/wp\/v2\/users\/1"}],"replies":[{"embeddable":true,"href":"https:\/\/jvg.lv\/new\/index.php?rest_route=%2Fwp%2Fv2%2Fcomments&post=375"}],"version-history":[{"count":26,"href":"https:\/\/jvg.lv\/new\/index.php?rest_route=\/wp\/v2\/pages\/375\/revisions"}],"predecessor-version":[{"id":4663,"href":"https:\/\/jvg.lv\/new\/index.php?rest_route=\/wp\/v2\/pages\/375\/revisions\/4663"}],"up":[{"embeddable":true,"href":"https:\/\/jvg.lv\/new\/index.php?rest_route=\/wp\/v2\/pages\/66"}],"wp:attachment":[{"href":"https:\/\/jvg.lv\/new\/index.php?rest_route=%2Fwp%2Fv2%2Fmedia&parent=375"}],"curies":[{"name":"wp","href":"https:\/\/api.w.org\/{rel}","templated":true}]}}