{"id":359,"date":"2021-10-11T17:26:45","date_gmt":"2021-10-11T17:26:45","guid":{"rendered":"http:\/\/jvgmac.local\/?page_id=359"},"modified":"2022-07-31T20:26:31","modified_gmt":"2022-07-31T20:26:31","slug":"vieslekciju-grafiks","status":"publish","type":"page","link":"https:\/\/jvg.lv\/new\/?page_id=359","title":{"rendered":"L\u012bgums ar LMA"},"content":{"rendered":"\n<h4 class=\"wp-block-heading\"><strong>J\u016aRMALAS VALSTS \u0122IMN\u0100ZIJA PARAKSTA SADARB\u012aBAS L\u012aGUMU AR LATVIJAS M\u0100KSLAS AKAD\u0112MIJU<\/strong><\/h4>\n\n\n\n<p><\/p>\n\n\n\n<figure class=\"wp-block-image size-full\"><img loading=\"lazy\" decoding=\"async\" width=\"590\" height=\"395\" src=\"http:\/\/jvgmac.local\/wp-content\/uploads\/2021\/10\/JVG_ligums_LMA.gif\" alt=\"\" class=\"wp-image-357\"\/><\/figure>\n\n\n\n<p>Kur domas, tur ener\u0123ija. Un augs tas, ko s\u0113sim, lolosim un uz ko koncentr\u0113simies. \u0160aj\u0101 att\u0101lin\u0101taj\u0101 un visnota\u013c kompleksaj\u0101 laik\u0101 v\u0113l jo noz\u012bm\u012bg\u0101k ir tur\u0113ties pie kop\u0101 b\u016b\u0161anas \u2013 pie sadarb\u012bbas. Esam priec\u012bgi un gandar\u012bti par v\u0113l vienu sadarb\u012bbas l\u012bgumu \u2013 ar Latvijas M\u0101kslas akad\u0113miju (LMA). Att\u0101lin\u0101ti, bet ne maz\u0101k svin\u012bgi: LMA rektors Kristaps Zari\u0146\u0161 un JV\u0122 direktore Ieva Taranda. Att\u012bst\u012bba notiek pa spir\u0101li, m\u0113s tiecamies uz lab\u0101ku, kvalitat\u012bv\u0101ku un p\u0113c b\u016bt\u012bbas j\u0113gpiln\u0101ku izgl\u012bt\u012bbu, kur\u0101 visi iesaist\u012btie partneri ir l\u012bdzatbild\u012bgi un motiv\u0113ti dar\u012bt lab\u0101ko.<\/p>\n\n\n\n<p>Sadarb\u012bb\u0101 ar LMA ir nosl\u0113gu\u0161ies jau divi veiksm\u012bgi soci\u0101l\u0101 dizaina projekti: tie\u0161saistes rokasgr\u0101mata skolot\u0101jiem \u201cTie\u0161saiste IR\u201d un J\u016brmalas senioru st\u0101stu atspogu\u013cojums idej\u0101s j\u016brmalnieku dz\u012bves kvalit\u0101tes uzlabo\u0161anai pils\u0113t\u0101 un sazi\u0146as veicin\u0101\u0161anai da\u017e\u0101du paaud\u017eu cilv\u0113ku starp\u0101 \u201cJ\u016brmala sarun\u0101jas\u201d. Priec\u0101jamies par paveikto un raug\u0101mies uz jauniem apv\u0101r\u0161\u0146iem.<\/p>\n","protected":false},"excerpt":{"rendered":"<p>J\u016aRMALAS VALSTS \u0122IMN\u0100ZIJA PARAKSTA SADARB\u012aBAS L\u012aGUMU AR LATVIJAS M\u0100KSLAS AKAD\u0112MIJU Kur domas, tur ener\u0123ija. Un augs tas, ko s\u0113sim, lolosim [&hellip;]<\/p>\n","protected":false},"author":1,"featured_media":0,"parent":342,"menu_order":0,"comment_status":"closed","ping_status":"closed","template":"","meta":{"ngg_post_thumbnail":0,"footnotes":""},"class_list":["post-359","page","type-page","status-publish","hentry"],"_links":{"self":[{"href":"https:\/\/jvg.lv\/new\/index.php?rest_route=\/wp\/v2\/pages\/359","targetHints":{"allow":["GET"]}}],"collection":[{"href":"https:\/\/jvg.lv\/new\/index.php?rest_route=\/wp\/v2\/pages"}],"about":[{"href":"https:\/\/jvg.lv\/new\/index.php?rest_route=\/wp\/v2\/types\/page"}],"author":[{"embeddable":true,"href":"https:\/\/jvg.lv\/new\/index.php?rest_route=\/wp\/v2\/users\/1"}],"replies":[{"embeddable":true,"href":"https:\/\/jvg.lv\/new\/index.php?rest_route=%2Fwp%2Fv2%2Fcomments&post=359"}],"version-history":[{"count":3,"href":"https:\/\/jvg.lv\/new\/index.php?rest_route=\/wp\/v2\/pages\/359\/revisions"}],"predecessor-version":[{"id":708,"href":"https:\/\/jvg.lv\/new\/index.php?rest_route=\/wp\/v2\/pages\/359\/revisions\/708"}],"up":[{"embeddable":true,"href":"https:\/\/jvg.lv\/new\/index.php?rest_route=\/wp\/v2\/pages\/342"}],"wp:attachment":[{"href":"https:\/\/jvg.lv\/new\/index.php?rest_route=%2Fwp%2Fv2%2Fmedia&parent=359"}],"curies":[{"name":"wp","href":"https:\/\/api.w.org\/{rel}","templated":true}]}}