{"id":342,"date":"2021-10-11T17:09:47","date_gmt":"2021-10-11T17:09:47","guid":{"rendered":"http:\/\/jvgmac.local\/?page_id=342"},"modified":"2022-07-31T20:28:12","modified_gmt":"2022-07-31T20:28:12","slug":"sadarbiba-ar-augstskolam","status":"publish","type":"page","link":"https:\/\/jvg.lv\/new\/?page_id=342","title":{"rendered":"Sadarb\u012bba ar augstskol\u0101m"},"content":{"rendered":"\n<h4 class=\"wp-block-heading\"><strong>Nosl\u0113gti sadarb\u012bbas l\u012bgumi ar augstskol\u0101m<\/strong><\/h4>\n\n\n\n<p>Visp\u0101r\u0113j\u0101s vid\u0113j\u0101s izgl\u012bt\u012bbas programmu \u012bsteno\u0161anai J\u016brmalas Valsts \u0123imn\u0101zija nosl\u0113gusi sadarb\u012bbas l\u012bgumus ar vair\u0101k\u0101m augstskol\u0101m, akcent\u0113jot \u201cizv\u0113\u013cu grozu\u201d pied\u0101v\u0101jumu un sniedzot skol\u0113niem iesp\u0113ju iesaist\u012bties da\u017e\u0101d\u0101s ar savu izv\u0113l\u0113to m\u0101c\u012bbu virzienu saist\u012bt\u0101s aktivit\u0101t\u0113s:<\/p>\n\n\n\n<ol class=\"wp-block-list\"><li>Latvijas M\u0101kslas akad\u0113mija.&nbsp;<\/li><li>Ekonomikas un kult\u016bras augstskola.&nbsp;<\/li><li>R\u012bgas Tehnisk\u0101 universit\u0101te.&nbsp;<\/li><li>Banku augstskola.<\/li><li>Latvijas Universit\u0101tes Atomfizikas un spektroskopijas instit\u016bts.<\/li><\/ol>\n\n\n\n<p><\/p>\n\n\n\n<p><strong>Inform\u0101cija par liel\u0101kajiem \u012bstenotajiem projektiem par 2021.\/2022.m\u0101c\u012bbu gad\u0101.&nbsp;<\/strong><\/p>\n\n\n\n<p>&#8211; Atbalsts izgl\u012btojamo individu\u0101lo kompeten\u010du att\u012bst\u012bbai (STEM). Skol\u0113niem m\u0101c\u012bbu gada ietvaros tika nodro\u0161in\u0101ta iesp\u0113ja papildin\u0101t savas zin\u0101\u0161anas STEM jomas priek\u0161metos.&nbsp;<\/p>\n\n\n\n<p>&#8211; Nordplus projekts \u201cSkol\u0113nu starptautisk\u0101 zin\u0101tnisk\u0101 konference\u201d sadarb\u012bb\u0101 ar Igauniju, Somiju, Zviedriju. Kur skol\u0113niem bija iesp\u0113ja piedal\u012bties ar saviem ZPD las\u012bjumiem ZPD konferenc\u0113 Tartu no 10.05.-13.05. un \u201cPhytoremediation around the Baltic sea\u201d konferenc\u0113 Stokholm\u0101 Tibbles \u0123imn\u0101zij\u0101 no 24.05.-27.05.2022.<\/p>\n\n\n\n<p>&#8211; dal\u012bba OECD PISA p\u0113t\u012bjum\u0101 no 23.03.-14.05.2022.<\/p>\n\n\n\n<figure class=\"wp-block-pullquote\"><blockquote><p>J\u016brmalas Valsts \u0123imn\u0101zija (turpm\u0101k JV\u0122) pateicas partneriem par l\u012bdz\u0161in\u0113jo sadarb\u012bbu un aicina uz akt\u012bvu sadarb\u012bbas turpin\u0101\u0161anu, lai rado\u0161i un m\u0113r\u0137tiec\u012bgi ieviestu kompeten\u010du pieeju m\u0101c\u012bbu proces\u0101 un sniegtu lab\u0101ko saviem skol\u0113niem.<\/p><\/blockquote><\/figure>\n\n\n\n<p>&#8211; <em>M\u016aSU PRIORIT\u0100TES ATT\u012aST\u012aBAI<\/em><\/p>\n\n\n\n<p>\u0160aj\u0101 m\u0101c\u012bbu gad\u0101 esam izvirz\u012bju\u0161i k\u0101 priorit\u0101ru virz\u012bbu uz VIESLEKCIJU organiz\u0113\u0161anu un SADARB\u012aBAS PROJEKTU \u012bsteno\u0161anu m\u016bsu izgl\u012bt\u012bbas 4. izv\u0113\u013cu grozos:<\/p>\n\n\n\n<p>&#8211; kult\u016bra, mediji un digit\u0101lais dizains;<\/p>\n\n\n\n<p>&#8211; jurisprudence, politika, soci\u0101l\u0101s zin\u0101tnes;<\/p>\n\n\n\n<p>&#8211; in\u017eenierzin\u0101tnes, fizika;<\/p>\n\n\n\n<p>&#8211; medic\u012bna, veterin\u0101rija, farm\u0101cija, uzturzin\u0101tne.<\/p>\n\n\n\n<p>&#8211; <em>KO M\u0112S PIED\u0100V\u0100JAM?<\/em><\/p>\n\n\n\n<p>JV\u0122\/ m\u016bsu skol\u0113nu k\u0101 j\u016bsu augstskolas potenci\u0101lo studentu, \u0161\u0101da veida sadarb\u012bba noteikti b\u016btu ieguvums augstskolai, jo rad\u012btu interesi skol\u0113nos un sekm\u0113tu vi\u0146u turpm\u0101ko studiju izv\u0113li.<\/p>\n\n\n\n<p>&#8211; <em>KO M\u0112S SAGAID\u0100M?<\/em><\/p>\n\n\n\n<p>J\u016bsu augstskolas atbalstu zin\u0101\u0161anu p\u0101rnes\u0113, jo augstskolu studentu un m\u0101c\u012bbsp\u0113ku pieredze b\u016btu neizm\u0113rojams praktisks atbalsts un piem\u0113rs skol\u0113niem m\u0101c\u012bbu proces\u0101, turpm\u0101kaj\u0101 karjeras izv\u0113l\u0113 un izgl\u012bt\u012bbas m\u0113r\u0137u sasnieg\u0161an\u0101. Augstskolu lektori daloties sav\u0101 profesion\u0101laj\u0101 pieredz\u0113 un zin\u0101\u0161an\u0101s, veicin\u0101tu skol\u0113nos dzi\u013c\u0101kas izpratnes veido\u0161anos par to, k\u0101 zin\u0101\u0161anas tiek pielietotas praks\u0113, k\u0101 ar\u012b \u013cautu detaliz\u0113t\u0101k apzin\u0101t k\u0101das nozares t\u0113mu vai uzzin\u0101t noz\u012bm\u012bg\u0101k\u0101s aktualit\u0101tes.<\/p>\n\n\n\n<p>&#8211; <em>K\u0100DS B\u016aS REZULT\u0100TS\/IEGUVUMS?<\/em><\/p>\n\n\n\n<p>JV\u0122 ir atv\u0113rta da\u017e\u0101d\u0101m jaun\u0101m un v\u0113l nerealiz\u0113t\u0101m idej\u0101m. Apvienojot m\u016bsu un augstskolas idejas, resursus, varam vienoties par kop\u012bgu jaunu pieredzi gan skol\u0113niem\/ studentiem, gan iesaist\u012btaj\u0101m pus\u0113m kop\u0101.<\/p>\n\n\n\n<p>Esam atv\u0113rti sadarb\u012bbai un jauniem izaicin\u0101jumiem.&nbsp;<\/p>\n\n\n\n<p><strong>Nosl\u0113dz l\u012bgumu un dom\u0101 par savu n\u0101kotni atbild\u012bgi!<\/strong><\/p>\n\n\n\n<p><\/p>\n\n\n\n<p>Projektu vad\u012bt\u0101ja Iveta Blaua<\/p>\n\n\n\n<p>Epasts: <a>iveta.blaua@edu.jurmala.lv<\/a>,\u00a0<\/p>\n\n\n\n<p>Mob.t\u0101lrunis 26822779.<\/p>\n","protected":false},"excerpt":{"rendered":"<p>Nosl\u0113gti sadarb\u012bbas l\u012bgumi ar augstskol\u0101m Visp\u0101r\u0113j\u0101s vid\u0113j\u0101s izgl\u012bt\u012bbas programmu \u012bsteno\u0161anai J\u016brmalas Valsts \u0123imn\u0101zija nosl\u0113gusi sadarb\u012bbas l\u012bgumus ar vair\u0101k\u0101m augstskol\u0101m, akcent\u0113jot [&hellip;]<\/p>\n","protected":false},"author":1,"featured_media":0,"parent":29,"menu_order":0,"comment_status":"closed","ping_status":"closed","template":"","meta":{"ngg_post_thumbnail":0,"footnotes":""},"class_list":["post-342","page","type-page","status-publish","hentry"],"_links":{"self":[{"href":"https:\/\/jvg.lv\/new\/index.php?rest_route=\/wp\/v2\/pages\/342","targetHints":{"allow":["GET"]}}],"collection":[{"href":"https:\/\/jvg.lv\/new\/index.php?rest_route=\/wp\/v2\/pages"}],"about":[{"href":"https:\/\/jvg.lv\/new\/index.php?rest_route=\/wp\/v2\/types\/page"}],"author":[{"embeddable":true,"href":"https:\/\/jvg.lv\/new\/index.php?rest_route=\/wp\/v2\/users\/1"}],"replies":[{"embeddable":true,"href":"https:\/\/jvg.lv\/new\/index.php?rest_route=%2Fwp%2Fv2%2Fcomments&post=342"}],"version-history":[{"count":10,"href":"https:\/\/jvg.lv\/new\/index.php?rest_route=\/wp\/v2\/pages\/342\/revisions"}],"predecessor-version":[{"id":710,"href":"https:\/\/jvg.lv\/new\/index.php?rest_route=\/wp\/v2\/pages\/342\/revisions\/710"}],"up":[{"embeddable":true,"href":"https:\/\/jvg.lv\/new\/index.php?rest_route=\/wp\/v2\/pages\/29"}],"wp:attachment":[{"href":"https:\/\/jvg.lv\/new\/index.php?rest_route=%2Fwp%2Fv2%2Fmedia&parent=342"}],"curies":[{"name":"wp","href":"https:\/\/api.w.org\/{rel}","templated":true}]}}