{"id":334,"date":"2021-10-11T16:56:39","date_gmt":"2021-10-11T16:56:39","guid":{"rendered":"http:\/\/jvgmac.local\/?page_id=334"},"modified":"2023-05-15T15:29:28","modified_gmt":"2023-05-15T12:29:28","slug":"nordplus","status":"publish","type":"page","link":"https:\/\/jvg.lv\/new\/?page_id=334","title":{"rendered":"Nordplus"},"content":{"rendered":"\n<h2 class=\"wp-block-heading\"><strong>Starptautisk\u0101 zin\u0101tnisk\u0101 konference \u0123imn\u0101zistiem<\/strong><\/h2>\n\n\n\n<p><strong>Projekta nosaukums:&nbsp;<\/strong>&nbsp;Zin\u0101tnisk\u0101 konference \u0123imn\u0101zistiem<br><strong>Projekta m\u0113r\u0137is:&nbsp;<\/strong>&nbsp;Starptautiskas skol\u0113nu p\u0113tniec\u012bbas konferences organiz\u0113\u0161ana Latvij\u0101, Lietuv\u0101, Zviedrij\u0101 un Somij\u0101.<br><strong>Projekta sponsors:<\/strong>&nbsp;&nbsp;Zieme\u013cu Ministru padome, programma Nordplus Junior<br><strong>Projekta pieteikuma numurs:<\/strong>&nbsp;&nbsp;NPJR-2022\/10145<br><strong>Projekta periods:<\/strong>&nbsp;&nbsp;07\/2022 \u2013 06\/2025<br><strong>Granta summa:<\/strong>&nbsp;&nbsp;\u20ac130 360<br><strong>Projekta kopsavilkums:<\/strong>&nbsp;Projekta m\u0113r\u0137is ir populariz\u0113t zin\u0101tni, organiz\u0113jot starptautisku vidusskol\u0113nu zin\u0101tniski p\u0113tniecisko darbu konferenci un zin\u0101tnisko vad\u012bt\u0101ju pieredzes apmai\u0146u.&nbsp;Projekta vado\u0161ais partneris ir Tibble Fristan\u00f6de Gymnaasium Zviedrij\u0101, un partneri ir Tartu Jaan Poska \u0123imn\u0101zija, J\u016brmalas Valsts \u0123imn\u0101zija Latvij\u0101, Grankulla samskola \u0123imn\u0101zija Somij\u0101 un Kau\u0146as Santaros \u0123imn\u0101zija Lietuv\u0101. Projekta laik\u0101 kopum\u0101 tiks organiz\u0113tas tr\u012bs starptautiskas izgl\u012btojamo p\u0113tniec\u012bbas&nbsp;konferences: 2023.&nbsp;gad\u0101 J\u016brmal\u0101, 2024.&nbsp;gad\u0101 \u2013 Kau\u0146\u0101 un 2025.&nbsp;gad\u0101 \u2013 Helsinkos, k\u0101 ar\u012b tr\u012bs izgl\u012btojamo konferences par fitoremedi\u0101ciju Stokholm\u0101, Tartu un Helsinkos. <\/p>\n\n\n\n<hr class=\"wp-block-separator has-alpha-channel-opacity\"\/>\n\n\n\n<h3 class=\"wp-block-heading\"><strong>\u0160ogad J\u016brmalas Valsts \u0123imn\u0101zija 11.\u2013 14.&nbsp;apr\u012bl\u012b uz\u0146\u0113ma pie sevis starptautisku zin\u0101tnisko konferenci Nordplus projekta ietvaros<\/strong><\/h3>\n\n\n\n<p>Zin\u0101tnisk\u0101s p\u0113tniec\u012bbas konferenc\u0113 pulc\u0113j\u0101s 60&nbsp;audz\u0113k\u0146i no projekta partnerskol\u0101m \u2013 Tartu (Igaunija), Kau\u0146as (Lietuva), Helsinku (Somija) un Stokholmas (Zviedrija) &nbsp;\u0123imn\u0101zijas, k\u0101 ar\u012b J\u016brmalas Valsts \u0123imn\u0101zijas.<\/p>\n\n\n\n<p>T\u0113mas, kuras tiek skat\u012btas konferenc\u0113, skar \u013coti pla\u0161u diapazonu, s\u0101kot ar dabaszin\u0101tn\u0113m, klimata jaut\u0101jumiem, skarot kult\u016bras, grafisk\u0101 dizaina, soci\u0101lo jaut\u0101jumu p\u0113t\u012bjumu problem\u0101tiku. Jaunie\u0161i ar saviem pasniedz\u0113jiem izvirz\u012bju\u0161i p\u0113tniec\u012bbas procesam aktu\u0101lus jaut\u0101jumus, dom\u0101jot l\u012bdzi notieko\u0161ajam sabiedr\u012bb\u0101.<\/p>\n\n\n\nngg_shortcode_0_placeholder\n","protected":false},"excerpt":{"rendered":"<p>Starptautisk\u0101 zin\u0101tnisk\u0101 konference \u0123imn\u0101zistiem Projekta nosaukums:&nbsp;&nbsp;Zin\u0101tnisk\u0101 konference \u0123imn\u0101zistiemProjekta m\u0113r\u0137is:&nbsp;&nbsp;Starptautiskas skol\u0113nu p\u0113tniec\u012bbas konferences organiz\u0113\u0161ana Latvij\u0101, Lietuv\u0101, Zviedrij\u0101 un Somij\u0101.Projekta sponsors:&nbsp;&nbsp;Zieme\u013cu Ministru [&hellip;]<\/p>\n","protected":false},"author":1,"featured_media":0,"parent":191,"menu_order":0,"comment_status":"closed","ping_status":"closed","template":"","meta":{"ngg_post_thumbnail":0,"footnotes":""},"class_list":["post-334","page","type-page","status-publish","hentry"],"_links":{"self":[{"href":"https:\/\/jvg.lv\/new\/index.php?rest_route=\/wp\/v2\/pages\/334","targetHints":{"allow":["GET"]}}],"collection":[{"href":"https:\/\/jvg.lv\/new\/index.php?rest_route=\/wp\/v2\/pages"}],"about":[{"href":"https:\/\/jvg.lv\/new\/index.php?rest_route=\/wp\/v2\/types\/page"}],"author":[{"embeddable":true,"href":"https:\/\/jvg.lv\/new\/index.php?rest_route=\/wp\/v2\/users\/1"}],"replies":[{"embeddable":true,"href":"https:\/\/jvg.lv\/new\/index.php?rest_route=%2Fwp%2Fv2%2Fcomments&post=334"}],"version-history":[{"count":8,"href":"https:\/\/jvg.lv\/new\/index.php?rest_route=\/wp\/v2\/pages\/334\/revisions"}],"predecessor-version":[{"id":2224,"href":"https:\/\/jvg.lv\/new\/index.php?rest_route=\/wp\/v2\/pages\/334\/revisions\/2224"}],"up":[{"embeddable":true,"href":"https:\/\/jvg.lv\/new\/index.php?rest_route=\/wp\/v2\/pages\/191"}],"wp:attachment":[{"href":"https:\/\/jvg.lv\/new\/index.php?rest_route=%2Fwp%2Fv2%2Fmedia&parent=334"}],"curies":[{"name":"wp","href":"https:\/\/api.w.org\/{rel}","templated":true}]}}