{"id":316,"date":"2021-10-11T16:49:19","date_gmt":"2021-10-11T16:49:19","guid":{"rendered":"http:\/\/jvgmac.local\/?page_id=316"},"modified":"2026-03-20T13:17:56","modified_gmt":"2026-03-20T11:17:56","slug":"uznemsana-jvg","status":"publish","type":"page","link":"https:\/\/jvg.lv\/new\/?page_id=316","title":{"rendered":"Uz\u0146em\u0161ana JV\u0122"},"content":{"rendered":"\n<h4 class=\"wp-block-heading\"><mark style=\"background-color:rgba(0, 0, 0, 0)\" class=\"has-inline-color has-luminous-vivid-orange-color\">Uz\u0146em\u0161anas k\u0101rt\u012bba J\u016brmalas Valsts \u0123imn\u0101zijas \u012bstenotaj\u0101s izgl\u012bt\u012bbas programm\u0101s<\/mark><\/h4>\n\n\n\n<div class=\"wp-block-buttons is-layout-flex wp-block-buttons-is-layout-flex\">\n<div class=\"wp-block-button is-style-outline is-style-outline--1\"><a class=\"wp-block-button__link wp-element-button\" href=\"http:\/\/jvg.lv\/new\/wp-content\/uploads\/2022\/10\/uznemsanas_kartiba.pdf\"><mark style=\"background-color:rgba(0, 0, 0, 0)\" class=\"has-inline-color has-luminous-vivid-orange-color\"><strong>\u0160eit<\/strong><\/mark><\/a><\/div>\n<\/div>\n\n\n\n<hr class=\"wp-block-separator has-alpha-channel-opacity\"\/>\n\n\n\n<div class=\"wp-block-buttons is-layout-flex wp-block-buttons-is-layout-flex\"><\/div>\n\n\n\n<p><\/p>\n\n\n\n<h4 class=\"wp-block-heading\">Uz\u0146em\u0161ana 1. klas\u0113 2026.\/2027. m\u0101c\u012bbu gadam<\/h4>\n\n\n\n<figure class=\"wp-block-image aligncenter size-full is-resized\"><a href=\"https:\/\/jvg.lv\/new\/wp-content\/uploads\/2026\/03\/1_kl_2026_2027-scaled.jpg\"><img loading=\"lazy\" decoding=\"async\" width=\"2560\" height=\"2146\" src=\"https:\/\/jvg.lv\/new\/wp-content\/uploads\/2026\/03\/1_kl_2026_2027-scaled.jpg\" alt=\"\" class=\"wp-image-4860\" style=\"width:256px\" srcset=\"https:\/\/jvg.lv\/new\/wp-content\/uploads\/2026\/03\/1_kl_2026_2027-scaled.jpg 2560w, https:\/\/jvg.lv\/new\/wp-content\/uploads\/2026\/03\/1_kl_2026_2027-300x251.jpg 300w, https:\/\/jvg.lv\/new\/wp-content\/uploads\/2026\/03\/1_kl_2026_2027-1024x858.jpg 1024w, https:\/\/jvg.lv\/new\/wp-content\/uploads\/2026\/03\/1_kl_2026_2027-768x644.jpg 768w, https:\/\/jvg.lv\/new\/wp-content\/uploads\/2026\/03\/1_kl_2026_2027-1536x1288.jpg 1536w, https:\/\/jvg.lv\/new\/wp-content\/uploads\/2026\/03\/1_kl_2026_2027-2048x1717.jpg 2048w\" sizes=\"auto, (max-width: 2560px) 100vw, 2560px\" \/><\/a><\/figure>\n\n\n\n<h5 class=\"wp-block-heading\"><a href=\"https:\/\/jvg.lv\/new\/wp-content\/uploads\/2026\/03\/uznems_1_kl_2026.pdf\">R\u012bkojums <strong>par k\u0101rt\u012bbu k\u0101d\u0101 ir piesak\u0101mi un uz\u0146emami<\/strong> <strong>izgl\u012btojamie 1. klas\u0113 J\u016brmalas valstspils\u0113tas<\/strong> <strong>pa\u0161vald\u012bbas visp\u0101r\u0113j\u0101s izgl\u012bt\u012bbas iest\u0101d\u0113s 2026.\/2027. m\u0101c\u012bbu gad\u0101<\/strong><\/a><\/h5>\n\n\n\n<h5 class=\"wp-block-heading\"><a href=\"https:\/\/jvg.lv\/new\/wp-content\/uploads\/2023\/02\/JVG_iesniegums_1_klasei_202_.docx\">Iesniegums uz\u0146em\u0161anai 1. klas\u0113<\/a><\/h5>\n\n\n\n<iframe loading=\"lazy\" width=\"560\" height=\"315\" src=\"https:\/\/www.youtube.com\/embed\/Xnye7GLgPk0?si=m7PVyWi6tlZOS2O9?controls=1&#038;loop=1&#038;modestbranding=1&#038;rel=0\" title=\"YouTube video player\" frameborder=\"0\" allow=\"accelerometer; autoplay; clipboard-write; encrypted-media; gyroscope; picture-in-picture; web-share\" referrerpolicy=\"strict-origin-when-cross-origin\" allowfullscreen><\/iframe>\n\n\n\n<hr class=\"wp-block-separator has-alpha-channel-opacity\"\/>\n\n\n\n<h4 class=\"wp-block-heading\">Uz\u0146em\u0161ana 7. klas\u0113<\/h4>\n\n\n\n<div class=\"wp-block-file\"><a id=\"wp-block-file--media-955e28c5-b4f2-4833-b33d-071b32c3423f\" href=\"https:\/\/jvg.lv\/new\/wp-content\/uploads\/2023\/09\/iesnieg_uznems_7_kl.docx\"><strong>Iesniegums uz\u0146em\u0161anai 7. klas\u0113<\/strong><\/a><a href=\"https:\/\/jvg.lv\/new\/wp-content\/uploads\/2023\/09\/iesnieg_uznems_7_kl.docx\" class=\"wp-block-file__button wp-element-button\" download aria-describedby=\"wp-block-file--media-955e28c5-b4f2-4833-b33d-071b32c3423f\">Lejupiel\u0101d\u0113t<\/a><\/div>\n\n\n\n<h5 class=\"wp-block-heading\"><a href=\"https:\/\/jvg.lv\/new\/wp-content\/uploads\/2026\/03\/rikoj_uznems_7_kl_2026.pdf\">R\u012bkojums par uz\u0146em\u0161anu 7. &#8211; 9. klas\u0113 2026.\/2027. m\u0101c\u012bbu gad\u0101<\/a><\/h5>\n\n\n\n<figure class=\"wp-block-image aligncenter size-full is-resized\"><a href=\"https:\/\/jvg.lv\/new\/wp-content\/uploads\/2026\/03\/uznems_7_9_plakats_2026.jpeg\"><img loading=\"lazy\" decoding=\"async\" width=\"940\" height=\"788\" src=\"https:\/\/jvg.lv\/new\/wp-content\/uploads\/2026\/03\/uznems_7_9_plakats_2026.jpeg\" alt=\"\" class=\"wp-image-4891\" style=\"width:256px\" srcset=\"https:\/\/jvg.lv\/new\/wp-content\/uploads\/2026\/03\/uznems_7_9_plakats_2026.jpeg 940w, https:\/\/jvg.lv\/new\/wp-content\/uploads\/2026\/03\/uznems_7_9_plakats_2026-300x251.jpeg 300w, https:\/\/jvg.lv\/new\/wp-content\/uploads\/2026\/03\/uznems_7_9_plakats_2026-768x644.jpeg 768w\" sizes=\"auto, (max-width: 940px) 100vw, 940px\" \/><\/a><\/figure>\n\n\n\n<hr class=\"wp-block-separator has-alpha-channel-opacity\"\/>\n\n\n\n<p>J\u016brmalas Valsts \u0123imn\u0101zij\u0101 2025.\/2026. m\u0101c. gadam tiek uz\u0146emtas tr\u012bs 7. klases: 7.I, 7.II, 7.III. Lai veidotu l\u012bdzv\u0113rt\u012bgu kla\u0161u sast\u0101vu, izmantots matem\u0101tisks algoritms.<\/p>\n\n\n\n<h5 class=\"wp-block-heading\"><mark style=\"background-color:rgba(0, 0, 0, 0)\" class=\"has-inline-color has-luminous-vivid-orange-color\">7. &#8211; 9. klas\u0113 uz\u0146emto skol\u0113nu saraksts (kodi)<\/mark><\/h5>\n\n\n\n<div class=\"wp-block-buttons is-layout-flex wp-block-buttons-is-layout-flex\">\n<div class=\"wp-block-button is-style-outline is-style-outline--2\"><a class=\"wp-block-button__link wp-element-button\"><mark style=\"background-color:rgba(0, 0, 0, 0)\" class=\"has-inline-color has-luminous-vivid-orange-color\"><strong>\u0161eit<\/strong><\/mark><\/a><\/div>\n<\/div>\n\n\n\n<hr class=\"wp-block-separator has-alpha-channel-opacity\"\/>\n\n\n\n<h4 class=\"wp-block-heading\">Uz\u0146em\u0161ana 10. klas\u0113<\/h4>\n\n\n\n<h5 class=\"wp-block-heading\"><a href=\"https:\/\/jvg.lv\/new\/wp-content\/uploads\/2026\/02\/rikoj_uznems_10_kl_2026.pdf\" data-type=\"link\" data-id=\"https:\/\/jvg.lv\/new\/wp-content\/uploads\/2026\/02\/rikoj_uznems_10_kl_2026.pdf\">R\u012bkojums par uz\u0146em\u0161anu 10. klas\u0113 2026.\/2027. m\u0101c\u012bbu gad\u0101<\/a><\/h5>\n\n\n\n<div class=\"wp-block-file\"><a id=\"wp-block-file--media-917e8fd3-40c3-4e1d-9757-bfa33cf15178\" href=\"https:\/\/jvg.lv\/new\/wp-content\/uploads\/2023\/04\/iesnieg_uznems_10_kl.docx\">I<strong>esniegums uz\u0146em\u0161anai 10. klas\u0113<\/strong><\/a><a href=\"https:\/\/jvg.lv\/new\/wp-content\/uploads\/2023\/04\/iesnieg_uznems_10_kl.docx\" class=\"wp-block-file__button wp-element-button\" download aria-describedby=\"wp-block-file--media-917e8fd3-40c3-4e1d-9757-bfa33cf15178\">Lejupiel\u0101d\u0113t<\/a><\/div>\n\n\n\n<figure class=\"wp-block-image aligncenter size-full is-resized\"><a href=\"https:\/\/jvg.lv\/new\/wp-content\/uploads\/2025\/03\/uznems_10_kl_25_26.jpg\"><img loading=\"lazy\" decoding=\"async\" width=\"940\" height=\"788\" src=\"https:\/\/jvg.lv\/new\/wp-content\/uploads\/2025\/03\/uznems_10_kl_25_26.jpg\" alt=\"\" class=\"wp-image-4235\" style=\"width:256px\" srcset=\"https:\/\/jvg.lv\/new\/wp-content\/uploads\/2025\/03\/uznems_10_kl_25_26.jpg 940w, https:\/\/jvg.lv\/new\/wp-content\/uploads\/2025\/03\/uznems_10_kl_25_26-300x251.jpg 300w, https:\/\/jvg.lv\/new\/wp-content\/uploads\/2025\/03\/uznems_10_kl_25_26-768x644.jpg 768w\" sizes=\"auto, (max-width: 940px) 100vw, 940px\" \/><\/a><\/figure>\n\n\n\n<div class=\"wp-block-group is-layout-constrained wp-block-group-is-layout-constrained\">\n<p class=\"has-text-align-center has-white-color has-luminous-vivid-orange-background-color has-text-color has-background has-link-color wp-elements-e765ff6b82385d5a6bb4ff7fbb191a9a\"><strong>Mekl\u0113jot savu iest\u0101jp\u0101rbaud\u012bjuma kodu, \u0146em v\u0113r\u0101 tikai ciparus! Burtam ir informat\u012bvs raksturs un tas tiek izmantots tikai \u0123imn\u0101zijas iek\u0161\u0113jam re\u0123istram.<\/strong><\/p>\n\n\n\n<h5 class=\"wp-block-heading\"><mark style=\"background-color:rgba(0, 0, 0, 0)\" class=\"has-inline-color has-luminous-vivid-orange-color\">Iest\u0101jp\u0101rbaud\u012bjumu uz 10. un 11. klasi nok\u0101rtoju\u0161o skol\u0113nu saraksts (kodi)<\/mark><\/h5>\n\n\n\n<div class=\"wp-block-buttons is-layout-flex wp-block-buttons-is-layout-flex\">\n<div class=\"wp-block-button is-style-outline is-style-outline--3\"><a class=\"wp-block-button__link wp-element-button\"><mark style=\"background-color:rgba(0, 0, 0, 0)\" class=\"has-inline-color has-luminous-vivid-orange-color\"><strong>\u0161eit<\/strong><\/mark><\/a><\/div>\n<\/div>\n<\/div>\n\n\n\n<p><\/p>\n\n\n\n<hr class=\"wp-block-separator has-alpha-channel-opacity\"\/>\n\n\n\n<h4 class=\"wp-block-heading\">Iesniegumi uz\u0146em\u0161anai 2. &#8211; 6., 8., 9., 11. un 12. klas\u0113<\/h4>\n\n\n\n<div class=\"wp-block-file\"><a id=\"wp-block-file--media-a836a253-6ee4-4f38-8c39-f8ac1f7353d6\" href=\"https:\/\/jvg.lv\/new\/wp-content\/uploads\/2024\/05\/iesniegums_2_6_kl.docx\"><strong>iesniegums_2-6_kl<\/strong><\/a><a href=\"https:\/\/jvg.lv\/new\/wp-content\/uploads\/2024\/05\/iesniegums_2_6_kl.docx\" class=\"wp-block-file__button wp-element-button\" download aria-describedby=\"wp-block-file--media-a836a253-6ee4-4f38-8c39-f8ac1f7353d6\">Lejupiel\u0101d\u0113t<\/a><\/div>\n\n\n\n<div class=\"wp-block-file\"><a id=\"wp-block-file--media-ea6ce592-957e-4b88-b130-6c958aa4bdb7\" href=\"https:\/\/jvg.lv\/new\/wp-content\/uploads\/2024\/02\/iesnieg_uznems_8_9_kl.docx\"><strong>iesniegums_8_9_kl<\/strong><\/a><a href=\"https:\/\/jvg.lv\/new\/wp-content\/uploads\/2024\/02\/iesnieg_uznems_8_9_kl.docx\" class=\"wp-block-file__button wp-element-button\" download aria-describedby=\"wp-block-file--media-ea6ce592-957e-4b88-b130-6c958aa4bdb7\">Lejupiel\u0101d\u0113t<\/a><\/div>\n\n\n\n<div class=\"wp-block-file\"><a id=\"wp-block-file--media-09c2c835-7ca1-4af6-a17f-12a443ca7de5\" href=\"https:\/\/jvg.lv\/new\/wp-content\/uploads\/2022\/10\/iesniegums_11_12_kl.docx\"><strong>iesniegums_11_12_kl<\/strong><\/a><a href=\"https:\/\/jvg.lv\/new\/wp-content\/uploads\/2022\/10\/iesniegums_11_12_kl.docx\" class=\"wp-block-file__button wp-element-button\" download aria-describedby=\"wp-block-file--media-09c2c835-7ca1-4af6-a17f-12a443ca7de5\">Lejupiel\u0101d\u0113t<\/a><\/div>\n\n\n\n<hr class=\"wp-block-separator has-alpha-channel-opacity\"\/>\n\n\n\n<h4 class=\"wp-block-heading\"><br>Inform\u0101cija skol\u0113nu vec\u0101kiem<\/h4>\n\n\n\n<p>Saska\u0146\u0101 ar LR MK 28.02.2012. noteikumu Nr.149 \u201eNoteikumi par k\u0101rt\u012bbu, k\u0101d\u0101 izgl\u012btojamie tiek uz\u0146emti visp\u0101r\u0113j\u0101s izgl\u012bt\u012bbas iest\u0101d\u0113s un atskait\u012bti no t\u0101m, un oblig\u0101taj\u0101m pras\u012bb\u0101m p\u0101rcel\u0161anai uz n\u0101kamo klasi\u201d 5. p. \u201elai izgl\u012btojamo pieteiktu izgl\u012bt\u012bbas iest\u0101d\u0113,&nbsp;<strong>viens no vec\u0101kiem vai pilngad\u012bgais izgl\u012btojamais<\/strong>&nbsp;iesniedz izgl\u012bt\u012bbas iest\u0101des vad\u012bt\u0101jam adres\u0113tu iesniegumu.\u201d<\/p>\n\n\n\n<p class=\"has-text-align-right\">JV\u0122 administr\u0101cija<\/p>\n\n\n\n<p><\/p>\n","protected":false},"excerpt":{"rendered":"<p>Uz\u0146em\u0161anas k\u0101rt\u012bba J\u016brmalas Valsts \u0123imn\u0101zijas \u012bstenotaj\u0101s izgl\u012bt\u012bbas programm\u0101s Uz\u0146em\u0161ana 1. klas\u0113 2026.\/2027. m\u0101c\u012bbu gadam R\u012bkojums par k\u0101rt\u012bbu k\u0101d\u0101 ir piesak\u0101mi [&hellip;]<\/p>\n","protected":false},"author":1,"featured_media":0,"parent":67,"menu_order":0,"comment_status":"closed","ping_status":"closed","template":"","meta":{"ngg_post_thumbnail":0,"footnotes":""},"class_list":["post-316","page","type-page","status-publish","hentry"],"_links":{"self":[{"href":"https:\/\/jvg.lv\/new\/index.php?rest_route=\/wp\/v2\/pages\/316","targetHints":{"allow":["GET"]}}],"collection":[{"href":"https:\/\/jvg.lv\/new\/index.php?rest_route=\/wp\/v2\/pages"}],"about":[{"href":"https:\/\/jvg.lv\/new\/index.php?rest_route=\/wp\/v2\/types\/page"}],"author":[{"embeddable":true,"href":"https:\/\/jvg.lv\/new\/index.php?rest_route=\/wp\/v2\/users\/1"}],"replies":[{"embeddable":true,"href":"https:\/\/jvg.lv\/new\/index.php?rest_route=%2Fwp%2Fv2%2Fcomments&post=316"}],"version-history":[{"count":171,"href":"https:\/\/jvg.lv\/new\/index.php?rest_route=\/wp\/v2\/pages\/316\/revisions"}],"predecessor-version":[{"id":4896,"href":"https:\/\/jvg.lv\/new\/index.php?rest_route=\/wp\/v2\/pages\/316\/revisions\/4896"}],"up":[{"embeddable":true,"href":"https:\/\/jvg.lv\/new\/index.php?rest_route=\/wp\/v2\/pages\/67"}],"wp:attachment":[{"href":"https:\/\/jvg.lv\/new\/index.php?rest_route=%2Fwp%2Fv2%2Fmedia&parent=316"}],"curies":[{"name":"wp","href":"https:\/\/api.w.org\/{rel}","templated":true}]}}