{"id":314,"date":"2021-10-11T16:48:40","date_gmt":"2021-10-11T16:48:40","guid":{"rendered":"http:\/\/jvgmac.local\/?page_id=314"},"modified":"2025-12-05T12:54:45","modified_gmt":"2025-12-05T10:54:45","slug":"brivlaiki","status":"publish","type":"page","link":"https:\/\/jvg.lv\/new\/?page_id=314","title":{"rendered":"Br\u012bvlaiki"},"content":{"rendered":"\n<h4 class=\"wp-block-heading\">2025.\/2026. m\u0101c\u012bbu gada laik\u0101 noteikt\u0101s br\u012bvdienas:<\/h4>\n\n\n\n<p>Rudens br\u012bvdienas \u2013 no 2025. gada 20. oktobra l\u012bdz 24. oktobrim;<\/p>\n\n\n\n<p>Ziemas br\u012bvdienas \u2013 no 2025. gada 22. decembra l\u012bdz 2024. gada 2. janv\u0101rim;<\/p>\n\n\n\n<p>Pavasara br\u012bvdienas \u2013 no 2026. gada 9. marta l\u012bdz 13. martam;<\/p>\n\n\n\n<p>Vasaras br\u012bvdienas 1.\u20138. klas\u0113m un 10.\u201311. klas\u0113m \u2013 no 2026. gada 1. j\u016bnija l\u012bdz 31. augustam;<\/p>\n\n\n\n<p>Papildus br\u012bvlaiks 1. klas\u0113m otraj\u0101 semestr\u012b  \u2013 no 2025. gada 9. febru\u0101ra l\u012bdz 13. febru\u0101rim.<\/p>\n\n\n\n<p><strong><a href=\"https:\/\/likumi.lv\/ta\/id\/357311-noteikumi-par-20252026-macibu-gada-un-macibu-semestru-sakuma-un-beigu-laiku-un-brivdienu-laiku\">Noteikumi par 2025.\/2026. m\u0101c\u012bbu gada un m\u0101c\u012bbu semestru s\u0101kuma un beigu laiku un br\u012bvdienu laiku<\/a><\/strong><\/p>\n\n\n\n<p><\/p>\n","protected":false},"excerpt":{"rendered":"<p>2025.\/2026. m\u0101c\u012bbu gada laik\u0101 noteikt\u0101s br\u012bvdienas: Rudens br\u012bvdienas \u2013 no 2025. gada 20. oktobra l\u012bdz 24. oktobrim; Ziemas br\u012bvdienas \u2013 [&hellip;]<\/p>\n","protected":false},"author":1,"featured_media":0,"parent":67,"menu_order":0,"comment_status":"closed","ping_status":"closed","template":"","meta":{"ngg_post_thumbnail":0,"footnotes":""},"class_list":["post-314","page","type-page","status-publish","hentry"],"_links":{"self":[{"href":"https:\/\/jvg.lv\/new\/index.php?rest_route=\/wp\/v2\/pages\/314","targetHints":{"allow":["GET"]}}],"collection":[{"href":"https:\/\/jvg.lv\/new\/index.php?rest_route=\/wp\/v2\/pages"}],"about":[{"href":"https:\/\/jvg.lv\/new\/index.php?rest_route=\/wp\/v2\/types\/page"}],"author":[{"embeddable":true,"href":"https:\/\/jvg.lv\/new\/index.php?rest_route=\/wp\/v2\/users\/1"}],"replies":[{"embeddable":true,"href":"https:\/\/jvg.lv\/new\/index.php?rest_route=%2Fwp%2Fv2%2Fcomments&post=314"}],"version-history":[{"count":21,"href":"https:\/\/jvg.lv\/new\/index.php?rest_route=\/wp\/v2\/pages\/314\/revisions"}],"predecessor-version":[{"id":4641,"href":"https:\/\/jvg.lv\/new\/index.php?rest_route=\/wp\/v2\/pages\/314\/revisions\/4641"}],"up":[{"embeddable":true,"href":"https:\/\/jvg.lv\/new\/index.php?rest_route=\/wp\/v2\/pages\/67"}],"wp:attachment":[{"href":"https:\/\/jvg.lv\/new\/index.php?rest_route=%2Fwp%2Fv2%2Fmedia&parent=314"}],"curies":[{"name":"wp","href":"https:\/\/api.w.org\/{rel}","templated":true}]}}