{"id":312,"date":"2021-10-11T16:47:35","date_gmt":"2021-10-11T16:47:35","guid":{"rendered":"http:\/\/jvgmac.local\/?page_id=312"},"modified":"2026-04-08T10:42:29","modified_gmt":"2026-04-08T07:42:29","slug":"diagnosticejoso-darbu-eksamenu-grafiki","status":"publish","type":"page","link":"https:\/\/jvg.lv\/new\/?page_id=312","title":{"rendered":"Valsts p\u0101rbaudes darbi"},"content":{"rendered":"\n<h4 class=\"wp-block-heading\"><a href=\"https:\/\/likumi.lv\/ta\/id\/364262-noteikumi-par-valsts-parbaudes-darbu-norises-laiku-20252026macibu-gada\">Ministru kabineta noteikumi Nr. 656 &#8220;Noteikumi par valsts p\u0101rbaudes darbu norises laiku 2025.\/2026. m\u0101c\u012bbu gad\u0101&#8221;<\/a><\/h4>\n\n\n\n<h4 class=\"wp-block-heading\"><a href=\"https:\/\/www.izm.gov.lv\/lv\/galerija\/apstiprinats-20252026-macibu-gada-valsts-parbaudes-darbu-grafiks-un-izmainas-centralizeto-eksamenu-norise#30827\">2025.\/2026. m\u0101c\u012bbu gada valsts p\u0101rbaudes darbu grafiks<\/a><\/h4>\n\n\n\n<p><a href=\"https:\/\/jvg.lv\/new\/wp-content\/uploads\/2026\/04\/info-par-monitoringa-darbiem-2026.pdf\">Inform\u0101cija par 2026. gada monitoringa darbiem un Uzdevumi.lv iesp\u0113j\u0101m.<\/a><\/p>\n\n\n\n<p><\/p>\n","protected":false},"excerpt":{"rendered":"<p>Ministru kabineta noteikumi Nr. 656 &#8220;Noteikumi par valsts p\u0101rbaudes darbu norises laiku 2025.\/2026. m\u0101c\u012bbu gad\u0101&#8221; 2025.\/2026. m\u0101c\u012bbu gada valsts p\u0101rbaudes [&hellip;]<\/p>\n","protected":false},"author":1,"featured_media":0,"parent":67,"menu_order":0,"comment_status":"closed","ping_status":"closed","template":"","meta":{"ngg_post_thumbnail":0,"footnotes":""},"class_list":["post-312","page","type-page","status-publish","hentry"],"_links":{"self":[{"href":"https:\/\/jvg.lv\/new\/index.php?rest_route=\/wp\/v2\/pages\/312","targetHints":{"allow":["GET"]}}],"collection":[{"href":"https:\/\/jvg.lv\/new\/index.php?rest_route=\/wp\/v2\/pages"}],"about":[{"href":"https:\/\/jvg.lv\/new\/index.php?rest_route=\/wp\/v2\/types\/page"}],"author":[{"embeddable":true,"href":"https:\/\/jvg.lv\/new\/index.php?rest_route=\/wp\/v2\/users\/1"}],"replies":[{"embeddable":true,"href":"https:\/\/jvg.lv\/new\/index.php?rest_route=%2Fwp%2Fv2%2Fcomments&post=312"}],"version-history":[{"count":21,"href":"https:\/\/jvg.lv\/new\/index.php?rest_route=\/wp\/v2\/pages\/312\/revisions"}],"predecessor-version":[{"id":4958,"href":"https:\/\/jvg.lv\/new\/index.php?rest_route=\/wp\/v2\/pages\/312\/revisions\/4958"}],"up":[{"embeddable":true,"href":"https:\/\/jvg.lv\/new\/index.php?rest_route=\/wp\/v2\/pages\/67"}],"wp:attachment":[{"href":"https:\/\/jvg.lv\/new\/index.php?rest_route=%2Fwp%2Fv2%2Fmedia&parent=312"}],"curies":[{"name":"wp","href":"https:\/\/api.w.org\/{rel}","templated":true}]}}