{"id":31,"date":"2021-10-04T17:09:17","date_gmt":"2021-10-04T17:09:17","guid":{"rendered":"http:\/\/jvgmac.local\/?page_id=31"},"modified":"2026-04-13T14:03:21","modified_gmt":"2026-04-13T11:03:21","slug":"galerija","status":"publish","type":"page","link":"https:\/\/jvg.lv\/new\/?page_id=31","title":{"rendered":"GALERIJA"},"content":{"rendered":"\n<figure class=\"wp-block-image aligncenter size-full is-resized\"><a href=\"https:\/\/www.facebook.com\/JVGjurmala\"><img loading=\"lazy\" decoding=\"async\" width=\"317\" height=\"300\" src=\"https:\/\/jvg.lv\/new\/wp-content\/uploads\/2026\/04\/JVGfacebook-1.jpg\" alt=\"\" class=\"wp-image-4978\" style=\"aspect-ratio:1.0568181818181819;width:91px;height:auto\" srcset=\"https:\/\/jvg.lv\/new\/wp-content\/uploads\/2026\/04\/JVGfacebook-1.jpg 317w, https:\/\/jvg.lv\/new\/wp-content\/uploads\/2026\/04\/JVGfacebook-1-300x284.jpg 300w\" sizes=\"auto, (max-width: 317px) 100vw, 317px\" \/><\/a><\/figure>\n\n\n\n<h5 class=\"wp-block-heading\">J\u016brmalas skol\u0113nu vok\u0101l\u0101s m\u016bzikas konkurss &#8220;Balsis&#8221; (19.02.2026.)<\/h5>\n\n\n\nngg_shortcode_0_placeholder\n\n\n\n<figure class=\"wp-block-video\"><video height=\"480\" style=\"aspect-ratio: 848 \/ 480;\" width=\"848\" controls src=\"https:\/\/jvg.lv\/new\/wp-content\/uploads\/2026\/02\/Balsis_2026.mp4\"><\/video><\/figure>\n\n\n\n<h5 class=\"wp-block-heading\">J\u016brmalas Valsts \u0123imn\u0101zijas sportisti Latvijas skolu Ziemas festiv\u0101l\u0101 2025<\/h5>\n\n\n\nngg_shortcode_1_placeholder\n\n\n\n<figure class=\"wp-block-video\"><video height=\"848\" style=\"aspect-ratio: 480 \/ 848;\" width=\"480\" controls muted src=\"https:\/\/jvg.lv\/new\/wp-content\/uploads\/2025\/02\/Eerglji_2025.mp4\"><\/video><\/figure>\n\n\n\n<h5 class=\"wp-block-heading\">12.III klases skol\u0113ni eksperiment\u0113 LU Fizikas noda\u013cas laboratorij\u0101<\/h5>\n\n\n\nngg_shortcode_2_placeholder\n\n\n\n<h5 class=\"wp-block-heading\">Valsts prezidenta Edgara Rink\u0113vi\u010da viz\u012bte J\u016brmalas Valsts \u0123imn\u0101zij\u0101 09.01.2025.<\/h5>\n\n\n\nngg_shortcode_3_placeholder\n\n\n\n<h5 class=\"wp-block-heading\">Izst\u0101de J\u016brmalas Valsts \u0123imn\u0101zij\u0101 \u201cMANA SKOLA. METAMORFOZES\u201d &#8211; velt\u012bta skolas \u0113kas 50 gadu jubilejai<\/h5>\n\n\n\nngg_shortcode_4_placeholder\n\n\n\n<h5 class=\"wp-block-heading\">M\u016bsu skolas skolot\u0101ji &#8211; nominanti LU pedagogu balvas &#8220;Latvijas Gada skolot\u0101js 2024&#8221; pasnieg\u0161anas ceremonij\u0101<\/h5>\n\n\n\nngg_shortcode_5_placeholder\n\n\n\n<h5 class=\"wp-block-heading\">Dzeja uz trotu\u0101ra (17.09.2024.)<\/h5>\n\n\n\nngg_shortcode_6_placeholder\n\n\n\n<h5 class=\"wp-block-heading\">12. kla\u0161u izlaidums (21.06.2024.)<\/h5>\n\n\n\nngg_shortcode_7_placeholder\n\n\n\n<h5 class=\"wp-block-heading\">9. kla\u0161u izlaidums (21.06.2024.)<\/h5>\n\n\n\nngg_shortcode_8_placeholder\n\n\n\n<h5 class=\"wp-block-heading\">Absolventu salidojums (18.05.2024.)<\/h5>\n\n\n\nngg_shortcode_9_placeholder\n\n\n\n<h5 class=\"wp-block-heading\">&#8220;Pasaku r\u012bts&#8221; m\u016bsu maz\u0101kajiem (18.12.2023.)<\/h5>\n\n\n\nngg_shortcode_10_placeholder\n\n\n\n<h5 class=\"wp-block-heading\">Lielform\u0101ta galda sp\u0113les starpbr\u012b\u017eu aktivit\u0101t\u0113m JV\u0122<\/h5>\n\n\n\nngg_shortcode_11_placeholder\n\n\n\n<h5 class=\"wp-block-heading\">Akcija &#8220;Dzeja uz trotu\u0101ra&#8221; (12.09.2023.)<\/h5>\n\n\n\nngg_shortcode_12_placeholder\n\n\n\n<h5 class=\"wp-block-heading\">12. kla\u0161u izlaidums (14.07.2023.)<\/h5>\n\n\n\nngg_shortcode_13_placeholder\n\n\n\n<h5 class=\"wp-block-heading\">7. kla\u0161u skolnie\u010du darin\u0101t\u0101s dekorat\u012bvas spilvendr\u0101nas ar aplik\u0101cijas uz\u0161uvumu JV\u0122 s\u0101kumskolai<\/h5>\n\n\n\nngg_shortcode_14_placeholder\n\n\n\n<h5 class=\"wp-block-heading\">Izst\u0101de UZ[IZ]L\u0100DE (apskat\u0101ma l\u012bdz 31. maijam 1. st\u0101va foaj\u0113)<\/h5>\n\n\n\nngg_shortcode_15_placeholder\n\n\n\n<h5 class=\"wp-block-heading\">Starptautisk\u0101 zin\u0101tnisk\u0101 konference Nordplus projekta ietvaros notiek J\u016brmalas Valsts \u0123imn\u0101zij\u0101 (11. \u2013 14.&nbsp;apr\u012blis)<\/h5>\n\n\n\nngg_shortcode_16_placeholder\n\n\n\n<h5 class=\"wp-block-heading\">\u0122imn\u0101zijas kolekt\u012bvi J\u016brmalas skolu te\u0101tru skat\u0113 (05.04.2023.)<\/h5>\n\n\n\nngg_shortcode_17_placeholder\n\n\n\n<h5 class=\"wp-block-heading\">Sacens\u012bbas volejbol\u0101 &#8220;top! kauss&#8221; (16.02.2023.)<\/h5>\n\n\n\nngg_shortcode_18_placeholder\n\n\n\n<h5 class=\"wp-block-heading\">J\u016brmalas Valsts \u0123imn\u0101zijas v\u0113rt\u012bbas skol\u0113nu izpratn\u0113<\/h5>\n\n\n\nngg_shortcode_19_placeholder\n\n\n\n<h5 class=\"wp-block-heading\">Improviz\u0101ciju vakars &#8220;Viss ir \u012bsts, viss ir re\u0101ls! Ticiet mums!&#8221;<\/h5>\n\n\n\nngg_shortcode_20_placeholder\n\n\n\n<h5 class=\"wp-block-heading\">Instal\u0101cija \u201cGaisma pret\u012b \u013caunajam\u201d velt\u012bta 1991. gada Barik\u0101\u017eu dienu piemi\u0146ai<\/h5>\n\n\n\nngg_shortcode_21_placeholder\n\n\n\n<h5 class=\"wp-block-heading\">Ilustratora Zahara Ze vad\u012bta koprades darbn\u012bca 10. klases vizu\u0101l\u0101s m\u0101kslas stund\u0101<\/h5>\n\n\n\nngg_shortcode_22_placeholder\n\n\n\n<h5 class=\"wp-block-heading\">JV\u0122 Gada Balva 2023<\/h5>\n\n\n\nngg_shortcode_23_placeholder\n\n\n\n<h5 class=\"wp-block-heading\">11. kla\u0161u skol\u0113ni apmekl\u0113 Ziemassv\u0113tku kauju muzeju un T\u012bre\u013cpurvu<\/h5>\n\n\n\nngg_shortcode_24_placeholder\n\n\n\n\n\n<h5 class=\"wp-block-heading\"><strong>Agnese Rakovska <\/strong>J\u016brmalas Valsts \u0123imn\u0101zij\u0101 vada m\u016bzikas nodarb\u012bbas (22.11.2022.)<\/h5>\n\n\n\nngg_shortcode_25_placeholder\n\n\n\n<h5 class=\"wp-block-heading\">9. kla\u0161u izlaidums (17.06.2022)<\/h5>\n\n\n\nngg_shortcode_26_placeholder\n\n\n\n<div class=\"wp-block-group is-layout-flow wp-block-group-is-layout-flow\">\n<h5 class=\"wp-block-heading\">9. kla\u0161u p\u0113d\u0113jais zvans (19.05.2022.)<\/h5>\n\n\n\nngg_shortcode_27_placeholder\n<\/div>\n\n\n\n<div class=\"wp-block-group is-layout-flow wp-block-group-is-layout-flow\">\n<h5 class=\"wp-block-heading\">POPIELA 2022 (vidusskola)<\/h5>\n\n\n\nngg_shortcode_28_placeholder\n<\/div>\n\n\n\n<div class=\"wp-block-group is-layout-flow wp-block-group-is-layout-flow\">\n<h5 class=\"wp-block-heading\">POPIELA 2022 (pamatskola)<\/h5>\n\n\n\nngg_shortcode_29_placeholder\n<\/div>\n\n\n\n<div class=\"wp-block-group is-layout-flow wp-block-group-is-layout-flow\">\n<h5 class=\"wp-block-heading\"><strong>7. klases skol\u0113niem sporta stunda slidotav\u0101 (2022.02.)<\/strong><\/h5>\n\n\n\nngg_shortcode_30_placeholder\n<\/div>\n\n\n\n<div class=\"wp-block-group is-layout-flow wp-block-group-is-layout-flow\">\n<h5 class=\"wp-block-heading\">Virtu\u0101la tik\u0161an\u0101s LU Atomfizikas un spektroskopijas instit\u016bt\u0101 (2021.01.)<\/h5>\n\n\n\nngg_shortcode_31_placeholder\n<\/div>\n","protected":false},"excerpt":{"rendered":"<p>J\u016brmalas skol\u0113nu vok\u0101l\u0101s m\u016bzikas konkurss &#8220;Balsis&#8221; (19.02.2026.) J\u016brmalas Valsts \u0123imn\u0101zijas sportisti Latvijas skolu Ziemas festiv\u0101l\u0101 2025 12.III klases skol\u0113ni eksperiment\u0113 [&hellip;]<\/p>\n","protected":false},"author":1,"featured_media":0,"parent":0,"menu_order":0,"comment_status":"closed","ping_status":"closed","template":"","meta":{"ngg_post_thumbnail":0,"footnotes":""},"class_list":["post-31","page","type-page","status-publish","hentry"],"_links":{"self":[{"href":"https:\/\/jvg.lv\/new\/index.php?rest_route=\/wp\/v2\/pages\/31","targetHints":{"allow":["GET"]}}],"collection":[{"href":"https:\/\/jvg.lv\/new\/index.php?rest_route=\/wp\/v2\/pages"}],"about":[{"href":"https:\/\/jvg.lv\/new\/index.php?rest_route=\/wp\/v2\/types\/page"}],"author":[{"embeddable":true,"href":"https:\/\/jvg.lv\/new\/index.php?rest_route=\/wp\/v2\/users\/1"}],"replies":[{"embeddable":true,"href":"https:\/\/jvg.lv\/new\/index.php?rest_route=%2Fwp%2Fv2%2Fcomments&post=31"}],"version-history":[{"count":97,"href":"https:\/\/jvg.lv\/new\/index.php?rest_route=\/wp\/v2\/pages\/31\/revisions"}],"predecessor-version":[{"id":4981,"href":"https:\/\/jvg.lv\/new\/index.php?rest_route=\/wp\/v2\/pages\/31\/revisions\/4981"}],"wp:attachment":[{"href":"https:\/\/jvg.lv\/new\/index.php?rest_route=%2Fwp%2Fv2%2Fmedia&parent=31"}],"curies":[{"name":"wp","href":"https:\/\/api.w.org\/{rel}","templated":true}]}}