{"id":308,"date":"2021-10-11T16:46:08","date_gmt":"2021-10-11T16:46:08","guid":{"rendered":"http:\/\/jvgmac.local\/?page_id=308"},"modified":"2026-01-15T11:03:35","modified_gmt":"2026-01-15T09:03:35","slug":"interesu-izglitiba","status":"publish","type":"page","link":"https:\/\/jvg.lv\/new\/?page_id=308","title":{"rendered":"Intere\u0161u izgl\u012bt\u012bba"},"content":{"rendered":"\n<div class=\"wp-block-buttons is-layout-flex wp-block-buttons-is-layout-flex\">\n<div class=\"wp-block-button is-style-fill\"><a class=\"wp-block-button__link wp-element-button\" href=\"https:\/\/jvg.lv\/new\/wp-content\/uploads\/2026\/01\/I-izgl_25_26.pdf\">Intere\u0161u izgl\u012bt\u012bbas nodarb\u012bbu saraksts<\/a><\/div>\n\n\n\n<div class=\"wp-block-button is-style-fill\"><a class=\"wp-block-button__link wp-element-button\" href=\"https:\/\/jvg.lv\/new\/wp-content\/uploads\/2025\/09\/iesnieg_interesu_25_26.docx\">Iesniegums dal\u012bbai intere\u0161u izgl\u012bt\u012bbas programm\u0101<\/a><\/div>\n<\/div>\n\n\n\n<p><\/p>\n\n\n\n<hr class=\"wp-block-separator has-alpha-channel-opacity\"\/>\n\n\n\n<h4 class=\"wp-block-heading\">\u0122imn\u0101zijas te\u0101tra kolekt\u012bvu sasniegumi J\u016brmalas skolu te\u0101tru skat\u0113<\/h4>\n\n\n\n<p>J\u016brmalas skolu te\u0101tru skat\u0113, kas notika 5. apr\u012bl\u012b, no \u0123imn\u0101zijas piedal\u012bj\u0101s divi kolekt\u012bvi: 5. kla\u0161u te\u0101tra pulci\u0146\u0161 skolot\u0101jas Benitas Karoles vad\u012bb\u0101 ar izr\u0101di I. Marg\u0113vi\u010da \u201eK\u0101 dundurs, ods, mu\u0161a un lapsenis gandr\u012bz atkl\u0101ja Zieme\u013cpolu\u201d, un 7. \u2013 10. kla\u0161u te\u0101tris re\u017eisores Daces Umbra\u0161ko vad\u012bb\u0101 ar pa\u0161rakst\u012btu lugu K. Be\u0137ere, E. Adiene un sk. Dace \u201cPar soli\u0146u, ap soli\u0146u, zem soli\u0146a, ne par soli\u0146u\u201d.<\/p>\n\n\n\n<p>Skates \u017e\u016brija: aktieris, pas\u0101kumu vad\u012bt\u0101js Valters Krauze, J\u016brmalas te\u0101tra direktore, re\u017eisore Gunta M\u012blenberga, aktieris un m\u016bzi\u0137is \u0122irts Alsters, re\u017eisors un aktieris M\u0101rti\u0146\u0161 Kagainis abas izr\u0101des nov\u0113rt\u0113ja atzin\u012bgi un abi \u0123imn\u0101zijas kolekt\u012bvi ieguva AUGST\u0100K\u0100S pak\u0101pes.<\/p>\n\n\n\n<p>Par lab\u0101kajiem aktieriem \u017e\u016brijas v\u0113rt\u0113jum\u0101 tika atz\u012bti: Santa Lasmane \u2013 Mu\u0161a Ku\u0161a, Juris Si\u010dkars \u2013 Dundurs Durs, Katr\u012bna Kurs\u012bte \u2013 Lapsenis Tapsenis, Alekss Dln\u0101ns \u2013 Ods Zigzags, Elizabete Na\u010dalova \u2013 Vabole, suns, Anete Kasparova \u2013 skolniece, burunduks, vecm\u0101mi\u0146a, Aleksejs Radionovs \u2013 skolnieks, laup\u012bt\u0101js, Laura Jauna\u0161\u0101ne \u2013 Caca, Viktorija Ku\u013cikova \u2013 Caca \u2013 divas vien\u0101, Viktorija Br\u012bvkalne \u2013 Caca \u2013 divas vien\u0101.<\/p>\n\n\n\nngg_shortcode_0_placeholder\n","protected":false},"excerpt":{"rendered":"<p>\u0122imn\u0101zijas te\u0101tra kolekt\u012bvu sasniegumi J\u016brmalas skolu te\u0101tru skat\u0113 J\u016brmalas skolu te\u0101tru skat\u0113, kas notika 5. apr\u012bl\u012b, no \u0123imn\u0101zijas piedal\u012bj\u0101s divi [&hellip;]<\/p>\n","protected":false},"author":1,"featured_media":0,"parent":67,"menu_order":0,"comment_status":"closed","ping_status":"closed","template":"","meta":{"ngg_post_thumbnail":0,"footnotes":""},"class_list":["post-308","page","type-page","status-publish","hentry"],"_links":{"self":[{"href":"https:\/\/jvg.lv\/new\/index.php?rest_route=\/wp\/v2\/pages\/308","targetHints":{"allow":["GET"]}}],"collection":[{"href":"https:\/\/jvg.lv\/new\/index.php?rest_route=\/wp\/v2\/pages"}],"about":[{"href":"https:\/\/jvg.lv\/new\/index.php?rest_route=\/wp\/v2\/types\/page"}],"author":[{"embeddable":true,"href":"https:\/\/jvg.lv\/new\/index.php?rest_route=\/wp\/v2\/users\/1"}],"replies":[{"embeddable":true,"href":"https:\/\/jvg.lv\/new\/index.php?rest_route=%2Fwp%2Fv2%2Fcomments&post=308"}],"version-history":[{"count":20,"href":"https:\/\/jvg.lv\/new\/index.php?rest_route=\/wp\/v2\/pages\/308\/revisions"}],"predecessor-version":[{"id":4745,"href":"https:\/\/jvg.lv\/new\/index.php?rest_route=\/wp\/v2\/pages\/308\/revisions\/4745"}],"up":[{"embeddable":true,"href":"https:\/\/jvg.lv\/new\/index.php?rest_route=\/wp\/v2\/pages\/67"}],"wp:attachment":[{"href":"https:\/\/jvg.lv\/new\/index.php?rest_route=%2Fwp%2Fv2%2Fmedia&parent=308"}],"curies":[{"name":"wp","href":"https:\/\/api.w.org\/{rel}","templated":true}]}}