{"id":306,"date":"2021-10-11T16:45:22","date_gmt":"2021-10-11T16:45:22","guid":{"rendered":"http:\/\/jvgmac.local\/?page_id=306"},"modified":"2026-02-04T15:28:14","modified_gmt":"2026-02-04T13:28:14","slug":"stundu-saraksts","status":"publish","type":"page","link":"https:\/\/jvg.lv\/new\/?page_id=306","title":{"rendered":"Stundu saraksts"},"content":{"rendered":"\n<div class=\"wp-block-buttons is-layout-flex wp-block-buttons-is-layout-flex\">\n<div class=\"wp-block-button is-style-outline is-style-outline--1\"><a class=\"wp-block-button__link wp-element-button\" href=\"https:\/\/docs.google.com\/spreadsheets\/d\/1b2kx0E0EmDFUTibVVD0YLRCvuKSor7Wc\/edit?usp=sharing&amp;ouid=103655002963874860898&amp;rtpof=true&amp;sd=true\">1. &#8211; 4. klasei<\/a><\/div>\n\n\n\n<div class=\"wp-block-button is-style-outline is-style-outline--2\"><a class=\"wp-block-button__link wp-element-button\" href=\"https:\/\/jurmalalv-my.sharepoint.com\/:x:\/g\/personal\/liana_annuskane_edu_jurmala_lv\/Edx1wS2h9yBDoDV4Z58NHcMBlI2EtV_e745rw4L4_ocLTg?e=kvIsUU\">5. &#8211; 12. klasei<\/a><\/div>\n<\/div>\n\n\n\n<h4 class=\"wp-block-heading\">Stundu laiki 1. &#8211; 4. klasei<\/h4>\n\n\n\n<div class=\"wp-block-buttons is-layout-flex wp-block-buttons-is-layout-flex\">\n<div class=\"wp-block-button is-style-outline is-style-outline--3\"><a class=\"wp-block-button__link wp-element-button\" href=\"https:\/\/jvg.lv\/new\/wp-content\/uploads\/2024\/09\/st_laiki_1_4_kl.pdf\">\u0160eit<\/a><\/div>\n<\/div>\n\n\n\n<h4 class=\"wp-block-heading\">Stundu laiki 5. &#8211; 12. klasei<\/h4>\n\n\n\n<div class=\"wp-block-buttons is-layout-flex wp-block-buttons-is-layout-flex\">\n<div class=\"wp-block-button is-style-outline is-style-outline--4\"><a class=\"wp-block-button__link wp-element-button\" href=\"https:\/\/jvg.lv\/new\/wp-content\/uploads\/2025\/10\/stundas_starpbr_5_12_kl_2025.pdf\">\u0160eit<\/a><\/div>\n<\/div>\n\n\n\n<h4 class=\"wp-block-heading\" id=\"izmainas-stundu-saraksta\">Izmai\u0146as m\u0101c\u012bbu priek\u0161metu&nbsp;stundu sarakst\u0101&nbsp;1. \u2013 4.&nbsp;klasei<\/h4>\n\n\n\n<div class=\"wp-block-buttons is-layout-flex wp-block-buttons-is-layout-flex\">\n<div class=\"wp-block-button is-style-outline is-style-outline--5\"><a class=\"wp-block-button__link wp-element-button\" href=\"https:\/\/docs.google.com\/spreadsheets\/d\/1bPkWTZYb_VP_8lb-1JllvhhFMhB58U-PXcewK6kbfiE\/edit?usp=sharing\">\u0160eit<\/a><\/div>\n<\/div>\n\n\n\n<h4 class=\"wp-block-heading\">Izmai\u0146as m\u0101c\u012bbu priek\u0161metu stundu sarakst\u0101 5. \u2013 12 . klasei<\/h4>\n\n\n\n<div class=\"wp-block-buttons is-layout-flex wp-block-buttons-is-layout-flex\">\n<div class=\"wp-block-button is-style-outline is-style-outline--6\"><a class=\"wp-block-button__link wp-element-button\" href=\"https:\/\/docs.google.com\/spreadsheets\/d\/1wyQulaigwo3-MqHwZYtB7Tk8UvLe6el8rCP0J_sv2VA\/edit?usp=sharing\">\u0160eit<\/a><\/div>\n<\/div>\n\n\n\n<h4 class=\"wp-block-heading\">Konsult\u0101ciju grafiks<\/h4>\n\n\n\n<div class=\"wp-block-buttons is-layout-flex wp-block-buttons-is-layout-flex\">\n<div class=\"wp-block-button is-style-outline is-style-outline--7\"><a class=\"wp-block-button__link wp-element-button\" href=\"https:\/\/docs.google.com\/spreadsheets\/d\/1AfJdvlFSHb1NbgVFfrz32cciIaA3URQc\/edit?usp=sharing&amp;ouid=108887910591076089397&amp;rtpof=true&amp;sd=true\">\u0160eit<\/a><\/div>\n<\/div>\n\n\n\n<div class=\"wp-block-buttons is-layout-flex wp-block-buttons-is-layout-flex\"><\/div>\n","protected":false},"excerpt":{"rendered":"<p>Stundu laiki 1. &#8211; 4. klasei Stundu laiki 5. &#8211; 12. klasei Izmai\u0146as m\u0101c\u012bbu priek\u0161metu&nbsp;stundu sarakst\u0101&nbsp;1. \u2013 4.&nbsp;klasei Izmai\u0146as m\u0101c\u012bbu [&hellip;]<\/p>\n","protected":false},"author":1,"featured_media":0,"parent":67,"menu_order":0,"comment_status":"closed","ping_status":"closed","template":"","meta":{"ngg_post_thumbnail":0,"footnotes":""},"class_list":["post-306","page","type-page","status-publish","hentry"],"_links":{"self":[{"href":"https:\/\/jvg.lv\/new\/index.php?rest_route=\/wp\/v2\/pages\/306","targetHints":{"allow":["GET"]}}],"collection":[{"href":"https:\/\/jvg.lv\/new\/index.php?rest_route=\/wp\/v2\/pages"}],"about":[{"href":"https:\/\/jvg.lv\/new\/index.php?rest_route=\/wp\/v2\/types\/page"}],"author":[{"embeddable":true,"href":"https:\/\/jvg.lv\/new\/index.php?rest_route=\/wp\/v2\/users\/1"}],"replies":[{"embeddable":true,"href":"https:\/\/jvg.lv\/new\/index.php?rest_route=%2Fwp%2Fv2%2Fcomments&post=306"}],"version-history":[{"count":35,"href":"https:\/\/jvg.lv\/new\/index.php?rest_route=\/wp\/v2\/pages\/306\/revisions"}],"predecessor-version":[{"id":4786,"href":"https:\/\/jvg.lv\/new\/index.php?rest_route=\/wp\/v2\/pages\/306\/revisions\/4786"}],"up":[{"embeddable":true,"href":"https:\/\/jvg.lv\/new\/index.php?rest_route=\/wp\/v2\/pages\/67"}],"wp:attachment":[{"href":"https:\/\/jvg.lv\/new\/index.php?rest_route=%2Fwp%2Fv2%2Fmedia&parent=306"}],"curies":[{"name":"wp","href":"https:\/\/api.w.org\/{rel}","templated":true}]}}