{"id":302,"date":"2021-10-11T16:42:59","date_gmt":"2021-10-11T16:42:59","guid":{"rendered":"http:\/\/jvgmac.local\/?page_id=302"},"modified":"2025-10-13T15:14:47","modified_gmt":"2025-10-13T12:14:47","slug":"izglitibas-programmas","status":"publish","type":"page","link":"https:\/\/jvg.lv\/new\/?page_id=302","title":{"rendered":"Izgl\u012bt\u012bbas programmas"},"content":{"rendered":"\n<h4 class=\"wp-block-heading has-medium-font-size\">Pamatizgl\u012bt\u012bbas pirm\u0101 posma (1.\u20136. klase) izgl\u012bt\u012bbas programma<br>(izgl\u012bt\u012bbas programmas kods 11011111)<\/h4>\n\n\n\n<div class=\"wp-block-buttons is-layout-flex wp-block-buttons-is-layout-flex\">\n<div class=\"wp-block-button is-style-outline is-style-outline--1\"><a class=\"wp-block-button__link wp-element-button\" href=\"https:\/\/jvg.lv\/new\/wp-content\/uploads\/2025\/09\/programma_1_6_kl.pdf\">\u0160eit<\/a><\/div>\n<\/div>\n\n\n\n<h4 class=\"wp-block-heading has-medium-font-size\">Pamatizgl\u012bt\u012bbas otr\u0101 posma (7. &#8211; 9. klase) izgl\u012bt\u012bbas programma<br>(izgl\u012bt\u012bbas programmas kods 23011111)<\/h4>\n\n\n\n<div class=\"wp-block-buttons is-layout-flex wp-block-buttons-is-layout-flex\">\n<div class=\"wp-block-button is-style-outline is-style-outline--2\"><a class=\"wp-block-button__link wp-element-button\" href=\"https:\/\/jvg.lv\/new\/wp-content\/uploads\/2023\/09\/programma_7_9_kl.pdf\">\u0160eit<\/a><\/div>\n<\/div>\n\n\n\n<h4 class=\"wp-block-heading has-medium-font-size\">Visp\u0101r\u0113j\u0101s vid\u0113j\u0101s izgl\u012bt\u012bbas programma (2024.\/2025. m.g. 10. kl.)<br>(izgl\u012bt\u012bbas programmas kods 31016011)<\/h4>\n\n\n\n<div class=\"wp-block-buttons is-layout-flex wp-block-buttons-is-layout-flex\">\n<div class=\"wp-block-button is-style-outline is-style-outline--3\"><a class=\"wp-block-button__link wp-element-button\" href=\"https:\/\/jvg.lv\/new\/wp-content\/uploads\/2024\/09\/grozi_2024_2025.pdf\">\u0160eit<\/a><\/div>\n<\/div>\n\n\n\n<h4 class=\"wp-block-heading has-medium-font-size\">Visp\u0101r\u0113j\u0101s vid\u0113j\u0101s izgl\u012bt\u012bbas programma (2024.\/2025. m.g. 11. kl.)<br>(izgl\u012bt\u012bbas programmas kods 31016011)<\/h4>\n\n\n\n<div class=\"wp-block-buttons is-layout-flex wp-block-buttons-is-layout-flex\">\n<div class=\"wp-block-button is-style-outline is-style-outline--4\"><a class=\"wp-block-button__link wp-element-button\" href=\"https:\/\/jvg.lv\/new\/wp-content\/uploads\/2023\/09\/grozi_no_2023_2024.pdf\">\u0160eit<\/a><\/div>\n<\/div>\n\n\n\n<div class=\"wp-block-buttons is-layout-flex wp-block-buttons-is-layout-flex\"><\/div>\n\n\n\n<h4 class=\"wp-block-heading has-medium-font-size\">Speci\u0101l\u0101s pamatizgl\u012bt\u012bbas programma izgl\u012btojamajiem ar m\u0101c\u012b\u0161an\u0101s trauc\u0113jumiem<br>(izgl\u012bt\u012bbas programmas kods 21015611)<\/h4>\n\n\n\n<div class=\"wp-block-buttons is-layout-flex wp-block-buttons-is-layout-flex\">\n<div class=\"wp-block-button is-style-outline is-style-outline--5\"><a class=\"wp-block-button__link wp-element-button\" href=\"https:\/\/jvg.lv\/new\/wp-content\/uploads\/2025\/09\/programma_spec_1_9_kl.pdf\">\u0160eit<\/a><\/div>\n<\/div>\n\n\n\n<hr class=\"wp-block-separator has-alpha-channel-opacity\"\/>\n\n\n\n<p><\/p>\n\n\n\n<p><\/p>\n","protected":false},"excerpt":{"rendered":"<p>Pamatizgl\u012bt\u012bbas pirm\u0101 posma (1.\u20136. klase) izgl\u012bt\u012bbas programma(izgl\u012bt\u012bbas programmas kods 11011111) Pamatizgl\u012bt\u012bbas otr\u0101 posma (7. &#8211; 9. klase) izgl\u012bt\u012bbas programma(izgl\u012bt\u012bbas programmas [&hellip;]<\/p>\n","protected":false},"author":1,"featured_media":0,"parent":67,"menu_order":0,"comment_status":"closed","ping_status":"closed","template":"","meta":{"ngg_post_thumbnail":0,"footnotes":""},"class_list":["post-302","page","type-page","status-publish","hentry"],"_links":{"self":[{"href":"https:\/\/jvg.lv\/new\/index.php?rest_route=\/wp\/v2\/pages\/302","targetHints":{"allow":["GET"]}}],"collection":[{"href":"https:\/\/jvg.lv\/new\/index.php?rest_route=\/wp\/v2\/pages"}],"about":[{"href":"https:\/\/jvg.lv\/new\/index.php?rest_route=\/wp\/v2\/types\/page"}],"author":[{"embeddable":true,"href":"https:\/\/jvg.lv\/new\/index.php?rest_route=\/wp\/v2\/users\/1"}],"replies":[{"embeddable":true,"href":"https:\/\/jvg.lv\/new\/index.php?rest_route=%2Fwp%2Fv2%2Fcomments&post=302"}],"version-history":[{"count":41,"href":"https:\/\/jvg.lv\/new\/index.php?rest_route=\/wp\/v2\/pages\/302\/revisions"}],"predecessor-version":[{"id":4559,"href":"https:\/\/jvg.lv\/new\/index.php?rest_route=\/wp\/v2\/pages\/302\/revisions\/4559"}],"up":[{"embeddable":true,"href":"https:\/\/jvg.lv\/new\/index.php?rest_route=\/wp\/v2\/pages\/67"}],"wp:attachment":[{"href":"https:\/\/jvg.lv\/new\/index.php?rest_route=%2Fwp%2Fv2%2Fmedia&parent=302"}],"curies":[{"name":"wp","href":"https:\/\/api.w.org\/{rel}","templated":true}]}}