{"id":30,"date":"2021-10-04T17:09:17","date_gmt":"2021-10-04T17:09:17","guid":{"rendered":"http:\/\/jvgmac.local\/?page_id=30"},"modified":"2023-02-22T16:43:07","modified_gmt":"2023-02-22T14:43:07","slug":"metodiskais-centrs","status":"publish","type":"page","link":"https:\/\/jvg.lv\/new\/?page_id=30","title":{"rendered":"METODISKAIS CENTRS"},"content":{"rendered":"\n<h4 class=\"wp-block-heading\">J\u016brmalas Valsts \u0123imn\u0101zijas metodisk\u0101 un t\u0101l\u0101kizgl\u012bt\u012bbas centra darba reglaments <\/h4>\n\n\n\n<div class=\"wp-block-buttons is-layout-flex wp-block-buttons-is-layout-flex\">\n<div class=\"wp-block-button is-style-outline is-style-outline--1\"><a class=\"wp-block-button__link wp-element-button\" href=\"https:\/\/jvg.lv\/new\/wp-content\/uploads\/2023\/02\/metod_centra_reglaments.pdf\">\u0160eit<\/a><\/div>\n<\/div>\n","protected":false},"excerpt":{"rendered":"<p>J\u016brmalas Valsts \u0123imn\u0101zijas metodisk\u0101 un t\u0101l\u0101kizgl\u012bt\u012bbas centra darba reglaments<\/p>\n","protected":false},"author":1,"featured_media":0,"parent":0,"menu_order":0,"comment_status":"closed","ping_status":"closed","template":"","meta":{"ngg_post_thumbnail":0,"footnotes":""},"class_list":["post-30","page","type-page","status-publish","hentry"],"_links":{"self":[{"href":"https:\/\/jvg.lv\/new\/index.php?rest_route=\/wp\/v2\/pages\/30","targetHints":{"allow":["GET"]}}],"collection":[{"href":"https:\/\/jvg.lv\/new\/index.php?rest_route=\/wp\/v2\/pages"}],"about":[{"href":"https:\/\/jvg.lv\/new\/index.php?rest_route=\/wp\/v2\/types\/page"}],"author":[{"embeddable":true,"href":"https:\/\/jvg.lv\/new\/index.php?rest_route=\/wp\/v2\/users\/1"}],"replies":[{"embeddable":true,"href":"https:\/\/jvg.lv\/new\/index.php?rest_route=%2Fwp%2Fv2%2Fcomments&post=30"}],"version-history":[{"count":4,"href":"https:\/\/jvg.lv\/new\/index.php?rest_route=\/wp\/v2\/pages\/30\/revisions"}],"predecessor-version":[{"id":1966,"href":"https:\/\/jvg.lv\/new\/index.php?rest_route=\/wp\/v2\/pages\/30\/revisions\/1966"}],"wp:attachment":[{"href":"https:\/\/jvg.lv\/new\/index.php?rest_route=%2Fwp%2Fv2%2Fmedia&parent=30"}],"curies":[{"name":"wp","href":"https:\/\/api.w.org\/{rel}","templated":true}]}}