{"id":261,"date":"2021-10-07T09:28:06","date_gmt":"2021-10-07T09:28:06","guid":{"rendered":"http:\/\/jvgmac.local\/?page_id=261"},"modified":"2023-01-18T12:59:02","modified_gmt":"2023-01-18T10:59:02","slug":"kontakti","status":"publish","type":"page","link":"https:\/\/jvg.lv\/new\/?page_id=261","title":{"rendered":"KONTAKTI"},"content":{"rendered":"\n<h3 class=\"wp-block-heading\" id=\"jurmalas-valsts-gimnazija\">J\u016brmalas Valsts \u0123imn\u0101zija<\/h3>\n\n\n\n<p>Adrese: Rai\u0146a iela 55, J\u016brmala, LV-2011<\/p>\n\n\n\n<p>T\u0101lr.: (+371) 67735842<\/p>\n\n\n\n<p>E-pasts: jvg@edu.jurmala.lv<\/p>\n\n\n\n<iframe src=\"https:\/\/www.google.com\/maps\/embed?pb=!1m14!1m8!1m3!1d91273.19982155637!2d23.76361328909944!3d56.94234917338519!3m2!1i1024!2i768!4f13.1!3m3!1m2!1s0x46eee6d3bffb47f3%3A0x90c61aa69822b757!2sRai%C5%86a%20iela%2055%2C%20Jurmala%2C%20LV-2011!5e0!3m2!1slv!2slv!4v1674039033634!5m2!1slv!2slv\" width=\"600\" height=\"450\" style=\"border:0;\" allowfullscreen=\"\" loading=\"lazy\" referrerpolicy=\"no-referrer-when-downgrade\"><\/iframe>\n","protected":false},"excerpt":{"rendered":"<p>J\u016brmalas Valsts \u0123imn\u0101zija Adrese: Rai\u0146a iela 55, J\u016brmala, LV-2011 T\u0101lr.: (+371) 67735842 E-pasts: jvg@edu.jurmala.lv<\/p>\n","protected":false},"author":1,"featured_media":0,"parent":0,"menu_order":0,"comment_status":"closed","ping_status":"closed","template":"","meta":{"ngg_post_thumbnail":0,"footnotes":""},"class_list":["post-261","page","type-page","status-publish","hentry"],"_links":{"self":[{"href":"https:\/\/jvg.lv\/new\/index.php?rest_route=\/wp\/v2\/pages\/261","targetHints":{"allow":["GET"]}}],"collection":[{"href":"https:\/\/jvg.lv\/new\/index.php?rest_route=\/wp\/v2\/pages"}],"about":[{"href":"https:\/\/jvg.lv\/new\/index.php?rest_route=\/wp\/v2\/types\/page"}],"author":[{"embeddable":true,"href":"https:\/\/jvg.lv\/new\/index.php?rest_route=\/wp\/v2\/users\/1"}],"replies":[{"embeddable":true,"href":"https:\/\/jvg.lv\/new\/index.php?rest_route=%2Fwp%2Fv2%2Fcomments&post=261"}],"version-history":[{"count":13,"href":"https:\/\/jvg.lv\/new\/index.php?rest_route=\/wp\/v2\/pages\/261\/revisions"}],"predecessor-version":[{"id":1572,"href":"https:\/\/jvg.lv\/new\/index.php?rest_route=\/wp\/v2\/pages\/261\/revisions\/1572"}],"wp:attachment":[{"href":"https:\/\/jvg.lv\/new\/index.php?rest_route=%2Fwp%2Fv2%2Fmedia&parent=261"}],"curies":[{"name":"wp","href":"https:\/\/api.w.org\/{rel}","templated":true}]}}