{"id":242,"date":"2021-10-06T20:22:33","date_gmt":"2021-10-06T20:22:33","guid":{"rendered":"http:\/\/jvgmac.local\/?page_id=242"},"modified":"2024-11-01T15:12:35","modified_gmt":"2024-11-01T13:12:35","slug":"pasnovertejuma-zinojumi","status":"publish","type":"page","link":"https:\/\/jvg.lv\/new\/?page_id=242","title":{"rendered":"Pa\u0161nov\u0113rt\u0113juma zi\u0146ojumi"},"content":{"rendered":"\n<h4 class=\"wp-block-heading\">Pa\u0161nov\u0113rt\u0113juma zi\u0146ojums 2023.\/2024. m\u0101c. g.<\/h4>\n\n\n\n<div class=\"wp-block-buttons is-layout-flex wp-block-buttons-is-layout-flex\">\n<div class=\"wp-block-button is-style-outline is-style-outline--1\"><a class=\"wp-block-button__link wp-element-button\" href=\"https:\/\/jvg.lv\/new\/wp-content\/uploads\/2024\/11\/JVG_pasnovert_zinoj_2023_2024.pdf\">\u0160eit<\/a><\/div>\n<\/div>\n\n\n\n<h4 class=\"wp-block-heading\">Pa\u0161nov\u0113rt\u0113juma zi\u0146ojums 2022.\/2023. m\u0101c. g.<\/h4>\n\n\n\n<div class=\"wp-block-buttons is-layout-flex wp-block-buttons-is-layout-flex\">\n<div class=\"wp-block-button is-style-outline is-style-outline--2\"><a class=\"wp-block-button__link wp-element-button\" href=\"https:\/\/jvg.lv\/new\/wp-content\/uploads\/2024\/03\/pasnovert_zinoj_2022_2023.pdf\">\u0160eit<\/a><\/div>\n<\/div>\n\n\n\n<h4 class=\"wp-block-heading\">Pa\u0161nov\u0113rt\u0113juma zi\u0146ojums 2021.\/2022. m\u0101c. g.<\/h4>\n\n\n\n<div class=\"wp-block-buttons is-layout-flex wp-block-buttons-is-layout-flex\">\n<div class=\"wp-block-button is-style-outline is-style-outline--3\"><a class=\"wp-block-button__link wp-element-button\" href=\"http:\/\/jvg.lv\/new\/wp-content\/uploads\/2022\/11\/pasnovertej_zinojums_2021_2022.pdf\">\u0160eit<\/a><\/div>\n<\/div>\n\n\n\n<p><\/p>\n","protected":false},"excerpt":{"rendered":"<p>Pa\u0161nov\u0113rt\u0113juma zi\u0146ojums 2023.\/2024. m\u0101c. g. Pa\u0161nov\u0113rt\u0113juma zi\u0146ojums 2022.\/2023. m\u0101c. g. Pa\u0161nov\u0113rt\u0113juma zi\u0146ojums 2021.\/2022. m\u0101c. g.<\/p>\n","protected":false},"author":1,"featured_media":0,"parent":200,"menu_order":0,"comment_status":"closed","ping_status":"closed","template":"","meta":{"ngg_post_thumbnail":0,"footnotes":""},"class_list":["post-242","page","type-page","status-publish","hentry"],"_links":{"self":[{"href":"https:\/\/jvg.lv\/new\/index.php?rest_route=\/wp\/v2\/pages\/242","targetHints":{"allow":["GET"]}}],"collection":[{"href":"https:\/\/jvg.lv\/new\/index.php?rest_route=\/wp\/v2\/pages"}],"about":[{"href":"https:\/\/jvg.lv\/new\/index.php?rest_route=\/wp\/v2\/types\/page"}],"author":[{"embeddable":true,"href":"https:\/\/jvg.lv\/new\/index.php?rest_route=\/wp\/v2\/users\/1"}],"replies":[{"embeddable":true,"href":"https:\/\/jvg.lv\/new\/index.php?rest_route=%2Fwp%2Fv2%2Fcomments&post=242"}],"version-history":[{"count":15,"href":"https:\/\/jvg.lv\/new\/index.php?rest_route=\/wp\/v2\/pages\/242\/revisions"}],"predecessor-version":[{"id":3746,"href":"https:\/\/jvg.lv\/new\/index.php?rest_route=\/wp\/v2\/pages\/242\/revisions\/3746"}],"up":[{"embeddable":true,"href":"https:\/\/jvg.lv\/new\/index.php?rest_route=\/wp\/v2\/pages\/200"}],"wp:attachment":[{"href":"https:\/\/jvg.lv\/new\/index.php?rest_route=%2Fwp%2Fv2%2Fmedia&parent=242"}],"curies":[{"name":"wp","href":"https:\/\/api.w.org\/{rel}","templated":true}]}}