{"id":235,"date":"2021-10-06T20:07:08","date_gmt":"2021-10-06T20:07:08","guid":{"rendered":"http:\/\/jvgmac.local\/?page_id=235"},"modified":"2022-11-02T10:17:43","modified_gmt":"2022-11-02T10:17:43","slug":"drosibas-noteikumi","status":"publish","type":"page","link":"https:\/\/jvg.lv\/new\/?page_id=235","title":{"rendered":"Dro\u0161\u012bbas noteikumi"},"content":{"rendered":"\n<h4 class=\"wp-block-heading\" id=\"ekskursiju-un-pargajienu-organizesanas-kartibas-un-drosibas-noteikumi\"><a href=\"http:\/\/jvg.lv\/new\/wp-content\/uploads\/2022\/01\/Ekskursiju-un-pargajienu-organizesanas-kartibas-un-drosibas-noteikumi.pdf\">Ekskursiju un p\u0101rg\u0101jienu organiz\u0113\u0161anas k\u0101rt\u012bbas un dro\u0161\u012bbas noteikumi<\/a><\/h4>\n\n\n\n<h4 class=\"wp-block-heading\" id=\"pasakumu-organizesanas-kartibas-un-drosibas-noteikumi\"><a href=\"http:\/\/jvg.lv\/new\/wp-content\/uploads\/2022\/11\/pasakumu_organiz_drosiba.pdf\">Pas\u0101kumu organiz\u0113\u0161anas k\u0101rt\u012bbas un dro\u0161\u012bbas noteikumi<\/a><\/h4>\n\n\n\n<h4 class=\"wp-block-heading\" id=\"sporta-sacensibu-un-nodarbibu-organizesanas-kartibas-un-drosibas-noteikumi\"><a href=\"http:\/\/jvg.lv\/new\/wp-content\/uploads\/2022\/01\/Sporta-sacensibu-un-nodarbibu-organizesanas-kartibas-un-drosibas-noteikumi.pdf\">Sporta sacens\u012bbu un nodarb\u012bbu organiz\u0113\u0161anas k\u0101rt\u012bbas un dro\u0161\u012bbas noteikumi<\/a><\/h4>\n\n\n\n<h4 class=\"wp-block-heading\" id=\"traumu-un-peksnas-saslimsanas-gadijumu-kartiba\"><a href=\"http:\/\/jvg.lv\/new\/wp-content\/uploads\/2022\/01\/Kartiba-par-ricibu-traumu-un-peksnas-saslimsanas-gadijumos.pdf\">Traumu un p\u0113k\u0161\u0146as saslim\u0161anas gad\u012bjumu k\u0101rt\u012bba<\/a><\/h4>\n","protected":false},"excerpt":{"rendered":"<p>Ekskursiju un p\u0101rg\u0101jienu organiz\u0113\u0161anas k\u0101rt\u012bbas un dro\u0161\u012bbas noteikumi Pas\u0101kumu organiz\u0113\u0161anas k\u0101rt\u012bbas un dro\u0161\u012bbas noteikumi Sporta sacens\u012bbu un nodarb\u012bbu organiz\u0113\u0161anas k\u0101rt\u012bbas [&hellip;]<\/p>\n","protected":false},"author":1,"featured_media":0,"parent":200,"menu_order":1,"comment_status":"closed","ping_status":"closed","template":"","meta":{"ngg_post_thumbnail":0,"footnotes":""},"class_list":["post-235","page","type-page","status-publish","hentry"],"_links":{"self":[{"href":"https:\/\/jvg.lv\/new\/index.php?rest_route=\/wp\/v2\/pages\/235","targetHints":{"allow":["GET"]}}],"collection":[{"href":"https:\/\/jvg.lv\/new\/index.php?rest_route=\/wp\/v2\/pages"}],"about":[{"href":"https:\/\/jvg.lv\/new\/index.php?rest_route=\/wp\/v2\/types\/page"}],"author":[{"embeddable":true,"href":"https:\/\/jvg.lv\/new\/index.php?rest_route=\/wp\/v2\/users\/1"}],"replies":[{"embeddable":true,"href":"https:\/\/jvg.lv\/new\/index.php?rest_route=%2Fwp%2Fv2%2Fcomments&post=235"}],"version-history":[{"count":10,"href":"https:\/\/jvg.lv\/new\/index.php?rest_route=\/wp\/v2\/pages\/235\/revisions"}],"predecessor-version":[{"id":1188,"href":"https:\/\/jvg.lv\/new\/index.php?rest_route=\/wp\/v2\/pages\/235\/revisions\/1188"}],"up":[{"embeddable":true,"href":"https:\/\/jvg.lv\/new\/index.php?rest_route=\/wp\/v2\/pages\/200"}],"wp:attachment":[{"href":"https:\/\/jvg.lv\/new\/index.php?rest_route=%2Fwp%2Fv2%2Fmedia&parent=235"}],"curies":[{"name":"wp","href":"https:\/\/api.w.org\/{rel}","templated":true}]}}