{"id":230,"date":"2021-10-06T19:55:06","date_gmt":"2021-10-06T19:55:06","guid":{"rendered":"http:\/\/jvgmac.local\/?page_id=230"},"modified":"2025-11-20T13:59:40","modified_gmt":"2025-11-20T11:59:40","slug":"noteikumi","status":"publish","type":"page","link":"https:\/\/jvg.lv\/new\/?page_id=230","title":{"rendered":"Noteikumi un k\u0101rt\u012bbas"},"content":{"rendered":"\n<h4 class=\"wp-block-heading has-medium-font-size\"><a href=\"https:\/\/jvg.lv\/new\/wp-content\/uploads\/2023\/02\/ieks_kart_noteik_ar-grozijumiem2023.pdf\" data-type=\"URL\" data-id=\"https:\/\/jvg.lv\/new\/wp-content\/uploads\/2023\/02\/ieks_kart_noteik_ar-grozijumiem2023.pdf\">Iek\u0161\u0113j\u0101s k\u0101rt\u012bbas noteikumi<\/a><\/h4>\n\n\n\n<h4 class=\"wp-block-heading has-medium-font-size\"><a href=\"https:\/\/jvg.lv\/new\/wp-content\/uploads\/2024\/09\/ieks_kart_grozij_10_09_2024.pdf\">Groz\u012bjumi iek\u0161\u0113j\u0101s k\u0101rt\u012bbas noteikumos (10.09.2024.)<\/a><\/h4>\n\n\n\n<h4 class=\"wp-block-heading has-medium-font-size\"><a href=\"https:\/\/jvg.lv\/new\/wp-content\/uploads\/2023\/02\/Rik_JVG_IKN_-grozijumi_evak_durvis.pdf\" data-type=\"URL\" data-id=\"https:\/\/jvg.lv\/new\/wp-content\/uploads\/2023\/02\/Rik_JVG_IKN_-grozijumi_evak_durvis.pdf\">Groz\u012bjumi iek\u0161\u0113j\u0101s k\u0101rt\u012bbas noteikumos (10.02.2023.)<\/a><\/h4>\n\n\n\n<h4 class=\"wp-block-heading has-medium-font-size\"><a href=\"https:\/\/jvg.lv\/new\/wp-content\/uploads\/2023\/02\/Grozijumi_ieks_kart_not_2023.pdf\" data-type=\"URL\" data-id=\"https:\/\/jvg.lv\/new\/wp-content\/uploads\/2023\/02\/Grozijumi_ieks_kart_not_2023.pdf\">Groz\u012bjumi iek\u0161\u0113j\u0101s k\u0101rt\u012bbas noteikumos (25.01.2023.)<\/a><\/h4>\n\n\n\n<h4 class=\"wp-block-heading has-medium-font-size\" id=\"grozijumi-jurmalas-valsts-gimnazijas-ieksejas-kartibas-noteikumos\"><a href=\"http:\/\/jvg.lv\/new\/wp-content\/uploads\/2021\/10\/JVG_ieks_kart_noteik_grozijumi.pdf\">Groz\u012bjumi&nbsp;J\u016brmalas Valsts \u0123imn\u0101zijas iek\u0161\u0113j\u0101s k\u0101rt\u012bbas noteikumos (Covid-19)<\/a> <\/h4>\n\n\n\n<h4 class=\"wp-block-heading has-medium-font-size\" id=\"personas-datu-aizsardzibas-noteikumi\"><a href=\"http:\/\/jvg.lv\/new\/wp-content\/uploads\/2021\/10\/JVG_personas_datu_aizsardzibas_noteikumi.pdf\">Personas datu apstr\u0101des aizsardz\u012bbas noteikumi<\/a><\/h4>\n\n\n\n<h4 class=\"wp-block-heading has-medium-font-size\" id=\"macibu-sasniegumu-vertesanas-kartiba\"><a href=\"https:\/\/jvg.lv\/new\/wp-content\/uploads\/2025\/11\/vertesanas_kartiba_2024.pdf\">M\u0101c\u012bbu sasniegumu v\u0113rt\u0113\u0161anas k\u0101rt\u012bba<\/a><\/h4>\n\n\n\n<h4 class=\"wp-block-heading has-medium-font-size\"><a href=\"https:\/\/jvg.lv\/new\/wp-content\/uploads\/2024\/09\/Izmainas_vertesanaa_2024.pdf\">Izmai\u0146as skol\u0113nu m\u0101c\u012bbu sasniegumu v\u0113rt\u0113\u0161anas k\u0101rt\u012bb\u0101 no 2024.\/2025. m.g. (infografika)<\/a><\/h4>\n\n\n\n<h4 class=\"wp-block-heading has-medium-font-size\" id=\"zpd-izstrades-kartiba\"><a href=\"https:\/\/jvg.lv\/new\/wp-content\/uploads\/2025\/01\/ZPD_izstrades_kartiba.pdf\">Skol\u0113nu zin\u0101tniski p\u0113tniecisko darbu izstr\u0101des k\u0101rt\u012bba<\/a><\/h4>\n\n\n\n<h4 class=\"wp-block-heading has-medium-font-size\"><a href=\"https:\/\/jvg.lv\/new\/wp-content\/uploads\/2023\/10\/riciba_apdraudejuma_gadijuma.pdf\" data-type=\"link\" data-id=\"https:\/\/jvg.lv\/new\/wp-content\/uploads\/2023\/10\/riciba_apdraudejuma_gadijuma.pdf\">K\u0101rt\u012bba par r\u012bc\u012bbu gad\u012bjumos, ja tiek sa\u0146emta inform\u0101cija par iesp\u0113jamiem draudiem izgl\u012bt\u012bbas iest\u0101dei<\/a><\/h4>\n\n\n\n<h4 class=\"wp-block-heading has-medium-font-size\"><a href=\"https:\/\/jvg.lv\/new\/wp-content\/uploads\/2022\/12\/darba_kartibas_noteik.pdf\">Darba k\u0101rt\u012bbas noteikumi<\/a><\/h4>\n\n\n\n<div class=\"wp-block-columns is-layout-flex wp-container-core-columns-is-layout-9d6595d7 wp-block-columns-is-layout-flex\">\n<div class=\"wp-block-column is-vertically-aligned-center is-layout-flow wp-block-column-is-layout-flow\">\n<h4 class=\"wp-block-heading\">\u0122imn\u0101zijas 5 (piecu) so\u013cu k\u0101rt\u012bba, k\u0101d\u0101 izskata skol\u0113na JV\u0122 iek\u0161\u0113j\u0101s k\u0101rt\u012bbas noteikumu p\u0101rk\u0101pumu (infografika)<\/h4>\n<\/div>\n\n\n\n<div class=\"wp-block-column is-layout-flow wp-block-column-is-layout-flow\">\n<figure class=\"wp-block-image size-medium\"><a href=\"https:\/\/jvg.lv\/new\/wp-content\/uploads\/2022\/12\/problemsituac_5_solju_kartiba-scaled.jpg\"><img loading=\"lazy\" decoding=\"async\" width=\"212\" height=\"300\" src=\"https:\/\/jvg.lv\/new\/wp-content\/uploads\/2022\/12\/problemsituac_5_solju_kartiba-212x300.jpg\" alt=\"\" class=\"wp-image-1397\" srcset=\"https:\/\/jvg.lv\/new\/wp-content\/uploads\/2022\/12\/problemsituac_5_solju_kartiba-212x300.jpg 212w, https:\/\/jvg.lv\/new\/wp-content\/uploads\/2022\/12\/problemsituac_5_solju_kartiba-724x1024.jpg 724w, https:\/\/jvg.lv\/new\/wp-content\/uploads\/2022\/12\/problemsituac_5_solju_kartiba-768x1086.jpg 768w, https:\/\/jvg.lv\/new\/wp-content\/uploads\/2022\/12\/problemsituac_5_solju_kartiba-1086x1536.jpg 1086w, https:\/\/jvg.lv\/new\/wp-content\/uploads\/2022\/12\/problemsituac_5_solju_kartiba-1448x2048.jpg 1448w, https:\/\/jvg.lv\/new\/wp-content\/uploads\/2022\/12\/problemsituac_5_solju_kartiba-scaled.jpg 1810w\" sizes=\"auto, (max-width: 212px) 100vw, 212px\" \/><\/a><\/figure>\n<\/div>\n<\/div>\n\n\n\n<div class=\"wp-block-columns is-layout-flex wp-container-core-columns-is-layout-9d6595d7 wp-block-columns-is-layout-flex\">\n<div class=\"wp-block-column is-vertically-aligned-center is-layout-flow wp-block-column-is-layout-flow\">\n<h4 class=\"wp-block-heading has-text-align-center\">Sv\u0113tku ap\u0123\u0113rbs<\/h4>\n<\/div>\n\n\n\n<div class=\"wp-block-column is-layout-flow wp-block-column-is-layout-flow\">\n<figure class=\"wp-block-image size-medium\"><a href=\"https:\/\/jvg.lv\/new\/wp-content\/uploads\/2021\/10\/Svetku_apgerbs_JVG.jpg\"><img loading=\"lazy\" decoding=\"async\" width=\"212\" height=\"300\" src=\"https:\/\/jvg.lv\/new\/wp-content\/uploads\/2021\/10\/Svetku_apgerbs_JVG-212x300.jpg\" alt=\"\" class=\"wp-image-406\" srcset=\"https:\/\/jvg.lv\/new\/wp-content\/uploads\/2021\/10\/Svetku_apgerbs_JVG-212x300.jpg 212w, https:\/\/jvg.lv\/new\/wp-content\/uploads\/2021\/10\/Svetku_apgerbs_JVG-724x1024.jpg 724w, https:\/\/jvg.lv\/new\/wp-content\/uploads\/2021\/10\/Svetku_apgerbs_JVG-768x1086.jpg 768w, https:\/\/jvg.lv\/new\/wp-content\/uploads\/2021\/10\/Svetku_apgerbs_JVG-1086x1536.jpg 1086w, https:\/\/jvg.lv\/new\/wp-content\/uploads\/2021\/10\/Svetku_apgerbs_JVG-1448x2048.jpg 1448w, https:\/\/jvg.lv\/new\/wp-content\/uploads\/2021\/10\/Svetku_apgerbs_JVG.jpg 1587w\" sizes=\"auto, (max-width: 212px) 100vw, 212px\" \/><\/a><\/figure>\n<\/div>\n<\/div>\n\n\n\n<h4 class=\"wp-block-heading has-medium-font-size\" id=\"etikas-kodekss\"><a href=\"http:\/\/jvg.lv\/new\/wp-content\/uploads\/2021\/10\/Etikas_kodekss.pdf\">\u0112tikas kodekss<\/a><\/h4>\n\n\n\n<h4 class=\"wp-block-heading has-medium-font-size\" id=\"skolenu-skolas-apmeklejuma-kartiba\"><a href=\"http:\/\/jvg.lv\/new\/wp-content\/uploads\/2022\/01\/Skolas-apmeklejums.pdf\">Skol\u0113nu skolas apmekl\u0113juma k\u0101rt\u012bba<\/a><\/h4>\n\n\n\n<h4 class=\"wp-block-heading has-medium-font-size\" id=\"ierosinajumu-iebildumu-izteiksanas-kartiba\"><a href=\"http:\/\/jvg.lv\/new\/wp-content\/uploads\/2022\/01\/ierosinajumi.pdf\">Ierosin\u0101jumu\/iebildumu izteik\u0161anas k\u0101rt\u012bba<\/a><\/h4>\n\n\n\n<h4 class=\"wp-block-heading has-medium-font-size\"><a href=\"https:\/\/jvg.lv\/new\/wp-content\/uploads\/2022\/12\/apbalvos_kartiba_2022.pdf\">Apbalvojumu pie\u0161\u0137ir\u0161anas k\u0101rt\u012bba JV\u0122 skol\u0113niem<\/a><\/h4>\n\n\n\n<h4 class=\"wp-block-heading has-medium-font-size\" id=\"bibliotekas-lietosanas-noteikumi\"><a href=\"https:\/\/jvg.lv\/new\/wp-content\/uploads\/2025\/09\/bibliot_lietos_noteik_2025.pdf\">Bibliot\u0113kas lieto\u0161anas noteikumi<\/a><\/h4>\n\n\n\n<h4 class=\"wp-block-heading has-medium-font-size\" id=\"ieksejas-kartibas-noteikumi-sporta-stundas-un-arpusstundu-nodarbibas\"><a href=\"http:\/\/jvg.lv\/new\/wp-content\/uploads\/2022\/01\/Sports.pdf\">Iek\u0161\u0113j\u0101s k\u0101rt\u012bbas noteikumi sporta stund\u0101s un \u0101rpusstundu nodarb\u012bb\u0101s<\/a><\/h4>\n\n\n\n<h4 class=\"wp-block-heading has-medium-font-size\"><a href=\"https:\/\/jvg.lv\/new\/wp-content\/uploads\/2023\/09\/Foto_filmes_audio_veiks_kartiba.pdf\">Fotograf\u0113\u0161anas, film\u0113\u0161anas un audioierakstu veik\u0161anas k\u0101rt\u012bba<\/a><\/h4>\n\n\n\n<h4 class=\"wp-block-heading has-medium-font-size\"><a href=\"https:\/\/jvg.lv\/new\/wp-content\/uploads\/2025\/09\/iesnieg_celojums_arzemes.docx\">Iesniegums par \u0123imenes ce\u013cojumu \u0101rpus Latvijas m\u0101c\u012bbu procesa laik\u0101<\/a><\/h4>\n\n\n\n<p><\/p>\n","protected":false},"excerpt":{"rendered":"<p>Iek\u0161\u0113j\u0101s k\u0101rt\u012bbas noteikumi Groz\u012bjumi iek\u0161\u0113j\u0101s k\u0101rt\u012bbas noteikumos (10.09.2024.) Groz\u012bjumi iek\u0161\u0113j\u0101s k\u0101rt\u012bbas noteikumos (10.02.2023.) Groz\u012bjumi iek\u0161\u0113j\u0101s k\u0101rt\u012bbas noteikumos (25.01.2023.) Groz\u012bjumi&nbsp;J\u016brmalas Valsts [&hellip;]<\/p>\n","protected":false},"author":1,"featured_media":0,"parent":200,"menu_order":0,"comment_status":"closed","ping_status":"closed","template":"","meta":{"ngg_post_thumbnail":0,"footnotes":""},"class_list":["post-230","page","type-page","status-publish","hentry"],"_links":{"self":[{"href":"https:\/\/jvg.lv\/new\/index.php?rest_route=\/wp\/v2\/pages\/230","targetHints":{"allow":["GET"]}}],"collection":[{"href":"https:\/\/jvg.lv\/new\/index.php?rest_route=\/wp\/v2\/pages"}],"about":[{"href":"https:\/\/jvg.lv\/new\/index.php?rest_route=\/wp\/v2\/types\/page"}],"author":[{"embeddable":true,"href":"https:\/\/jvg.lv\/new\/index.php?rest_route=\/wp\/v2\/users\/1"}],"replies":[{"embeddable":true,"href":"https:\/\/jvg.lv\/new\/index.php?rest_route=%2Fwp%2Fv2%2Fcomments&post=230"}],"version-history":[{"count":94,"href":"https:\/\/jvg.lv\/new\/index.php?rest_route=\/wp\/v2\/pages\/230\/revisions"}],"predecessor-version":[{"id":4612,"href":"https:\/\/jvg.lv\/new\/index.php?rest_route=\/wp\/v2\/pages\/230\/revisions\/4612"}],"up":[{"embeddable":true,"href":"https:\/\/jvg.lv\/new\/index.php?rest_route=\/wp\/v2\/pages\/200"}],"wp:attachment":[{"href":"https:\/\/jvg.lv\/new\/index.php?rest_route=%2Fwp%2Fv2%2Fmedia&parent=230"}],"curies":[{"name":"wp","href":"https:\/\/api.w.org\/{rel}","templated":true}]}}