{"id":200,"date":"2021-10-06T18:22:21","date_gmt":"2021-10-06T18:22:21","guid":{"rendered":"http:\/\/jvgmac.local\/?page_id=200"},"modified":"2026-03-18T10:43:46","modified_gmt":"2026-03-18T08:43:46","slug":"dokumentacija","status":"publish","type":"page","link":"https:\/\/jvg.lv\/new\/?page_id=200","title":{"rendered":"Dokumenti"},"content":{"rendered":"\n<h4 class=\"wp-block-heading\" id=\"jvg-nolikums\">J\u016brmalas Valsts \u0123imn\u0101zijas nolikums <\/h4>\n\n\n\n<div class=\"wp-block-buttons is-layout-flex wp-block-buttons-is-layout-flex\">\n<div class=\"wp-block-button is-style-outline is-style-outline--1\"><a class=\"wp-block-button__link wp-element-button\" href=\"https:\/\/jvg.lv\/new\/wp-content\/uploads\/2022\/11\/JVG_nolikums_2022.pdf\">\u0160eit<\/a><\/div>\n<\/div>\n\n\n\n<h4 class=\"wp-block-heading\" id=\"gimnazijas-izglitojamo-pasparvaldes-reglaments\">J\u016brmalas Valsts \u0123imn\u0101zijas skol\u0113nu pa\u0161p\u0101rvaldes nolikums<\/h4>\n\n\n\n<div class=\"wp-block-buttons is-layout-flex wp-block-buttons-is-layout-flex\">\n<div class=\"wp-block-button is-style-outline is-style-outline--2\"><a class=\"wp-block-button__link wp-element-button\" href=\"https:\/\/jvg.lv\/new\/wp-content\/uploads\/2022\/11\/pasparvaldes_nolikums_22.pdf\">\u0160eit<\/a><\/div>\n<\/div>\n\n\n\n<h4 class=\"wp-block-heading\">Att\u012bst\u012bbas pl\u0101ns 2022.\/2023. (II pusgads) &#8211; 2024.\/2025. m. g. (projekts)<\/h4>\n\n\n\n<div class=\"wp-block-buttons is-layout-flex wp-block-buttons-is-layout-flex\">\n<div class=\"wp-block-button is-style-outline is-style-outline--3\"><a class=\"wp-block-button__link wp-element-button\" href=\"https:\/\/jvg.lv\/new\/wp-content\/uploads\/2023\/02\/attistibas_plana_23_25_projekts.pdf\">\u0160eit<\/a><\/div>\n<\/div>\n\n\n\n<h4 class=\"wp-block-heading\">Darba pl\u0101ns 2024.\/2025. m\u0101c\u012bbu gadam<\/h4>\n\n\n\n<div class=\"wp-block-buttons is-layout-flex wp-block-buttons-is-layout-flex\">\n<div class=\"wp-block-button is-style-outline is-style-outline--4\"><a class=\"wp-block-button__link wp-element-button\" href=\"https:\/\/jvg.lv\/new\/wp-content\/uploads\/2025\/04\/darba_plans_2024_2025.pdf\">\u0160eit<\/a><\/div>\n<\/div>\n\n\n\n<h4 class=\"wp-block-heading\">Izgl\u012bt\u012bbas un zin\u0101tnes ministrijas v\u0113stule J\u016brmalas Valsts \u0123imn\u0101zijai &#8220;Par izgl\u012bt\u012bbas iest\u0101des atbilst\u012bbu valsts \u0123imn\u0101zijas statusam&#8221;<\/h4>\n\n\n\n<div class=\"wp-block-buttons is-layout-flex wp-block-buttons-is-layout-flex\">\n<div class=\"wp-block-button is-style-outline is-style-outline--5\"><a class=\"wp-block-button__link wp-element-button\" href=\"https:\/\/jvg.lv\/new\/wp-content\/uploads\/2026\/03\/IZMvest_11.03.2026_Par_JVG-statusu.pdf\">\u0160eit<\/a><\/div>\n<\/div>\n\n\n\n<h4 class=\"wp-block-heading\" id=\"trauksmes-celaji\">Trauksmes c\u0113l\u0101ji<\/h4>\n\n\n\n<div class=\"wp-block-buttons is-layout-flex wp-block-buttons-is-layout-flex\">\n<div class=\"wp-block-button is-style-outline is-style-outline--6\"><a class=\"wp-block-button__link wp-element-button\" href=\"https:\/\/jvg.lv\/new\/wp-content\/uploads\/2023\/02\/attistibas_plana_23_25_projekts.pdf\">\u0160eit<\/a><\/div>\n<\/div>\n\n\n\n<h4 class=\"wp-block-heading\">Informat\u012bvais pazi\u0146ojums par izgl\u012btojamo personas datu apstr\u0101di<\/h4>\n\n\n\n<div class=\"wp-block-buttons is-layout-flex wp-block-buttons-is-layout-flex\">\n<div class=\"wp-block-button is-style-outline is-style-outline--7\"><a class=\"wp-block-button__link wp-element-button\" href=\"http:\/\/jvg.lv\/new\/wp-content\/uploads\/2022\/11\/Informativais-pazinojums-par-izglitojamo-personas-datu-apstradi_Jurmala_2022.pdf\">\u0160eit<\/a><\/div>\n<\/div>\n\n\n\n<h4 class=\"wp-block-heading\">Audzin\u0101\u0161anas programma<\/h4>\n\n\n\n<div class=\"wp-block-buttons is-layout-flex wp-block-buttons-is-layout-flex\">\n<div class=\"wp-block-button is-style-outline is-style-outline--8\"><a class=\"wp-block-button__link wp-element-button\" href=\"https:\/\/jvg.lv\/new\/wp-content\/uploads\/2023\/02\/Audzinasanas_programma.pdf\">\u0160eit<\/a><\/div>\n<\/div>\n\n\n\n<h4 class=\"wp-block-heading\">J\u016brmalas Valsts \u0123imn\u0101zijas audzin\u0101\u0161anas darba izv\u0113rt\u0113jums 2021.\/2022. m. g.<\/h4>\n\n\n\n<div class=\"wp-block-buttons is-layout-flex wp-block-buttons-is-layout-flex\">\n<div class=\"wp-block-button is-style-outline is-style-outline--9\"><a class=\"wp-block-button__link wp-element-button\" href=\"https:\/\/jvg.lv\/new\/wp-content\/uploads\/2023\/01\/audzin_darba_izvertej_2021_2022.pdf\">\u0160eit<\/a><\/div>\n<\/div>\n","protected":false},"excerpt":{"rendered":"<p>J\u016brmalas Valsts \u0123imn\u0101zijas nolikums J\u016brmalas Valsts \u0123imn\u0101zijas skol\u0113nu pa\u0161p\u0101rvaldes nolikums Att\u012bst\u012bbas pl\u0101ns 2022.\/2023. (II pusgads) &#8211; 2024.\/2025. m. g. (projekts) [&hellip;]<\/p>\n","protected":false},"author":1,"featured_media":0,"parent":66,"menu_order":0,"comment_status":"closed","ping_status":"closed","template":"","meta":{"ngg_post_thumbnail":0,"footnotes":""},"class_list":["post-200","page","type-page","status-publish","hentry"],"_links":{"self":[{"href":"https:\/\/jvg.lv\/new\/index.php?rest_route=\/wp\/v2\/pages\/200","targetHints":{"allow":["GET"]}}],"collection":[{"href":"https:\/\/jvg.lv\/new\/index.php?rest_route=\/wp\/v2\/pages"}],"about":[{"href":"https:\/\/jvg.lv\/new\/index.php?rest_route=\/wp\/v2\/types\/page"}],"author":[{"embeddable":true,"href":"https:\/\/jvg.lv\/new\/index.php?rest_route=\/wp\/v2\/users\/1"}],"replies":[{"embeddable":true,"href":"https:\/\/jvg.lv\/new\/index.php?rest_route=%2Fwp%2Fv2%2Fcomments&post=200"}],"version-history":[{"count":42,"href":"https:\/\/jvg.lv\/new\/index.php?rest_route=\/wp\/v2\/pages\/200\/revisions"}],"predecessor-version":[{"id":4890,"href":"https:\/\/jvg.lv\/new\/index.php?rest_route=\/wp\/v2\/pages\/200\/revisions\/4890"}],"up":[{"embeddable":true,"href":"https:\/\/jvg.lv\/new\/index.php?rest_route=\/wp\/v2\/pages\/66"}],"wp:attachment":[{"href":"https:\/\/jvg.lv\/new\/index.php?rest_route=%2Fwp%2Fv2%2Fmedia&parent=200"}],"curies":[{"name":"wp","href":"https:\/\/api.w.org\/{rel}","templated":true}]}}