{"id":197,"date":"2021-10-06T17:10:57","date_gmt":"2021-10-06T17:10:57","guid":{"rendered":"http:\/\/jvgmac.local\/?page_id=197"},"modified":"2026-01-23T14:20:24","modified_gmt":"2026-01-23T12:20:24","slug":"skolas-komanda","status":"publish","type":"page","link":"https:\/\/jvg.lv\/new\/?page_id=197","title":{"rendered":"Skolas komanda"},"content":{"rendered":"\n<div class=\"wp-block-group alignfull has-vivid-cyan-blue-color has-text-color has-background is-layout-flow wp-block-group-is-layout-flow\" style=\"background-color:#ffffff\">\n<p style=\"font-size:59px\"><span style=\"color:#0693e3\" class=\"tadv-color\">VAD\u012aBAS KOMANDA<\/span><\/p>\n\n\n\n<figure class=\"wp-block-table is-style-stripes\"><table><tbody><tr><td>Ieva Taranda<\/td><td>Direktors<\/td><\/tr><tr><td>Li\u0101na Annu\u0161k\u0101ne&nbsp;<\/td><td>Direktora vietnieks IT&nbsp;jom\u0101<\/td><\/tr><tr><td>Signe B\u0113rzi\u0146a&nbsp;<\/td><td>Direktora vietnieks izgl\u012bt\u012bbas jom\u0101 1. &#8211; 4. klas\u0113m<\/td><\/tr><tr><td>Anete Anna Bern\u0101ne<\/td><td>Direktora vietnieks audzin\u0101\u0161anas darb\u0101 1. &#8211; 4. klas\u0113m<\/td><\/tr><tr><td>Jana France<\/td><td>Izgl\u012bt\u012bbas metodi\u0137is&nbsp;<\/td><\/tr><tr><td>Ilze Paeg\u013ckalne<\/td><td>Direktora vietnieks izgl\u012bt\u012bbas jom\u0101 10. &#8211; 12. klas\u0113m<\/td><\/tr><tr><td>L\u0101sma S\u016bni\u0146a<\/td><td>Direktora vietnieks izgl\u012bt\u012bbas jom\u0101 5. &#8211; 9. klas\u0113m<\/td><\/tr><tr><td>And\u017eela \u0160usti\u0146a&nbsp;<\/td><td>Direktora vietnieks audzin\u0101\u0161anas darb\u0101 5. &#8211; 12. klas\u0113m<\/td><\/tr><tr><td>Gita Tij\u0101re&nbsp;<\/td><td>Projektu vad\u012bt\u0101js<\/td><\/tr><tr><td>Vinita Sold\u0101ne<\/td><td>Saimniec\u012bbas vad\u012bt\u0101js<\/td><\/tr><\/tbody><\/table><\/figure>\n<\/div>\n\n\n\n<div class=\"wp-block-group alignfull has-vivid-cyan-blue-color has-text-color has-background is-layout-flow wp-block-group-is-layout-flow\" style=\"background-color:#ffffff\">\n<p style=\"font-size:59px\"><span style=\"color:#0693e3\" class=\"tadv-color\">SKOLOT\u0100JI<\/span><\/p>\n\n\n\n<figure class=\"wp-block-table is-style-regular\"><table><tbody><tr><td class=\"has-text-align-left\" data-align=\"left\">Annu\u0161k\u0101ne Li\u0101na<\/td><td>Datorika<\/td><\/tr><tr><td class=\"has-text-align-left\" data-align=\"left\">Anstrangs Rihards<\/td><td>M\u016bzika<\/td><\/tr><tr><td class=\"has-text-align-left\" data-align=\"left\">Avoti\u0146a Krist\u012bne<\/td><td>Fizika<\/td><\/tr><tr><td class=\"has-text-align-left\" data-align=\"left\">\u0100bel\u012bte Inese<\/td><td>Latvie\u0161u valoda un literat\u016bra<\/td><\/tr><tr><td class=\"has-text-align-left\" data-align=\"left\">Babre &#8211; Mironovi\u010da Aivita<\/td><td>S\u0101kumskola<\/td><\/tr><tr><td class=\"has-text-align-left\" data-align=\"left\">B\u0113rzi\u0146a Signe<\/td><td>Ang\u013cu valoda<\/td><\/tr><tr><td class=\"has-text-align-left\" data-align=\"left\">Brikmane Dace<\/td><td>M\u016bzika<\/td><\/tr><tr><td class=\"has-text-align-left\" data-align=\"left\">Buholte Laura<\/td><td>Vizu\u0101l\u0101 m\u0101ksla, kult\u016bras mened\u017ements<\/td><\/tr><tr><td class=\"has-text-align-left\" data-align=\"left\">But\u0101ne Ludmila<\/td><td>Sports un vesel\u012bba<\/td><\/tr><tr><td class=\"has-text-align-left\" data-align=\"left\">Celmi\u0146a Indra<\/td><td>S\u0101kumskola<\/td><\/tr><tr><td class=\"has-text-align-left\" data-align=\"left\">Cim\u017ea Gundega<\/td><td>Dizains un tehnolo\u0123ijas, tehnisk\u0101 grafika, Fran\u010du valoda<\/td><\/tr><tr><td class=\"has-text-align-left\" data-align=\"left\">Cvetkova Ineta<\/td><td>Ang\u013cu&nbsp;valoda<\/td><\/tr><tr><td class=\"has-text-align-left\" data-align=\"left\">Dambure Monta<\/td><td>Vizu\u0101l\u0101&nbsp;m\u0101ksla<\/td><\/tr><tr><td class=\"has-text-align-left\" data-align=\"left\">D\u017eafarova An\u017eela<\/td><td>Programm\u0113\u0161ana<\/td><\/tr><tr><td class=\"has-text-align-left\" data-align=\"left\">Ernestsone Aiva<\/td><td>S\u0101kumskola<\/td><\/tr><tr><td class=\"has-text-align-left\" data-align=\"left\">France Jana<\/td><td>\u0122eogr\u0101fija<\/td><\/tr><tr><td class=\"has-text-align-left\" data-align=\"left\">Fr\u012bdenberga Daina<\/td><td>M\u016bzika<\/td><\/tr><tr><td class=\"has-text-align-left\" data-align=\"left\">Gr\u012bnhofa Anita<\/td><td>Latvie\u0161u valoda un literat\u016bra<\/td><\/tr><tr><td class=\"has-text-align-left\" data-align=\"left\">Gurdi\u0161a M\u0101r\u012bte<\/td><td>Biolo\u0123ija<\/td><\/tr><tr><td class=\"has-text-align-left\" data-align=\"left\">Jablonska Ing\u016bna<\/td><td>Matem\u0101tika<\/td><\/tr><tr><td class=\"has-text-align-left\" data-align=\"left\">Jablonska Madara<\/td><td>Matem\u0101tika<\/td><\/tr><tr><td class=\"has-text-align-left\" data-align=\"left\">Jansone Dace<\/td><td>Matem\u0101tika<\/td><\/tr><tr><td class=\"has-text-align-left\" data-align=\"left\">Jaunk\u013cavi\u0146a Vivita<\/td><td>Latvie\u0161u valoda un literat\u016bra, te\u0101tra m\u0101ksla<\/td><\/tr><tr><td class=\"has-text-align-left\" data-align=\"left\">Kagainis M\u0101rti\u0146\u0161<\/td><td>Publisk\u0101&nbsp;runa, multimediju komunik\u0101cija<\/td><\/tr><tr><td class=\"has-text-align-left\" data-align=\"left\">Karole Benita<\/td><td>Latvie\u0161u valoda un literat\u016bra<\/td><\/tr><tr><td class=\"has-text-align-left\" data-align=\"left\">Kazakevi\u010da Viktorija<\/td><td>Soci\u0101l\u0101s zin\u012bbas un v\u0113sture<\/td><\/tr><tr><td class=\"has-text-align-left\" data-align=\"left\">Kazlauska Linda<\/td><td>Sports un vesel\u012bba<\/td><\/tr><tr><td class=\"has-text-align-left\" data-align=\"left\">Komarova Ilze<\/td><td>S\u0101kumskola<\/td><\/tr><tr><td class=\"has-text-align-left\" data-align=\"left\">Kr\u016bmberga Indra<\/td><td>Biolo\u0123ija, dabaszin\u012bbas<\/td><\/tr><tr><td class=\"has-text-align-left\" data-align=\"left\">Legzdi\u0146a Antra<\/td><td>Pagarin\u0101t\u0101s dienas grupa<\/td><\/tr><tr><td class=\"has-text-align-left\" data-align=\"left\">Leinerts J\u0101nis<\/td><td>Soci\u0101l\u0101s zin\u012bbas, v\u0113sture, Latvijas un pasaules v\u0113sture<\/td><\/tr><tr><td class=\"has-text-align-left\" data-align=\"left\">Lev\u0101ne Maija<\/td><td>V\u0101cu valoda<\/td><\/tr><tr><td class=\"has-text-align-left\" data-align=\"left\">Liepa Laila<\/td><td>\u0136\u012bmija<\/td><\/tr><tr><td class=\"has-text-align-left\" data-align=\"left\">Liepa M\u0101rti\u0146\u0161<\/td><td>Sports un vesel\u012bba<\/td><\/tr><tr><td class=\"has-text-align-left\" data-align=\"left\">Liepi\u0146a Gunta<\/td><td>S\u0101kumskola, ang\u013cu valoda<\/td><\/tr><tr><td class=\"has-text-align-left\" data-align=\"left\">Lotovina El\u012bna<\/td><td>Krievu valoda<\/td><\/tr><tr><td class=\"has-text-align-left\" data-align=\"left\">Ma\u013cecka Ilona<\/td><td>Pagarin\u0101t\u0101s dienas grupa<\/td><\/tr><tr><td class=\"has-text-align-left\" data-align=\"left\">Mieze Sigita<\/td><td>S\u0101kumskola<\/td><\/tr><tr><td class=\"has-text-align-left\" data-align=\"left\">Ose Silga<\/td><td>Sports un vesel\u012bba<\/td><\/tr><tr><td class=\"has-text-align-left\" data-align=\"left\">Otersone &#8211; Andersone Nelda<\/td><td>Dizains un tehnolo\u0123ijas, vizu\u0101l\u0101 m\u0101ksla<\/td><\/tr><tr><td class=\"has-text-align-left\" data-align=\"left\">Paeg\u013ckalne Ilze<\/td><td>Latvie\u0161u valoda un literat\u016bra<\/td><\/tr><tr><td class=\"has-text-align-left\" data-align=\"left\">Pliene Inese<\/td><td>Krievu valoda<\/td><\/tr><tr><td class=\"has-text-align-left\" data-align=\"left\">Pokromovi\u010da Ina<\/td><td>\u0122eogr\u0101fija<\/td><\/tr><tr><td class=\"has-text-align-left\" data-align=\"left\">Prince Dace<\/td><td>Pagarin\u0101t\u0101s dienas grupa<\/td><\/tr><tr><td class=\"has-text-align-left\" data-align=\"left\">Puri\u0146a Baiba<\/td><td>Latvie\u0161u valoda un literat\u016bra<\/td><\/tr><tr><td class=\"has-text-align-left\" data-align=\"left\">Renesl\u0101cis Eduards<\/td><td>Datorika<\/td><\/tr><tr><td class=\"has-text-align-left\" data-align=\"left\">Rieksti\u0146\u0161 &#8211; Maure Gaidis<\/td><td>Dabaszin\u012bbas, fizika<\/td><\/tr><tr><td class=\"has-text-align-left\" data-align=\"left\">Sila Solvita<\/td><td>Ang\u013cu valoda<\/td><\/tr><tr><td class=\"has-text-align-left\" data-align=\"left\">Sirm\u0101 Rita<\/td><td>Dizains un tehnolo\u0123ijas<\/td><\/tr><tr><td class=\"has-text-align-left\" data-align=\"left\">Skrapce El\u012bna<\/td><td>Dizains un tehnolo\u0123ijas, vizu\u0101l\u0101 m\u0101ksla<\/td><\/tr><tr><td class=\"has-text-align-left\" data-align=\"left\">Sli\u0161\u0101ne Leila<\/td><td>S\u0101kumskola<\/td><\/tr><tr><td class=\"has-text-align-left\" data-align=\"left\">Spale Anda<\/td><td>M\u016bzika<\/td><\/tr><tr><td class=\"has-text-align-left\" data-align=\"left\">Spuri\u0146a L\u012bga<\/td><td>Sports un vesel\u012bba<\/td><\/tr><tr><td class=\"has-text-align-left\" data-align=\"left\">Studente Daniela<\/td><td>Sp\u0101\u0146u valoda<\/td><\/tr><tr><td class=\"has-text-align-left\" data-align=\"left\">S\u016bni\u0146a L\u0101sma<\/td><td>Klases audzin\u0101\u0161ana<\/td><\/tr><tr><td class=\"has-text-align-left\" data-align=\"left\">Sviklis Ernests<\/td><td>V\u0113sture<\/td><\/tr><tr><td class=\"has-text-align-left\" data-align=\"left\">\u0160aknere Jolanta<\/td><td>Matem\u0101tika<\/td><\/tr><tr><td class=\"has-text-align-left\" data-align=\"left\">\u0160imkus Maira<\/td><td>Pagarin\u0101t\u0101s dienas grupa<\/td><\/tr><tr><td class=\"has-text-align-left\" data-align=\"left\">\u0160irina Inese<\/td><td>S\u0101kumskola<\/td><\/tr><tr><td class=\"has-text-align-left\" data-align=\"left\">\u0160teimane Sab\u012bne<\/td><td>Soci\u0101l\u0101s zin\u012bbas un v\u0113sture<\/td><\/tr><tr><td class=\"has-text-align-left\" data-align=\"left\">\u0160\u0137ipars Gundars<\/td><td>Datorika<\/td><\/tr><tr><td class=\"has-text-align-left\" data-align=\"left\">\u0160t\u0101la Iveta<\/td><td>V\u0101cu valoda<\/td><\/tr><tr><td class=\"has-text-align-left\" data-align=\"left\">\u0160usti\u0146a And\u017eela<\/td><td>Latvie\u0161u valoda un literat\u016bra<\/td><\/tr><tr><td class=\"has-text-align-left\" data-align=\"left\">\u0160\u016bmane Inga<\/td><td>S\u0101kumskola<\/td><\/tr><tr><td class=\"has-text-align-left\" data-align=\"left\">T\u0101lzeme Ineta<\/td><td>S\u0101kumskola<\/td><\/tr><tr><td class=\"has-text-align-left\" data-align=\"left\">Treidis Aivars<\/td><td>Ang\u013cu valoda<\/td><\/tr><tr><td class=\"has-text-align-left\" data-align=\"left\">Umbra\u0161ko Dace<\/td><td>Te\u0101tra m\u0101ksla<\/td><\/tr><tr><td class=\"has-text-align-left\" data-align=\"left\">\u016azuli\u0146a Sintija<\/td><td>Ang\u013cu valoda<\/td><\/tr><tr><td class=\"has-text-align-left\" data-align=\"left\">Valdmane Inese<\/td><td>S\u0101kumskola<\/td><\/tr><tr><td class=\"has-text-align-left\" data-align=\"left\">Valere Sandra<\/td><td>S\u0101kumskola, ang\u013cu valoda<\/td><\/tr><tr><td class=\"has-text-align-left\" data-align=\"left\">V\u0113gners Rolands<\/td><td>Dizains un tehnolo\u0123ijas<\/td><\/tr><tr><td class=\"has-text-align-left\" data-align=\"left\">V\u012btola Annija Anna<\/td><td>S\u0101kumskola<\/td><\/tr><tr><td class=\"has-text-align-left\" data-align=\"left\">Zandovska Dace<\/td><td>Matem\u0101tika<\/td><\/tr><\/tbody><\/table><\/figure>\n\n\n\n<p><\/p>\n<\/div>\n\n\n\n<div class=\"wp-block-group alignfull has-text-color has-background is-layout-flow wp-block-group-is-layout-flow\" style=\"color:#000000;background-color:#ffffff\">\n<p style=\"font-size:59px\"><span style=\"color:#0693e3\" class=\"tadv-color\">BIBLIOTEK\u0100RI<\/span><\/p>\n\n\n\n<figure class=\"wp-block-table is-style-stripes\"><table class=\"has-vivid-cyan-blue-color has-text-color\"><tbody><tr><td class=\"has-text-align-left\" data-align=\"left\">Celmi\u0146a Indra<\/td><td>Bibliotek\u0101rs<\/td><\/tr><tr><td class=\"has-text-align-left\" data-align=\"left\">Hme\u013c\u0146icka Laura<\/td><td>Bibliotek\u0101rs<\/td><\/tr><\/tbody><\/table><\/figure>\n<\/div>\n\n\n\n<div class=\"wp-block-group alignfull has-text-color has-background is-layout-flow wp-block-group-is-layout-flow\" style=\"color:#000000;background-color:#ffffff\">\n<p style=\"font-size:59px\"><span style=\"color:#0693e3\" class=\"tadv-color\">ATBALSTA PERSON\u0100LS<\/span><\/p>\n\n\n\n<figure class=\"wp-block-table is-style-stripes\"><table class=\"has-vivid-cyan-blue-color has-text-color\"><tbody><tr><td class=\"has-text-align-left\" data-align=\"left\">Lotovina El\u012bna<\/td><td>Soci\u0101lais pedagogs<\/td><\/tr><tr><td class=\"has-text-align-left\" data-align=\"left\">P\u012brante Dace<\/td><td>Pedagoga pal\u012bgs<\/td><\/tr><tr><td class=\"has-text-align-left\" data-align=\"left\">Petrovska Ir\u0113na<\/td><td>Pedagoga pal\u012bgs<\/td><\/tr><tr><td class=\"has-text-align-left\" data-align=\"left\">Prince Dace<\/td><td>Pedagoga pal\u012bgs<\/td><\/tr><tr><td class=\"has-text-align-left\" data-align=\"left\">Solonar Inna<\/td><td>Pedagoga pal\u012bgs<\/td><\/tr><tr><td class=\"has-text-align-left\" data-align=\"left\">Spale Anda<\/td><td>Speci\u0101lais pedagogs<\/td><\/tr><tr><td class=\"has-text-align-left\" data-align=\"left\">Valdmane Inese<\/td><td>Skolot\u0101js logop\u0113ds<\/td><\/tr><\/tbody><\/table><\/figure>\n<\/div>\n\n\n\n<p><\/p>\n","protected":false},"excerpt":{"rendered":"<p>VAD\u012aBAS KOMANDA Ieva Taranda Direktors Li\u0101na Annu\u0161k\u0101ne&nbsp; Direktora vietnieks IT&nbsp;jom\u0101 Signe B\u0113rzi\u0146a&nbsp; Direktora vietnieks izgl\u012bt\u012bbas jom\u0101 1. &#8211; 4. klas\u0113m [&hellip;]<\/p>\n","protected":false},"author":1,"featured_media":0,"parent":66,"menu_order":0,"comment_status":"closed","ping_status":"closed","template":"","meta":{"ngg_post_thumbnail":0,"footnotes":""},"class_list":["post-197","page","type-page","status-publish","hentry"],"_links":{"self":[{"href":"https:\/\/jvg.lv\/new\/index.php?rest_route=\/wp\/v2\/pages\/197","targetHints":{"allow":["GET"]}}],"collection":[{"href":"https:\/\/jvg.lv\/new\/index.php?rest_route=\/wp\/v2\/pages"}],"about":[{"href":"https:\/\/jvg.lv\/new\/index.php?rest_route=\/wp\/v2\/types\/page"}],"author":[{"embeddable":true,"href":"https:\/\/jvg.lv\/new\/index.php?rest_route=\/wp\/v2\/users\/1"}],"replies":[{"embeddable":true,"href":"https:\/\/jvg.lv\/new\/index.php?rest_route=%2Fwp%2Fv2%2Fcomments&post=197"}],"version-history":[{"count":117,"href":"https:\/\/jvg.lv\/new\/index.php?rest_route=\/wp\/v2\/pages\/197\/revisions"}],"predecessor-version":[{"id":4772,"href":"https:\/\/jvg.lv\/new\/index.php?rest_route=\/wp\/v2\/pages\/197\/revisions\/4772"}],"up":[{"embeddable":true,"href":"https:\/\/jvg.lv\/new\/index.php?rest_route=\/wp\/v2\/pages\/66"}],"wp:attachment":[{"href":"https:\/\/jvg.lv\/new\/index.php?rest_route=%2Fwp%2Fv2%2Fmedia&parent=197"}],"curies":[{"name":"wp","href":"https:\/\/api.w.org\/{rel}","templated":true}]}}