{"id":1833,"date":"2023-02-09T09:55:48","date_gmt":"2023-02-09T07:55:48","guid":{"rendered":"https:\/\/jvg.lv\/new\/?page_id=1833"},"modified":"2025-03-05T16:21:41","modified_gmt":"2025-03-05T14:21:41","slug":"biezak-uzdotie-jautajumi","status":"publish","type":"page","link":"https:\/\/jvg.lv\/new\/?page_id=1833","title":{"rendered":"Bie\u017e\u0101k uzdotie jaut\u0101jumi"},"content":{"rendered":"\n<figure class=\"wp-block-image aligncenter size-large is-resized\"><a href=\"https:\/\/jvg.lv\/new\/wp-content\/uploads\/2024\/09\/Izmainas_vertesanaa_2024-scaled.jpg\"><img loading=\"lazy\" decoding=\"async\" width=\"724\" height=\"1024\" src=\"https:\/\/jvg.lv\/new\/wp-content\/uploads\/2024\/09\/Izmainas_vertesanaa_2024-724x1024.jpg\" alt=\"\" class=\"wp-image-3665\" style=\"width:263px\" srcset=\"https:\/\/jvg.lv\/new\/wp-content\/uploads\/2024\/09\/Izmainas_vertesanaa_2024-724x1024.jpg 724w, https:\/\/jvg.lv\/new\/wp-content\/uploads\/2024\/09\/Izmainas_vertesanaa_2024-212x300.jpg 212w, https:\/\/jvg.lv\/new\/wp-content\/uploads\/2024\/09\/Izmainas_vertesanaa_2024-768x1086.jpg 768w, https:\/\/jvg.lv\/new\/wp-content\/uploads\/2024\/09\/Izmainas_vertesanaa_2024-1086x1536.jpg 1086w, https:\/\/jvg.lv\/new\/wp-content\/uploads\/2024\/09\/Izmainas_vertesanaa_2024-1448x2048.jpg 1448w, https:\/\/jvg.lv\/new\/wp-content\/uploads\/2024\/09\/Izmainas_vertesanaa_2024-scaled.jpg 1810w\" sizes=\"auto, (max-width: 724px) 100vw, 724px\" \/><\/a><\/figure>\n\n\n\n<figure class=\"wp-block-image aligncenter size-large is-resized\"><a href=\"https:\/\/jvg.lv\/new\/wp-content\/uploads\/2025\/03\/Formativa_parb_darba_vertesana.jpg\"><img loading=\"lazy\" decoding=\"async\" width=\"724\" height=\"1024\" src=\"https:\/\/jvg.lv\/new\/wp-content\/uploads\/2025\/03\/Formativa_parb_darba_vertesana-724x1024.jpg\" alt=\"\" class=\"wp-image-4170\" style=\"width:263px\" srcset=\"https:\/\/jvg.lv\/new\/wp-content\/uploads\/2025\/03\/Formativa_parb_darba_vertesana-724x1024.jpg 724w, https:\/\/jvg.lv\/new\/wp-content\/uploads\/2025\/03\/Formativa_parb_darba_vertesana-212x300.jpg 212w, https:\/\/jvg.lv\/new\/wp-content\/uploads\/2025\/03\/Formativa_parb_darba_vertesana-768x1086.jpg 768w, https:\/\/jvg.lv\/new\/wp-content\/uploads\/2025\/03\/Formativa_parb_darba_vertesana-1086x1536.jpg 1086w, https:\/\/jvg.lv\/new\/wp-content\/uploads\/2025\/03\/Formativa_parb_darba_vertesana-1448x2048.jpg 1448w, https:\/\/jvg.lv\/new\/wp-content\/uploads\/2025\/03\/Formativa_parb_darba_vertesana.jpg 1587w\" sizes=\"auto, (max-width: 724px) 100vw, 724px\" \/><\/a><\/figure>\n\n\n\n<p><strong><a href=\"https:\/\/jurmalalv-my.sharepoint.com\/:p:\/g\/personal\/liana_annuskane_edu_jurmala_lv\/EdxA5R5ktXdHj_mkmbqzdWoBeWbvD0bOtTnzyooLquZu6g?rtime=a-K8jHIK20g\" data-type=\"URL\" data-id=\"https:\/\/jurmalalv-my.sharepoint.com\/:p:\/g\/personal\/liana_annuskane_edu_jurmala_lv\/EdxA5R5ktXdHj_mkmbqzdWoBeWbvD0bOtTnzyooLquZu6g?rtime=a-K8jHIK20g\">Par&nbsp;skol\u0113nu&nbsp;sasniegumu&nbsp;v\u0113rt\u0113\u0161anu<\/a><\/strong><\/p>\n\n\n\n<p><a href=\"https:\/\/jvg.lv\/new\/wp-content\/uploads\/2023\/08\/1_klasu_vecaku_kopsapulce.pdf\"><strong>1. kla\u0161u vec\u0101ku kopsapulces prezent\u0101cija<\/strong><\/a><\/p>\n","protected":false},"excerpt":{"rendered":"<p>Par&nbsp;skol\u0113nu&nbsp;sasniegumu&nbsp;v\u0113rt\u0113\u0161anu 1. kla\u0161u vec\u0101ku kopsapulces prezent\u0101cija<\/p>\n","protected":false},"author":1,"featured_media":0,"parent":0,"menu_order":0,"comment_status":"closed","ping_status":"closed","template":"","meta":{"ngg_post_thumbnail":0,"footnotes":""},"class_list":["post-1833","page","type-page","status-publish","hentry"],"_links":{"self":[{"href":"https:\/\/jvg.lv\/new\/index.php?rest_route=\/wp\/v2\/pages\/1833","targetHints":{"allow":["GET"]}}],"collection":[{"href":"https:\/\/jvg.lv\/new\/index.php?rest_route=\/wp\/v2\/pages"}],"about":[{"href":"https:\/\/jvg.lv\/new\/index.php?rest_route=\/wp\/v2\/types\/page"}],"author":[{"embeddable":true,"href":"https:\/\/jvg.lv\/new\/index.php?rest_route=\/wp\/v2\/users\/1"}],"replies":[{"embeddable":true,"href":"https:\/\/jvg.lv\/new\/index.php?rest_route=%2Fwp%2Fv2%2Fcomments&post=1833"}],"version-history":[{"count":10,"href":"https:\/\/jvg.lv\/new\/index.php?rest_route=\/wp\/v2\/pages\/1833\/revisions"}],"predecessor-version":[{"id":4172,"href":"https:\/\/jvg.lv\/new\/index.php?rest_route=\/wp\/v2\/pages\/1833\/revisions\/4172"}],"wp:attachment":[{"href":"https:\/\/jvg.lv\/new\/index.php?rest_route=%2Fwp%2Fv2%2Fmedia&parent=1833"}],"curies":[{"name":"wp","href":"https:\/\/api.w.org\/{rel}","templated":true}]}}